{"id":408,"date":"2023-01-19T16:55:33","date_gmt":"2023-01-19T19:55:33","guid":{"rendered":"https:\/\/lajes.ticetb.com.br\/transparente\/index\/?page_id=408"},"modified":"2025-04-25T09:25:28","modified_gmt":"2025-04-25T12:25:28","slug":"decretos-2022","status":"publish","type":"page","link":"https:\/\/lajes.rn.gov.br\/transparente\/index\/decretos-2022\/","title":{"rendered":"Decretos 2022"},"content":{"rendered":"<div align=\"right\">|\u00a0<strong><a href=\"\/feed\" target=\"_blank\" rel=\"noopener\">XML\u2193<\/a><\/strong>\u00a0| <a href=\"https:\/\/lajes.rn.gov.br\/transparente\/index\/wp-content\/uploads\/2025\/04\/export.csv\" target=\"_blank\" rel=\"noopener\">\u00a0<strong>CSV\u2193<\/strong><\/a>\u00a0| <a href=\"?print=pdf\" target=\"_blank\" rel=\"noopener\"><strong>PDF<\/strong>\u2193<\/a>\u00a0\u00a0| <a href=\"?print=print\" target=\"_blank\" rel=\"noopener\"><strong>IMPRIMIR<\/strong>\u2193<\/a>\u00a0\u00a0|<\/div>\n<p>&nbsp;<\/p>\n<div class=\"pt-cv-wrapper\"><div class=\"pt-cv-view pt-cv-grid pt-cv-colsys\" id=\"pt-cv-view-9f78be1g6k\"><div data-id=\"pt-cv-page-1\" class=\"pt-cv-page\" data-cvc=\"1\"><div class=\"col-md-12 col-sm-12 col-xs-12 pt-cv-content-item pt-cv-1-col\" ><div class='pt-cv-ifield'><p class=\"pt-cv-title\"><a href=\"https:\/\/lajes.rn.gov.br\/transparente\/index\/decreto-municipal-no-036-2022-gp-estabelece-os-feriados-municipais-nacionais-e-os-dias-de-ponto-facultativo-no-ano-de-2023-e-da-outras-providencias\/\" class=\"_self\" target=\"_self\" >DECRETO MUNICIPAL N\u00ba 036\/2022 &#8211; GP &#8211; Estabelece\u00a0os\u00a0feriados municipais, nacionais e os dias de ponto facultativo no ano de 2023, e d\u00e1 outras providencias.<\/a><\/p><\/div><\/div>\n<div class=\"col-md-12 col-sm-12 col-xs-12 pt-cv-content-item pt-cv-1-col\" ><div class='pt-cv-ifield'><p class=\"pt-cv-title\"><a href=\"https:\/\/lajes.rn.gov.br\/transparente\/index\/decreto-municipal-no-035-2022-gp-republicado-por-incorrecao\/\" class=\"_self\" target=\"_self\" >DECRETO MUNICIPAL N\u00ba 035\/2022 &#8211; GP &#8211; REPUBLICADO POR INCORRE\u00c7\u00c3O<\/a><\/p><\/div><\/div>\n<div class=\"col-md-12 col-sm-12 col-xs-12 pt-cv-content-item pt-cv-1-col\" ><div class='pt-cv-ifield'><p class=\"pt-cv-title\"><a href=\"https:\/\/lajes.rn.gov.br\/transparente\/index\/decreto-municipal-no-035-2022-gp-estabelece-o-expediente-interno-da-prefeitura-municipal-de-lajes-rm-e-da-outras-providencias\/\" class=\"_self\" target=\"_self\" >DECRETO MUNICIPAL N\u00ba 035\/2022 &#8211; GP &#8211; Estabelece o expediente interno da prefeitura municipal de lajes\/rm, e d\u00e1 outras provid\u00eancias.<\/a><\/p><\/div><\/div>\n<div class=\"col-md-12 col-sm-12 col-xs-12 pt-cv-content-item pt-cv-1-col\" ><div class='pt-cv-ifield'><p class=\"pt-cv-title\"><a href=\"https:\/\/lajes.rn.gov.br\/transparente\/index\/decreto-municipal-no-034-2022-gp-republicado-por-incorrecao\/\" class=\"_self\" target=\"_self\" >DECRETO MUNICIPAL N\u00ba 034\/2022 &#8211; GP &#8211; REPUBLICADO POR INCORRE\u00c7\u00c3O<\/a><\/p><\/div><\/div>\n<div class=\"col-md-12 col-sm-12 col-xs-12 pt-cv-content-item pt-cv-1-col\" ><div class='pt-cv-ifield'><p class=\"pt-cv-title\"><a href=\"https:\/\/lajes.rn.gov.br\/transparente\/index\/decreto-municipal-no-034-2022-gp-dispoe-sobre-as-normas-relativas-ao-encerramento-de-exercicio-financeiro-de-2022-e-da-outras-providencias\/\" class=\"_self\" target=\"_self\" >DECRETO MUNICIPAL N\u00ba 034\/2022 &#8211; GP &#8211; DISP\u00d5E SOBRE AS NORMAS RELATIVAS AO ENCERRAMENTO DE EXERC\u00cdCIO FINANCEIRO DE 2022 E D\u00c1 OUTRAS PROVID\u00caNCIAS.<\/a><\/p><\/div><\/div>\n<div class=\"col-md-12 col-sm-12 col-xs-12 pt-cv-content-item pt-cv-1-col\" ><div class='pt-cv-ifield'><p class=\"pt-cv-title\"><a href=\"https:\/\/lajes.rn.gov.br\/transparente\/index\/decreto-municipal-no-033-2022-gp-dispoe-sobre-a-abertura-de-credito-adicional-suplementar-alteracao-de-qdd-para-reforco-da-dotacao-orcamentaria-para-os-fins-que-especifica-e-da-outras-providencia\/\" class=\"_self\" target=\"_self\" >DECRETO MUNICIPAL N\u00ba 033\/2022 &#8211; GP &#8211; Disp\u00f5e sobre a abertura de Cr\u00e9dito Adicional Suplementar\/Altera\u00e7\u00e3o de QDD, para refor\u00e7o da dota\u00e7\u00e3o or\u00e7ament\u00e1ria para os fins que especifica e d\u00e1 outras provid\u00eancias.<\/a><\/p><\/div><\/div>\n<div class=\"col-md-12 col-sm-12 col-xs-12 pt-cv-content-item pt-cv-1-col\" ><div class='pt-cv-ifield'><p class=\"pt-cv-title\"><a href=\"https:\/\/lajes.rn.gov.br\/transparente\/index\/decreto-municipal-no-030-2022-gp-dispoe-sobre-o-funcionamento-das-reparticoes-publicas-municipais-da-administracao-direta-e-indireta-nas-datas-dos-jogos-inicias-da-selecao-brasil\/\" class=\"_self\" target=\"_self\" >DECRETO MUNICIPAL N\u00ba 030\/2022 \u2013 GP &#8211; \u201cDisp\u00f5e sobre o funcionamento das reparti\u00e7\u00f5es p\u00fablicas municipais da Administra\u00e7\u00e3o Direta e Indireta, nas datas dos jogos inicias da Sele\u00e7\u00e3o Brasileira na Copa do Mundo de Futebol de 2022 e demais datas comemorativas.\u201d<\/a><\/p><\/div><\/div>\n<div class=\"col-md-12 col-sm-12 col-xs-12 pt-cv-content-item pt-cv-1-col\" ><div class='pt-cv-ifield'><p class=\"pt-cv-title\"><a href=\"https:\/\/lajes.rn.gov.br\/transparente\/index\/decreto-municipal-no-028-2022-gp-republicado-por-incorrecao\/\" class=\"_self\" target=\"_self\" >DECRETO MUNICIPAL N\u00ba 028\/2022 \u2013 GP &#8211; REPUBLICADO POR INCORRE\u00c7\u00c3O<\/a><\/p><\/div><\/div>\n<div class=\"col-md-12 col-sm-12 col-xs-12 pt-cv-content-item pt-cv-1-col\" ><div class='pt-cv-ifield'><p class=\"pt-cv-title\"><a href=\"https:\/\/lajes.rn.gov.br\/transparente\/index\/decreto-municipal-no-027-2022-gp-dispoe-sobre-os-criterios-tecnicos-de-merito-e-desempenho-para-a-selecao-e-o-provimento-de-cargos-de-gestores-escolares-diretores-vice-diretores-e-coorde\/\" class=\"_self\" target=\"_self\" >DECRETO MUNICIPAL N\u00ba 027\/2022 \u2013 GP &#8211; Disp\u00f5e sobre os crit\u00e9rios t\u00e9cnicos de m\u00e9rito e desempenho para a sele\u00e7\u00e3o e o provimento de cargos de gestores escolares: Diretores, Vice-diretores e Coordenadores Pedag\u00f3gicos das unidades escolares da Rede Municipal de Ensino de Lajes\/RN, e d\u00e1 outras provid\u00eancias.<\/a><\/p><\/div><\/div>\n<div class=\"col-md-12 col-sm-12 col-xs-12 pt-cv-content-item pt-cv-1-col\" ><div class='pt-cv-ifield'><p class=\"pt-cv-title\"><a href=\"https:\/\/lajes.rn.gov.br\/transparente\/index\/decreto-municipal-no-024-2022-gp-dispoe-sobre-a-abertura-de-credito-adicional-suplementar-alteracao-de-qdd-para-reforco-da-dotacao-orcamentaria-para-os-fins-que-especifica-e-da-outras-pro\/\" class=\"_self\" target=\"_self\" >DECRETO MUNICIPAL N\u00ba 024\/2022 \u2013 GP &#8211; Disp\u00f5e sobre a abertura de Cr\u00e9dito Adicional Suplementar\/Altera\u00e7\u00e3o de QDD, para refor\u00e7o da dota\u00e7\u00e3o or\u00e7ament\u00e1ria para os fins que especifica e d\u00e1 outras provid\u00eancias.<\/a><\/p><\/div><\/div>\n<div class=\"col-md-12 col-sm-12 col-xs-12 pt-cv-content-item pt-cv-1-col\" ><div class='pt-cv-ifield'><p class=\"pt-cv-title\"><a href=\"https:\/\/lajes.rn.gov.br\/transparente\/index\/decreto-municipal-no-023-2022-gp-republicado-por-incorrecao\/\" class=\"_self\" target=\"_self\" >DECRETO MUNICIPAL N\u00ba 023\/2022 \u2013 GP &#8211; REPUBLICADO POR INCORRE\u00c7\u00c3O<\/a><\/p><\/div><\/div>\n<div class=\"col-md-12 col-sm-12 col-xs-12 pt-cv-content-item pt-cv-1-col\" ><div class='pt-cv-ifield'><p class=\"pt-cv-title\"><a href=\"https:\/\/lajes.rn.gov.br\/transparente\/index\/decreto-municipal-no-023-2022-gp-declara-situacao-de-emergencia-no-municipio-de-lajes-estado-do-rio-grande-do-norte-em-decorrencia-do-desastre-natural-climatologico-por-estiagem-prolonga\/\" class=\"_self\" target=\"_self\" >DECRETO MUNICIPAL N\u00ba 023\/2022 \u2013 GP &#8211; Declara situa\u00e7\u00e3o de emerg\u00eancia no Munic\u00edpio de Lajes, Estado do Rio Grande do Norte, em decorr\u00eancia do desastre natural climatol\u00f3gico por estiagem prolongada que provoca a redu\u00e7\u00e3o sustentada das reservas h\u00eddricas existentes (COBRADE\/1.4.1.1.0 \u2013 Estiagem), e d\u00e1 outras provid\u00eancias.<\/a><\/p><\/div><\/div>\n<div class=\"col-md-12 col-sm-12 col-xs-12 pt-cv-content-item pt-cv-1-col\" ><div class='pt-cv-ifield'><p class=\"pt-cv-title\"><a href=\"https:\/\/lajes.rn.gov.br\/transparente\/index\/decreto-municipal-no-022-2022-gp-fica-decretado-luto-oficial-por-03-tres-dias-em-todo-o-territorio-deste-municipio-pelo-falecimento-do-lajense-ex-vereador-e-ex-prefeito-o-sr-edvan-se\/\" class=\"_self\" target=\"_self\" >DECRETO MUNICIPAL N\u00ba 022\/2022 \u2013 GP &#8211; Fica decretado luto oficial por 03 (tr\u00eas) dias em todo o territ\u00f3rio deste munic\u00edpio, pelo falecimento do lajense, Ex-Vereador e Ex-Prefeito, o Sr. Edvan Secundo Lopes<\/a><\/p><\/div><\/div>\n<div class=\"col-md-12 col-sm-12 col-xs-12 pt-cv-content-item pt-cv-1-col\" ><div class='pt-cv-ifield'><p class=\"pt-cv-title\"><a href=\"https:\/\/lajes.rn.gov.br\/transparente\/index\/decreto-municipal-no-020-2022-gp-dispoe-sobre-a-abertura-de-credito-adicional-suplementar-alteracao-de-qdd-para-reforco-da-dotacao-orcamentaria-para-os-fins-que-especifica-e-da-outras-pro\/\" class=\"_self\" target=\"_self\" >DECRETO MUNICIPAL N\u00ba 020\/2022 \u2013 GP &#8211; Disp\u00f5e sobre a abertura de Cr\u00e9dito Adicional Suplementar\/Altera\u00e7\u00e3o de QDD, para refor\u00e7o da dota\u00e7\u00e3o or\u00e7ament\u00e1ria para os fins que especifica e d\u00e1 outras provid\u00eancias.<\/a><\/p><\/div><\/div>\n<div class=\"col-md-12 col-sm-12 col-xs-12 pt-cv-content-item pt-cv-1-col\" ><div class='pt-cv-ifield'><p class=\"pt-cv-title\"><a href=\"https:\/\/lajes.rn.gov.br\/transparente\/index\/decreto-municipal-no-019-2022-gp-dispoe-sobre-a-convocacao-ordinaria-para-audiencia-publica-do-abatedouro-publico-municipal-de-lajes\/\" class=\"_self\" target=\"_self\" >DECRETO MUNICIPAL N\u00ba 019\/2022 \u2013 GP &#8211; Disp\u00f5e sobre a convoca\u00e7\u00e3o ordin\u00e1ria para Audi\u00eancia P\u00fablica do Abatedouro P\u00fablico Municipal de Lajes.<\/a><\/p><\/div><\/div><\/div><\/div>\n<div class=\" pt-cv-pagination-wrapper\"><ul class=\"pt-cv-pagination pt-cv-ajax pagination\" data-totalpages=\"3\" data-currentpage=\"1\" data-sid=\"9f78be1g6k\" data-unid=\"\" data-isblock=\"\" data-postid=\"\"><li class=\"active\"><a href=\"#\">1<\/a><\/li>\n\t<li ><a class=\"\" href=\"https:\/\/lajes.rn.gov.br\/transparente\/index\/wp-json\/wp\/v2\/pages\/408\/?_page=2\">2<\/a><\/li>\n\t<li ><a class=\"\" href=\"https:\/\/lajes.rn.gov.br\/transparente\/index\/wp-json\/wp\/v2\/pages\/408\/?_page=3\">3<\/a><\/li>\n\t<li ><a class=\" \" href=\"https:\/\/lajes.rn.gov.br\/transparente\/index\/wp-json\/wp\/v2\/pages\/408\/?_page=2\">&rsaquo;<\/a><\/li>\n\t<\/ul><img decoding=\"async\" width=\"15\" height=\"15\" class=\"pt-cv-spinner\" alt=\"Carregando...;\" src=\"data:image\/gif;base64,R0lGODlhDwAPALMPAMrKygwMDJOTkz09PZWVla+vr3p6euTk5M7OzuXl5TMzMwAAAJmZmWZmZszMzP\/\/\/yH\/C05FVFNDQVBFMi4wAwEAAAAh+QQFCgAPACwAAAAADwAPAAAEQvDJaZaZOIcV8iQK8VRX4iTYoAwZ4iCYoAjZ4RxejhVNoT+mRGP4cyF4Pp0N98sBGIBMEMOotl6YZ3S61Bmbkm4mAgAh+QQFCgAPACwAAAAADQANAAAENPDJSRSZeA418itN8QiK8BiLITVsFiyBBIoYqnoewAD4xPw9iY4XLGYSjkQR4UAUD45DLwIAIfkEBQoADwAsAAAAAA8ACQAABC\/wyVlamTi3nSdgwFNdhEJgTJoNyoB9ISYoQmdjiZPcj7EYCAeCF1gEDo4Dz2eIAAAh+QQFCgAPACwCAAAADQANAAAEM\/DJBxiYeLKdX3IJZT1FU0iIg2RNKx3OkZVnZ98ToRD4MyiDnkAh6BkNC0MvsAj0kMpHBAAh+QQFCgAPACwGAAAACQAPAAAEMDC59KpFDll73HkAA2wVY5KgiK5b0RRoI6MuzG6EQqCDMlSGheEhUAgqgUUAFRySIgAh+QQFCgAPACwCAAIADQANAAAEM\/DJKZNLND\/kkKaHc3xk+QAMYDKsiaqmZCxGVjSFFCxB1vwy2oOgIDxuucxAMTAJFAJNBAAh+QQFCgAPACwAAAYADwAJAAAEMNAs86q1yaWwwv2Ig0jUZx3OYa4XoRAfwADXoAwfo1+CIjyFRuEho60aSNYlOPxEAAAh+QQFCgAPACwAAAIADQANAAAENPA9s4y8+IUVcqaWJ4qEQozSoAzoIyhCK2NFU2SJk0hNnyEOhKR2AzAAj4Pj4GE4W0bkJQIAOw==\" \/><div class=\"clear pt-cv-clear-pagination\"><\/div><\/div><\/div>\n","protected":false},"excerpt":{"rendered":"<p>|\u00a0XML\u2193\u00a0| \u00a0CSV\u2193\u00a0| PDF\u2193\u00a0\u00a0| IMPRIMIR\u2193\u00a0\u00a0| &nbsp;<\/p>\n","protected":false},"author":3,"featured_media":0,"parent":0,"menu_order":0,"comment_status":"closed","ping_status":"closed","template":"","meta":{"ocean_post_layout":"","ocean_both_sidebars_style":"","ocean_both_sidebars_content_width":0,"ocean_both_sidebars_sidebars_width":0,"ocean_sidebar":"0","ocean_second_sidebar":"0","ocean_disable_margins":"enable","ocean_add_body_class":"","ocean_shortcode_before_top_bar":"","ocean_shortcode_after_top_bar":"","ocean_shortcode_before_header":"","ocean_shortcode_after_header":"","ocean_has_shortcode":"","ocean_shortcode_after_title":"","ocean_shortcode_before_footer_widgets":"","ocean_shortcode_after_footer_widgets":"","ocean_shortcode_before_footer_bottom":"","ocean_shortcode_after_footer_bottom":"","ocean_display_top_bar":"default","ocean_display_header":"default","ocean_header_style":"","ocean_center_header_left_menu":"0","ocean_custom_header_template":"0","ocean_custom_logo":0,"ocean_custom_retina_logo":0,"ocean_custom_logo_max_width":0,"ocean_custom_logo_tablet_max_width":0,"ocean_custom_logo_mobile_max_width":0,"ocean_custom_logo_max_height":0,"ocean_custom_logo_tablet_max_height":0,"ocean_custom_logo_mobile_max_height":0,"ocean_header_custom_menu":"0","ocean_menu_typo_font_family":"0","ocean_menu_typo_font_subset":"","ocean_menu_typo_font_size":0,"ocean_menu_typo_font_size_tablet":0,"ocean_menu_typo_font_size_mobile":0,"ocean_menu_typo_font_size_unit":"px","ocean_menu_typo_font_weight":"","ocean_menu_typo_font_weight_tablet":"","ocean_menu_typo_font_weight_mobile":"","ocean_menu_typo_transform":"","ocean_menu_typo_transform_tablet":"","ocean_menu_typo_transform_mobile":"","ocean_menu_typo_line_height":0,"ocean_menu_typo_line_height_tablet":0,"ocean_menu_typo_line_height_mobile":0,"ocean_menu_typo_line_height_unit":"","ocean_menu_typo_spacing":0,"ocean_menu_typo_spacing_tablet":0,"ocean_menu_typo_spacing_mobile":0,"ocean_menu_typo_spacing_unit":"","ocean_menu_link_color":"","ocean_menu_link_color_hover":"","ocean_menu_link_color_active":"","ocean_menu_link_background":"","ocean_menu_link_hover_background":"","ocean_menu_link_active_background":"","ocean_menu_social_links_bg":"","ocean_menu_social_hover_links_bg":"","ocean_menu_social_links_color":"","ocean_menu_social_hover_links_color":"","ocean_disable_title":"default","ocean_disable_heading":"default","ocean_post_title":"","ocean_post_subheading":"","ocean_post_title_style":"","ocean_post_title_background_color":"","ocean_post_title_background":0,"ocean_post_title_bg_image_position":"","ocean_post_title_bg_image_attachment":"","ocean_post_title_bg_image_repeat":"","ocean_post_title_bg_image_size":"","ocean_post_title_height":0,"ocean_post_title_bg_overlay":0.5,"ocean_post_title_bg_overlay_color":"","ocean_disable_breadcrumbs":"default","ocean_breadcrumbs_color":"","ocean_breadcrumbs_separator_color":"","ocean_breadcrumbs_links_color":"","ocean_breadcrumbs_links_hover_color":"","ocean_display_footer_widgets":"default","ocean_display_footer_bottom":"default","ocean_custom_footer_template":"0","footnotes":""},"class_list":["post-408","page","type-page","status-publish","hentry","entry"],"_links":{"self":[{"href":"https:\/\/lajes.rn.gov.br\/transparente\/index\/wp-json\/wp\/v2\/pages\/408","targetHints":{"allow":["GET"]}}],"collection":[{"href":"https:\/\/lajes.rn.gov.br\/transparente\/index\/wp-json\/wp\/v2\/pages"}],"about":[{"href":"https:\/\/lajes.rn.gov.br\/transparente\/index\/wp-json\/wp\/v2\/types\/page"}],"author":[{"embeddable":true,"href":"https:\/\/lajes.rn.gov.br\/transparente\/index\/wp-json\/wp\/v2\/users\/3"}],"replies":[{"embeddable":true,"href":"https:\/\/lajes.rn.gov.br\/transparente\/index\/wp-json\/wp\/v2\/comments?post=408"}],"version-history":[{"count":4,"href":"https:\/\/lajes.rn.gov.br\/transparente\/index\/wp-json\/wp\/v2\/pages\/408\/revisions"}],"predecessor-version":[{"id":36841,"href":"https:\/\/lajes.rn.gov.br\/transparente\/index\/wp-json\/wp\/v2\/pages\/408\/revisions\/36841"}],"wp:attachment":[{"href":"https:\/\/lajes.rn.gov.br\/transparente\/index\/wp-json\/wp\/v2\/media?parent=408"}],"curies":[{"name":"wp","href":"https:\/\/api.w.org\/{rel}","templated":true}]}}