{"id":389,"date":"2023-01-19T16:46:33","date_gmt":"2023-01-19T19:46:33","guid":{"rendered":"https:\/\/lajes.ticetb.com.br\/transparente\/index\/?page_id=389"},"modified":"2025-04-25T09:27:51","modified_gmt":"2025-04-25T12:27:51","slug":"editais-diversos-2023","status":"publish","type":"page","link":"https:\/\/lajes.rn.gov.br\/transparente\/index\/editais-diversos-2023\/","title":{"rendered":"Editais Diversos 2023"},"content":{"rendered":"<div align=\"right\">|\u00a0<strong><a href=\"\/feed\" target=\"_blank\" rel=\"noopener\">XML\u2193<\/a><\/strong>\u00a0| <a href=\"https:\/\/lajes.rn.gov.br\/transparente\/index\/wp-content\/uploads\/2025\/04\/export.csv\" target=\"_blank\" rel=\"noopener\">\u00a0<strong>CSV\u2193<\/strong><\/a>\u00a0| <a href=\"?print=pdf\" target=\"_blank\" rel=\"noopener\"><strong>PDF<\/strong>\u2193<\/a>\u00a0\u00a0| <a href=\"?print=print\" target=\"_blank\" rel=\"noopener\"><strong>IMPRIMIR<\/strong>\u2193<\/a>\u00a0\u00a0|<\/div>\n<p>&nbsp;<\/p>\n<div class=\"pt-cv-wrapper\"><div class=\"pt-cv-view pt-cv-grid pt-cv-colsys\" id=\"pt-cv-view-df64b41fwu\"><div data-id=\"pt-cv-page-1\" class=\"pt-cv-page\" data-cvc=\"1\"><div class=\"col-md-12 col-sm-12 col-xs-12 pt-cv-content-item pt-cv-1-col\" ><div class='pt-cv-ifield'><p class=\"pt-cv-title\"><a href=\"https:\/\/lajes.rn.gov.br\/transparente\/index\/edital-de-chamamento-publico-para-qualificacao-de-organizacoes-sociais-no-001-2023-parecer-da-comissao\/\" class=\"_self\" target=\"_self\" >EDITAL DE CHAMAMENTO P\u00daBLICO PARA QUALIFICA\u00c7\u00c3O DE ORGANIZA\u00c7\u00d5ES SOCIAIS N\u00ba 001\/2023 &#8211; PARECER DA COMISS\u00c3O<\/a><\/p><\/div><\/div>\n<div class=\"col-md-12 col-sm-12 col-xs-12 pt-cv-content-item pt-cv-1-col\" ><div class='pt-cv-ifield'><p class=\"pt-cv-title\"><a href=\"https:\/\/lajes.rn.gov.br\/transparente\/index\/edital-de-chamamento-publico-para-qualificacao-de-organizacoes-sociais-no-001-2023\/\" class=\"_self\" target=\"_self\" >EDITAL DE CHAMAMENTO P\u00daBLICO PARA QUALIFICA\u00c7\u00c3O DE ORGANIZA\u00c7\u00d5ES SOCIAIS N\u00ba 001\/2023<\/a><\/p><\/div><\/div>\n<div class=\"col-md-12 col-sm-12 col-xs-12 pt-cv-content-item pt-cv-1-col\" ><div class='pt-cv-ifield'><p class=\"pt-cv-title\"><a href=\"https:\/\/lajes.rn.gov.br\/transparente\/index\/edital-no-021-2023-selecao-de-criancas-na-etapa-bercario-para-o-preenchimento-de-vagas-de-ingresso-para-o-ano-letivo-de-2024-da-rede-municipal-de-lajes-rn\/\" class=\"_self\" target=\"_self\" >EDITAL N\u00ba 021\/2023 \u2013 SELE\u00c7\u00c3O DE CRIAN\u00c7AS, NA ETAPA BER\u00c7\u00c1RIO, PARA O PREENCHIMENTO DE VAGAS DE INGRESSO PARA O ANO LETIVO DE 2024 DA REDE MUNICIPAL DE LAJES\/RN.<\/a><\/p><\/div><\/div>\n<div class=\"col-md-12 col-sm-12 col-xs-12 pt-cv-content-item pt-cv-1-col\" ><div class='pt-cv-ifield'><p class=\"pt-cv-title\"><a href=\"https:\/\/lajes.rn.gov.br\/transparente\/index\/edital-no-021-2023-dispoe-sobre-o-processo-de-selecao-de-criancas-na-etapa-bercario-para-o-preenchimento-de-vagas-de-ingresso-para-o-ano-letivo-de-2024-na-escola-professora-lindalva-pereira-alves\/\" class=\"_self\" target=\"_self\" >EDITAL N\u00ba 021\/2023 &#8211; DISP\u00d5E SOBRE O PROCESSO DE SELE\u00c7\u00c3O DE CRIAN\u00c7AS, NA ETAPA BER\u00c7\u00c1RIO, PARA O PREENCHIMENTO DE VAGAS DE INGRESSO PARA O ANO LETIVO DE 2024, NA ESCOLA PROFESSORA LINDALVA PEREIRA ALVES EDUCA\u00c7\u00c3O INFANTIL DO MUNIC\u00cdPIO DE LAJES\/RN- CEMEI.<\/a><\/p><\/div><\/div>\n<div class=\"col-md-12 col-sm-12 col-xs-12 pt-cv-content-item pt-cv-1-col\" ><div class='pt-cv-ifield'><p class=\"pt-cv-title\"><a href=\"https:\/\/lajes.rn.gov.br\/transparente\/index\/resultado-final-da-etapa-de-avaliacao-e-selecao-do-edital-005-2023-selecao-de-projetos-para-execucao-do-premio-joao-batista-martins-de-fomento-a-cultura-da-lei-paulo-gustavo-de-lajes-rn\/\" class=\"_self\" target=\"_self\" >RESULTADO FINAL DA ETAPA DE AVALIA\u00c7\u00c3O E SELE\u00c7\u00c3O DO EDITAL 005\/2023 &#8211; SELE\u00c7\u00c3O DE PROJETOS PARA EXECU\u00c7\u00c3O DO PR\u00caMIO JO\u00c3O BATISTA MARTINS DE FOMENTO A CULTURA DA LEI PAULO GUSTAVO DE LAJES\/RN<\/a><\/p><\/div><\/div>\n<div class=\"col-md-12 col-sm-12 col-xs-12 pt-cv-content-item pt-cv-1-col\" ><div class='pt-cv-ifield'><p class=\"pt-cv-title\"><a href=\"https:\/\/lajes.rn.gov.br\/transparente\/index\/resultado-final-da-etapa-de-avaliacao-e-selecao-do-edital-004-2023-selecao-de-projetos-para-execucao-audiovisual-da-lei-paulo-gustavo-no-municipio-de-lajes-rn-2\/\" class=\"_self\" target=\"_self\" >RESULTADO FINAL DA ETAPA DE AVALIA\u00c7\u00c3O E SELE\u00c7\u00c3O DO EDITAL 004\/2023 &#8211; SELE\u00c7\u00c3O DE PROJETOS PARA EXECU\u00c7\u00c3O AUDIOVISUAL DA LEI PAULO GUSTAVO NO MUNIC\u00cdPIO DE LAJES\/RN<\/a><\/p><\/div><\/div>\n<div class=\"col-md-12 col-sm-12 col-xs-12 pt-cv-content-item pt-cv-1-col\" ><div class='pt-cv-ifield'><p class=\"pt-cv-title\"><a href=\"https:\/\/lajes.rn.gov.br\/transparente\/index\/resultado-final-da-etapa-de-avaliacao-e-selecao-do-edital-004-2023-selecao-de-projetos-para-execucao-audiovisual-da-lei-paulo-gustavo-no-municipio-de-lajes-rn\/\" class=\"_self\" target=\"_self\" >RESULTADO FINAL DA ETAPA DE AVALIA\u00c7\u00c3O E SELE\u00c7\u00c3O DO EDITAL 004\/2023 &#8211; SELE\u00c7\u00c3O DE PROJETOS PARA EXECU\u00c7\u00c3O AUDIOVISUAL DA LEI PAULO GUSTAVO NO MUNIC\u00cdPIO DE LAJES\/RN<\/a><\/p><\/div><\/div>\n<div class=\"col-md-12 col-sm-12 col-xs-12 pt-cv-content-item pt-cv-1-col\" ><div class='pt-cv-ifield'><p class=\"pt-cv-title\"><a href=\"https:\/\/lajes.rn.gov.br\/transparente\/index\/edital-n-o-001-2023-cmas-convoca-a-eleicao-dos-representantes-da-sociedade-civil-que-irao-compor-o-colegiado-do-conselho-municipal-de-assistencia-social-cmas-bienio-2023-2025\/\" class=\"_self\" target=\"_self\" >EDITAL N \u00ba 001\/2023 \u2013 CMAS &#8211; Convoca a Elei\u00e7\u00e3o dos Representantes da Sociedade Civil que ir\u00e3o compor o Colegiado do Conselho Municipal de Assist\u00eancia Social &#8211; CMAS &#8211; Bi\u00eanio 2023\/2025<\/a><\/p><\/div><\/div>\n<div class=\"col-md-12 col-sm-12 col-xs-12 pt-cv-content-item pt-cv-1-col\" ><div class='pt-cv-ifield'><p class=\"pt-cv-title\"><a href=\"https:\/\/lajes.rn.gov.br\/transparente\/index\/edital-de-credenciamento-04-2023-selecao-de-projetos-para-execucao-audiovisual-da-lei-paulo-gustavo\/\" class=\"_self\" target=\"_self\" >EDITAL DE CREDENCIAMENTO 04\/2023 &#8211; SELE\u00c7\u00c3O DE PROJETOS PARA EXECU\u00c7\u00c3O AUDIOVISUAL DA LEI PAULO GUSTAVO<\/a><\/p><\/div><\/div>\n<div class=\"col-md-12 col-sm-12 col-xs-12 pt-cv-content-item pt-cv-1-col\" ><div class='pt-cv-ifield'><p class=\"pt-cv-title\"><a href=\"https:\/\/lajes.rn.gov.br\/transparente\/index\/edital-de-credenciamento-03-2023-premio-joao-batista-martins-de-fomento-a-cultura-lei-paulo-gustavo\/\" class=\"_self\" target=\"_self\" >EDITAL DE CREDENCIAMENTO 03\/2023 &#8211; PR\u00caMIO JO\u00c3O BATISTA MARTINS DE FOMENTO \u00c0 CULTURA  LEI PAULO GUSTAVO<\/a><\/p><\/div><\/div>\n<div class=\"col-md-12 col-sm-12 col-xs-12 pt-cv-content-item pt-cv-1-col\" ><div class='pt-cv-ifield'><p class=\"pt-cv-title\"><a href=\"https:\/\/lajes.rn.gov.br\/transparente\/index\/edital-no-013-2023-divulga-o-resultado-preliminar-do-processo-de-escolha-para-membro-do-conselho-tutelar-do-municipio-de-lajes-rn-e-abre-prazo-recursal\/\" class=\"_self\" target=\"_self\" >EDITAL N\u00ba 013\/2023 &#8211; Divulga o resultado preliminar do processo de escolha para membro do Conselho Tutelar do munic\u00edpio de Lajes\/RN e abre prazo recursal.<\/a><\/p><\/div><\/div>\n<div class=\"col-md-12 col-sm-12 col-xs-12 pt-cv-content-item pt-cv-1-col\" ><div class='pt-cv-ifield'><p class=\"pt-cv-title\"><a href=\"https:\/\/lajes.rn.gov.br\/transparente\/index\/edital-no-020-2023-estabelece-criterios-para-a-selecao-de-gestora-diretora-escolar-das-unidades-escolares-de-ensino-da-rede-municipal-de-lajes-rn-de-acordo-com-o-decreto-027-2022-e-da-outras-pr\/\" class=\"_self\" target=\"_self\" >EDITAL N\u00ba 020\/2023 &#8211; Estabelece crit\u00e9rios para a sele\u00e7\u00e3o de Gestor(a)\/Diretor(a) Escolar das unidades Escolares de ensino da Rede Municipal de Lajes\/RN, de acordo com o Decreto 027\/2022 e d\u00e1 outras provid\u00eancias.<\/a><\/p><\/div><\/div>\n<div class=\"col-md-12 col-sm-12 col-xs-12 pt-cv-content-item pt-cv-1-col\" ><div class='pt-cv-ifield'><p class=\"pt-cv-title\"><a href=\"https:\/\/lajes.rn.gov.br\/transparente\/index\/edital-no-011-2023-dispoe-da-publicacao-do-resultado-definitivo-da-avaliacao-psicologica-que-ateste-aptidao-para-exercer-a-funcao-de-conselheiro-tutelar\/\" class=\"_self\" target=\"_self\" >EDITAL N\u00ba 011\/2023 &#8211; DISP\u00d5E DA PUBLICA\u00c7\u00c3O DO RESULTADO DEFINITIVO DA AVALIA\u00c7\u00c3O PSICOLOGICA QUE ATESTE APTID\u00c3O PARA EXERCER A FUN\u00c7AO DE CONSELHEIRO TUTELAR.<\/a><\/p><\/div><\/div>\n<div class=\"col-md-12 col-sm-12 col-xs-12 pt-cv-content-item pt-cv-1-col\" ><div class='pt-cv-ifield'><p class=\"pt-cv-title\"><a href=\"https:\/\/lajes.rn.gov.br\/transparente\/index\/edital-no-010-2023-publica-o-resultado-da-avaliacao-psicologica-que-ateste-aptidao-para-exercer-a-funcao-de-conselheiro-tutelar\/\" class=\"_self\" target=\"_self\" >EDITAL N\u00ba 010\/2023 &#8211; PUBLICA O RESULTADO DA AVALIA\u00c7\u00c3O PSICOLOGICA QUE ATESTE APTID\u00c3O PARA EXERCER A FUN\u00c7AO DE CONSELHEIRO TUTELAR.<\/a><\/p><\/div><\/div>\n<div class=\"col-md-12 col-sm-12 col-xs-12 pt-cv-content-item pt-cv-1-col\" ><div class='pt-cv-ifield'><p class=\"pt-cv-title\"><a href=\"https:\/\/lajes.rn.gov.br\/transparente\/index\/edital-no-009-2023-publica-a-relacao-de-candidatos-aprovados-no-exame-de-conhecimento-especifico-e-convoca-para-avaliacao-psicologico\/\" class=\"_self\" target=\"_self\" >EDITAL N\u00ba\u00a0009\/2023 &#8211; Publica a Rela\u00e7\u00e3o de Candidatos Aprovados no Exame de Conhecimento Especifico e Convoca para Avalia\u00e7\u00e3o Psicol\u00f3gico.<\/a><\/p><\/div><\/div><\/div><\/div>\n<div class=\" pt-cv-pagination-wrapper\"><ul class=\"pt-cv-pagination pt-cv-ajax pagination\" data-totalpages=\"3\" data-currentpage=\"1\" data-sid=\"df64b41fwu\" data-unid=\"\" data-isblock=\"\" data-postid=\"\"><li class=\"active\"><a href=\"#\">1<\/a><\/li>\n\t<li ><a class=\"\" href=\"https:\/\/lajes.rn.gov.br\/transparente\/index\/wp-json\/wp\/v2\/pages\/389\/?_page=2\">2<\/a><\/li>\n\t<li ><a class=\"\" href=\"https:\/\/lajes.rn.gov.br\/transparente\/index\/wp-json\/wp\/v2\/pages\/389\/?_page=3\">3<\/a><\/li>\n\t<li ><a class=\" \" href=\"https:\/\/lajes.rn.gov.br\/transparente\/index\/wp-json\/wp\/v2\/pages\/389\/?_page=2\">&rsaquo;<\/a><\/li>\n\t<\/ul><img decoding=\"async\" width=\"15\" height=\"15\" class=\"pt-cv-spinner\" alt=\"Carregando...;\" src=\"data:image\/gif;base64,R0lGODlhDwAPALMPAMrKygwMDJOTkz09PZWVla+vr3p6euTk5M7OzuXl5TMzMwAAAJmZmWZmZszMzP\/\/\/yH\/C05FVFNDQVBFMi4wAwEAAAAh+QQFCgAPACwAAAAADwAPAAAEQvDJaZaZOIcV8iQK8VRX4iTYoAwZ4iCYoAjZ4RxejhVNoT+mRGP4cyF4Pp0N98sBGIBMEMOotl6YZ3S61Bmbkm4mAgAh+QQFCgAPACwAAAAADQANAAAENPDJSRSZeA418itN8QiK8BiLITVsFiyBBIoYqnoewAD4xPw9iY4XLGYSjkQR4UAUD45DLwIAIfkEBQoADwAsAAAAAA8ACQAABC\/wyVlamTi3nSdgwFNdhEJgTJoNyoB9ISYoQmdjiZPcj7EYCAeCF1gEDo4Dz2eIAAAh+QQFCgAPACwCAAAADQANAAAEM\/DJBxiYeLKdX3IJZT1FU0iIg2RNKx3OkZVnZ98ToRD4MyiDnkAh6BkNC0MvsAj0kMpHBAAh+QQFCgAPACwGAAAACQAPAAAEMDC59KpFDll73HkAA2wVY5KgiK5b0RRoI6MuzG6EQqCDMlSGheEhUAgqgUUAFRySIgAh+QQFCgAPACwCAAIADQANAAAEM\/DJKZNLND\/kkKaHc3xk+QAMYDKsiaqmZCxGVjSFFCxB1vwy2oOgIDxuucxAMTAJFAJNBAAh+QQFCgAPACwAAAYADwAJAAAEMNAs86q1yaWwwv2Ig0jUZx3OYa4XoRAfwADXoAwfo1+CIjyFRuEho60aSNYlOPxEAAAh+QQFCgAPACwAAAIADQANAAAENPA9s4y8+IUVcqaWJ4qEQozSoAzoIyhCK2NFU2SJk0hNnyEOhKR2AzAAj4Pj4GE4W0bkJQIAOw==\" \/><div class=\"clear pt-cv-clear-pagination\"><\/div><\/div><\/div>\n","protected":false},"excerpt":{"rendered":"<p>|\u00a0XML\u2193\u00a0| \u00a0CSV\u2193\u00a0| PDF\u2193\u00a0\u00a0| IMPRIMIR\u2193\u00a0\u00a0| &nbsp;<\/p>\n","protected":false},"author":3,"featured_media":0,"parent":0,"menu_order":0,"comment_status":"closed","ping_status":"closed","template":"","meta":{"ocean_post_layout":"","ocean_both_sidebars_style":"","ocean_both_sidebars_content_width":0,"ocean_both_sidebars_sidebars_width":0,"ocean_sidebar":"0","ocean_second_sidebar":"0","ocean_disable_margins":"enable","ocean_add_body_class":"","ocean_shortcode_before_top_bar":"","ocean_shortcode_after_top_bar":"","ocean_shortcode_before_header":"","ocean_shortcode_after_header":"","ocean_has_shortcode":"","ocean_shortcode_after_title":"","ocean_shortcode_before_footer_widgets":"","ocean_shortcode_after_footer_widgets":"","ocean_shortcode_before_footer_bottom":"","ocean_shortcode_after_footer_bottom":"","ocean_display_top_bar":"default","ocean_display_header":"default","ocean_header_style":"","ocean_center_header_left_menu":"0","ocean_custom_header_template":"0","ocean_custom_logo":0,"ocean_custom_retina_logo":0,"ocean_custom_logo_max_width":0,"ocean_custom_logo_tablet_max_width":0,"ocean_custom_logo_mobile_max_width":0,"ocean_custom_logo_max_height":0,"ocean_custom_logo_tablet_max_height":0,"ocean_custom_logo_mobile_max_height":0,"ocean_header_custom_menu":"0","ocean_menu_typo_font_family":"0","ocean_menu_typo_font_subset":"","ocean_menu_typo_font_size":0,"ocean_menu_typo_font_size_tablet":0,"ocean_menu_typo_font_size_mobile":0,"ocean_menu_typo_font_size_unit":"px","ocean_menu_typo_font_weight":"","ocean_menu_typo_font_weight_tablet":"","ocean_menu_typo_font_weight_mobile":"","ocean_menu_typo_transform":"","ocean_menu_typo_transform_tablet":"","ocean_menu_typo_transform_mobile":"","ocean_menu_typo_line_height":0,"ocean_menu_typo_line_height_tablet":0,"ocean_menu_typo_line_height_mobile":0,"ocean_menu_typo_line_height_unit":"","ocean_menu_typo_spacing":0,"ocean_menu_typo_spacing_tablet":0,"ocean_menu_typo_spacing_mobile":0,"ocean_menu_typo_spacing_unit":"","ocean_menu_link_color":"","ocean_menu_link_color_hover":"","ocean_menu_link_color_active":"","ocean_menu_link_background":"","ocean_menu_link_hover_background":"","ocean_menu_link_active_background":"","ocean_menu_social_links_bg":"","ocean_menu_social_hover_links_bg":"","ocean_menu_social_links_color":"","ocean_menu_social_hover_links_color":"","ocean_disable_title":"default","ocean_disable_heading":"default","ocean_post_title":"","ocean_post_subheading":"","ocean_post_title_style":"","ocean_post_title_background_color":"","ocean_post_title_background":0,"ocean_post_title_bg_image_position":"","ocean_post_title_bg_image_attachment":"","ocean_post_title_bg_image_repeat":"","ocean_post_title_bg_image_size":"","ocean_post_title_height":0,"ocean_post_title_bg_overlay":0.5,"ocean_post_title_bg_overlay_color":"","ocean_disable_breadcrumbs":"default","ocean_breadcrumbs_color":"","ocean_breadcrumbs_separator_color":"","ocean_breadcrumbs_links_color":"","ocean_breadcrumbs_links_hover_color":"","ocean_display_footer_widgets":"default","ocean_display_footer_bottom":"default","ocean_custom_footer_template":"0","footnotes":""},"class_list":["post-389","page","type-page","status-publish","hentry","entry"],"_links":{"self":[{"href":"https:\/\/lajes.rn.gov.br\/transparente\/index\/wp-json\/wp\/v2\/pages\/389","targetHints":{"allow":["GET"]}}],"collection":[{"href":"https:\/\/lajes.rn.gov.br\/transparente\/index\/wp-json\/wp\/v2\/pages"}],"about":[{"href":"https:\/\/lajes.rn.gov.br\/transparente\/index\/wp-json\/wp\/v2\/types\/page"}],"author":[{"embeddable":true,"href":"https:\/\/lajes.rn.gov.br\/transparente\/index\/wp-json\/wp\/v2\/users\/3"}],"replies":[{"embeddable":true,"href":"https:\/\/lajes.rn.gov.br\/transparente\/index\/wp-json\/wp\/v2\/comments?post=389"}],"version-history":[{"count":4,"href":"https:\/\/lajes.rn.gov.br\/transparente\/index\/wp-json\/wp\/v2\/pages\/389\/revisions"}],"predecessor-version":[{"id":36847,"href":"https:\/\/lajes.rn.gov.br\/transparente\/index\/wp-json\/wp\/v2\/pages\/389\/revisions\/36847"}],"wp:attachment":[{"href":"https:\/\/lajes.rn.gov.br\/transparente\/index\/wp-json\/wp\/v2\/media?parent=389"}],"curies":[{"name":"wp","href":"https:\/\/api.w.org\/{rel}","templated":true}]}}