{"id":37479,"date":"2025-05-28T02:50:51","date_gmt":"2025-05-28T05:50:51","guid":{"rendered":"https:\/\/lajes.rn.gov.br\/transparente\/index\/?page_id=37479"},"modified":"2025-05-30T07:52:17","modified_gmt":"2025-05-30T10:52:17","slug":"informacoes-relacionadas-aos-servicos-de-saude","status":"publish","type":"page","link":"https:\/\/lajes.rn.gov.br\/transparente\/index\/informacoes-relacionadas-aos-servicos-de-saude\/","title":{"rendered":"Informa\u00e7\u00f5es relacionadas aos servi\u00e7os de sa\u00fade"},"content":{"rendered":"<div align=\"right\">|\u00a0<strong><a href=\"\/feed\" target=\"_blank\" rel=\"noopener\">XML\u2193<\/a><\/strong>\u00a0| <a href=\"https:\/\/lajes.rn.gov.br\/transparente\/index\/wp-content\/uploads\/2025\/05\/Informacoes-relacionadas-aos-servicos-de-saudelajesrn.csv\" target=\"_blank\" rel=\"noopener\">\u00a0<strong>CSV\u2193<\/strong><\/a>\u00a0| <a href=\"?print=pdf\" target=\"_blank\" rel=\"noopener\"><strong>PDF<\/strong>\u2193<\/a>\u00a0\u00a0| <a href=\"?print=print\" target=\"_blank\" rel=\"noopener\"><strong>IMPRIMIR<\/strong>\u2193<\/a>\u00a0\u00a0|<\/div>\n<div class=\"indiv_tablepress tablepress_in_div\">\n<table id=\"tablepress-106\" class=\"tablepress tablepress-id-106\">\n<thead>\n<tr class=\"row-1\">\n\t<th class=\"column-1\">UNIDADE<\/th><th class=\"column-2\">CNES<\/th><th class=\"column-3\">CNPJ<\/th><th class=\"column-4\">ENDERE\u00c7O<\/th><th class=\"column-5\">EMAIL<\/th><th class=\"column-6\">PRINCIPAIS SERVI\u00c7OS<\/th><th class=\"column-7\">DIRETOR(A)<\/th><th class=\"column-8\">M\u00c9DICO(A)<\/th><th class=\"column-9\">ENFERMEIRO(A)<\/th><th class=\"column-10\">DENTISTA<\/th><th class=\"column-11\">T\u00c9C. ENF.<\/th><th class=\"column-12\">AUX\/T\u00c9C. SA\u00daDE BUCAL<\/th><th class=\"column-13\">AGENTES COMUNIT\u00c1RIOS<\/th>\n<\/tr>\n<\/thead>\n<tbody class=\"row-striping row-hover\">\n<tr class=\"row-2\">\n\t<td class=\"column-1\">Posto de Sa\u00fade Lu\u00eds Lopes<\/td><td class=\"column-2\">5104467<\/td><td class=\"column-3\">08.113.466\/0001-05<\/td><td class=\"column-4\">Av. Ulisses Vale, 237, Centro<\/td><td class=\"column-5\">lajes.ab@gmail.com<\/td><td class=\"column-6\">M\u00e9dico, enfermagem, odontologia, vacina\u00e7\u00e3o, curativos<\/td><td class=\"column-7\">Kallyne Cavalcante Cunha<\/td><td class=\"column-8\">Ana Maria dos Santos Freire<\/td><td class=\"column-9\">Hirorito Iure Pinto Souza<\/td><td class=\"column-10\">\u2014<\/td><td class=\"column-11\">Gilney Djean, Jos\u00e9lia Fernandes, Luciana Firmino<\/td><td class=\"column-12\">M\u00e1rcia Cristiana Neres da Costa<\/td><td class=\"column-13\">Geovani Pinto, Geralda Gomes, Maria Elizabete, Shirleide S., Valeska C. de Sena, Juliana<\/td>\n<\/tr>\n<tr class=\"row-3\">\n\t<td class=\"column-1\">Posto de Sa\u00fade Mariana Gomes<\/td><td class=\"column-2\">4013271<\/td><td class=\"column-3\">08.113.466\/0001-05<\/td><td class=\"column-4\">Rua In\u00eas Albuquerque, s\/n, Bairro Antonio de Melo<\/td><td class=\"column-5\">lajes.ab@gmail.com<\/td><td class=\"column-6\">M\u00e9dico, enfermagem, odontologia, vacina\u00e7\u00e3o, curativos<\/td><td class=\"column-7\">Jeane Teixeira Rocha Lima<\/td><td class=\"column-8\">Jardany Miranda de Souza<\/td><td class=\"column-9\">Patricia Cristina Nunes Pessoa de Lima<\/td><td class=\"column-10\">\u2014<\/td><td class=\"column-11\">Miclecia Damasceno, Maria Elizabeth, Jeniffer Rayane<\/td><td class=\"column-12\">Tazia Maria da Silva<\/td><td class=\"column-13\">Francisco Alisson, Francisco Herito, Maria Assun\u00e7\u00e3o, Paula Roberta, Rosimery da Silva, Vit\u00f3ria Alexandra, Stephany Beatriz<\/td>\n<\/tr>\n<tr class=\"row-4\">\n\t<td class=\"column-1\">Centro de Sa\u00fade Pedro Lopes<\/td><td class=\"column-2\">2473828<\/td><td class=\"column-3\">08.113.466\/0001-05<\/td><td class=\"column-4\">Pra\u00e7a Mons. Vicente de Paula, s\/n, Centro<\/td><td class=\"column-5\">lajes.ab@gmail.com<\/td><td class=\"column-6\">M\u00e9dico, enfermagem, odontologia, vacina\u00e7\u00e3o, curativos<\/td><td class=\"column-7\">Roberta Milena M. Bezerra<\/td><td class=\"column-8\">\u2014<\/td><td class=\"column-9\">Alany K\u00edvia de Lima<\/td><td class=\"column-10\">Felipe Gomes de Loiola<\/td><td class=\"column-11\">Flaviana Pimentel, Joelma Miranda, Iasmim Deisiane<\/td><td class=\"column-12\">Josefa Adriana Viana da Silva<\/td><td class=\"column-13\">Francisca Cleonice, Hozana Medeiros, Paula Juciere, Regiane Dalila, In\u00e1cia das Vit\u00f3rias<\/td>\n<\/tr>\n<tr class=\"row-5\">\n\t<td class=\"column-1\">Posto de Sa\u00fade Clarice Pereira<\/td><td class=\"column-2\">6673538<\/td><td class=\"column-3\">08.113.466\/0001-05<\/td><td class=\"column-4\">Rua Francisco Costa Alecrim, s\/n, Bairro COAB<\/td><td class=\"column-5\">lajes.ab@gmail.com<\/td><td class=\"column-6\">M\u00e9dico, enfermagem, odontologia, vacina\u00e7\u00e3o, curativos<\/td><td class=\"column-7\">Francineide Oliveira Teixeira<\/td><td class=\"column-8\">Sebasti\u00e3o Neto de Carvalho Nobre<\/td><td class=\"column-9\">Poliane Carla Nunes Pessoa<\/td><td class=\"column-10\">\u2014<\/td><td class=\"column-11\">Iracema Daniele, Maria K\u00e1tia, Raissa Val\u00e9ria<\/td><td class=\"column-12\">Rivanilson Pereira da Silva<\/td><td class=\"column-13\">Juciene Fernandes, Maria Vera, N\u00fabia Martins, Silvana Maria, Uberl\u00e2ndia M. de Paiva<\/td>\n<\/tr>\n<tr class=\"row-6\">\n\t<td class=\"column-1\">Posto de Sa\u00fade Aurita Moreira<\/td><td class=\"column-2\">2473836<\/td><td class=\"column-3\">08.113.466\/0001-05<\/td><td class=\"column-4\">Vila Firmamento, s\/n, Zona Rural<\/td><td class=\"column-5\">lajes.ab@gmail.com<\/td><td class=\"column-6\">M\u00e9dico, enfermagem, odontologia, vacina\u00e7\u00e3o, curativos<\/td><td class=\"column-7\">Jarnila Cleigea da Silva Lima<\/td><td class=\"column-8\">\u2014<\/td><td class=\"column-9\">Marli Lopes Honorato da Costa<\/td><td class=\"column-10\">Luis Paulo de Amorim Monteiro<\/td><td class=\"column-11\">\u2014<\/td><td class=\"column-12\">Dalton Wanderley \/ Vanuzia Katiane<\/td><td class=\"column-13\">Artur Barbalho, Francisco Jonicley, Maria Aldezineide, Marileide Cosme, Suziane Moreira<\/td>\n<\/tr>\n<tr class=\"row-7\">\n\t<td class=\"column-1\">UBS Maria Niete T. da Silva<\/td><td class=\"column-2\">806048<\/td><td class=\"column-3\">08.113.466\/0001-05<\/td><td class=\"column-4\">Assentamento Boa Vista<\/td><td class=\"column-5\">lajes.ab@gmail.com<\/td><td class=\"column-6\">M\u00e9dico, enfermagem, odontologia, vacina\u00e7\u00e3o, curativos<\/td><td class=\"column-7\">Elis Regina Silva Sabino<\/td><td class=\"column-8\">Vitor Hugo Carlos Nunes Ara\u00fajo<\/td><td class=\"column-9\">\u2014<\/td><td class=\"column-10\">\u2014<\/td><td class=\"column-11\">\u2014<\/td><td class=\"column-12\">\u2014<\/td><td class=\"column-13\">Edilza C\u00e2mara, Jos\u00e9 Gilnei Barbosa<\/td>\n<\/tr>\n<tr class=\"row-8\">\n\t<td class=\"column-1\">Farm\u00e1cia B\u00e1sica Municipal<\/td><td class=\"column-2\">916846<\/td><td class=\"column-3\">08.113.466\/0001-05<\/td><td class=\"column-4\">Rua Jo\u00e3o Milit\u00e3o Martins, s\/n, Centro<\/td><td class=\"column-5\">saude@lajes.rn.gov.br<\/td><td class=\"column-6\">Dispensa\u00e7\u00e3o de medicamentos<\/td><td class=\"column-7\">Yago de Lima Miranda<\/td><td class=\"column-8\">\u2014<\/td><td class=\"column-9\">\u2014<\/td><td class=\"column-10\">\u2014<\/td><td class=\"column-11\">\u2014<\/td><td class=\"column-12\">Almaiza Raquel Lopes da Silva<\/td><td class=\"column-13\">\u2014<\/td>\n<\/tr>\n<tr class=\"row-9\">\n\t<td class=\"column-1\">Vigil\u00e2ncia Sanit\u00e1ria<\/td><td class=\"column-2\">6743234<\/td><td class=\"column-3\">08.113.466\/0001-05<\/td><td class=\"column-4\">Trav. Augusto Pinto, n\u00ba11, Centro<\/td><td class=\"column-5\">vigilanciasanitarialajes@gmail.com<\/td><td class=\"column-6\">Vigil\u00e2ncia em sa\u00fade<\/td><td class=\"column-7\">\u2014<\/td><td class=\"column-8\">\u2014<\/td><td class=\"column-9\">\u2014<\/td><td class=\"column-10\">\u2014<\/td><td class=\"column-11\">\u2014<\/td><td class=\"column-12\">\u2014<\/td><td class=\"column-13\">Janesmar Silveira, Oziran Gon\u00e7alo<\/td>\n<\/tr>\n<\/tbody>\n<\/table>\n<\/div><!-- #tablepress-106 from cache -->\n","protected":false},"excerpt":{"rendered":"<p>|\u00a0XML\u2193\u00a0| \u00a0CSV\u2193\u00a0| PDF\u2193\u00a0\u00a0| IMPRIMIR\u2193\u00a0\u00a0|<\/p>\n","protected":false},"author":3,"featured_media":0,"parent":0,"menu_order":0,"comment_status":"closed","ping_status":"closed","template":"","meta":{"ocean_post_layout":"full-screen","ocean_both_sidebars_style":"","ocean_both_sidebars_content_width":0,"ocean_both_sidebars_sidebars_width":0,"ocean_sidebar":"0","ocean_second_sidebar":"0","ocean_disable_margins":"enable","ocean_add_body_class":"","ocean_shortcode_before_top_bar":"","ocean_shortcode_after_top_bar":"","ocean_shortcode_before_header":"","ocean_shortcode_after_header":"","ocean_has_shortcode":"","ocean_shortcode_after_title":"","ocean_shortcode_before_footer_widgets":"","ocean_shortcode_after_footer_widgets":"","ocean_shortcode_before_footer_bottom":"","ocean_shortcode_after_footer_bottom":"","ocean_display_top_bar":"default","ocean_display_header":"default","ocean_header_style":"","ocean_center_header_left_menu":"0","ocean_custom_header_template":"0","ocean_custom_logo":0,"ocean_custom_retina_logo":0,"ocean_custom_logo_max_width":0,"ocean_custom_logo_tablet_max_width":0,"ocean_custom_logo_mobile_max_width":0,"ocean_custom_logo_max_height":0,"ocean_custom_logo_tablet_max_height":0,"ocean_custom_logo_mobile_max_height":0,"ocean_header_custom_menu":"0","ocean_menu_typo_font_family":"0","ocean_menu_typo_font_subset":"","ocean_menu_typo_font_size":0,"ocean_menu_typo_font_size_tablet":0,"ocean_menu_typo_font_size_mobile":0,"ocean_menu_typo_font_size_unit":"px","ocean_menu_typo_font_weight":"","ocean_menu_typo_font_weight_tablet":"","ocean_menu_typo_font_weight_mobile":"","ocean_menu_typo_transform":"","ocean_menu_typo_transform_tablet":"","ocean_menu_typo_transform_mobile":"","ocean_menu_typo_line_height":0,"ocean_menu_typo_line_height_tablet":0,"ocean_menu_typo_line_height_mobile":0,"ocean_menu_typo_line_height_unit":"","ocean_menu_typo_spacing":0,"ocean_menu_typo_spacing_tablet":0,"ocean_menu_typo_spacing_mobile":0,"ocean_menu_typo_spacing_unit":"","ocean_menu_link_color":"","ocean_menu_link_color_hover":"","ocean_menu_link_color_active":"","ocean_menu_link_background":"","ocean_menu_link_hover_background":"","ocean_menu_link_active_background":"","ocean_menu_social_links_bg":"","ocean_menu_social_hover_links_bg":"","ocean_menu_social_links_color":"","ocean_menu_social_hover_links_color":"","ocean_disable_title":"default","ocean_disable_heading":"default","ocean_post_title":"","ocean_post_subheading":"","ocean_post_title_style":"","ocean_post_title_background_color":"","ocean_post_title_background":0,"ocean_post_title_bg_image_position":"","ocean_post_title_bg_image_attachment":"","ocean_post_title_bg_image_repeat":"","ocean_post_title_bg_image_size":"","ocean_post_title_height":0,"ocean_post_title_bg_overlay":0.5,"ocean_post_title_bg_overlay_color":"","ocean_disable_breadcrumbs":"default","ocean_breadcrumbs_color":"","ocean_breadcrumbs_separator_color":"","ocean_breadcrumbs_links_color":"","ocean_breadcrumbs_links_hover_color":"","ocean_display_footer_widgets":"default","ocean_display_footer_bottom":"default","ocean_custom_footer_template":"0","footnotes":""},"class_list":["post-37479","page","type-page","status-publish","hentry","entry"],"_links":{"self":[{"href":"https:\/\/lajes.rn.gov.br\/transparente\/index\/wp-json\/wp\/v2\/pages\/37479","targetHints":{"allow":["GET"]}}],"collection":[{"href":"https:\/\/lajes.rn.gov.br\/transparente\/index\/wp-json\/wp\/v2\/pages"}],"about":[{"href":"https:\/\/lajes.rn.gov.br\/transparente\/index\/wp-json\/wp\/v2\/types\/page"}],"author":[{"embeddable":true,"href":"https:\/\/lajes.rn.gov.br\/transparente\/index\/wp-json\/wp\/v2\/users\/3"}],"replies":[{"embeddable":true,"href":"https:\/\/lajes.rn.gov.br\/transparente\/index\/wp-json\/wp\/v2\/comments?post=37479"}],"version-history":[{"count":5,"href":"https:\/\/lajes.rn.gov.br\/transparente\/index\/wp-json\/wp\/v2\/pages\/37479\/revisions"}],"predecessor-version":[{"id":37651,"href":"https:\/\/lajes.rn.gov.br\/transparente\/index\/wp-json\/wp\/v2\/pages\/37479\/revisions\/37651"}],"wp:attachment":[{"href":"https:\/\/lajes.rn.gov.br\/transparente\/index\/wp-json\/wp\/v2\/media?parent=37479"}],"curies":[{"name":"wp","href":"https:\/\/api.w.org\/{rel}","templated":true}]}}