{"id":357,"date":"2023-01-19T16:19:07","date_gmt":"2023-01-19T19:19:07","guid":{"rendered":"https:\/\/lajes.ticetb.com.br\/transparente\/index\/?page_id=357"},"modified":"2025-04-25T09:45:49","modified_gmt":"2025-04-25T12:45:49","slug":"leis-municipais-2020","status":"publish","type":"page","link":"https:\/\/lajes.rn.gov.br\/transparente\/index\/leis-municipais-2020\/","title":{"rendered":"Leis Municipais 2020"},"content":{"rendered":"<div align=\"right\">|\u00a0<strong><a href=\"\/feed\" target=\"_blank\" rel=\"noopener\">XML\u2193<\/a><\/strong>\u00a0| <a href=\"https:\/\/lajes.rn.gov.br\/transparente\/index\/wp-content\/uploads\/2025\/04\/export.csv\" target=\"_blank\" rel=\"noopener\">\u00a0<strong>CSV\u2193<\/strong><\/a>\u00a0| <a href=\"?print=pdf\" target=\"_blank\" rel=\"noopener\"><strong>PDF<\/strong>\u2193<\/a>\u00a0\u00a0| <a href=\"?print=print\" target=\"_blank\" rel=\"noopener\"><strong>IMPRIMIR<\/strong>\u2193<\/a>\u00a0\u00a0|<\/div>\n<p>&nbsp;<\/p>\n<div class=\"pt-cv-wrapper\"><div class=\"pt-cv-view pt-cv-grid pt-cv-colsys\" id=\"pt-cv-view-54df055m1u\"><div data-id=\"pt-cv-page-1\" class=\"pt-cv-page\" data-cvc=\"1\"><div class=\"col-md-12 col-sm-12 col-xs-12 pt-cv-content-item pt-cv-1-col\" ><div class='pt-cv-ifield'><p class=\"pt-cv-title\"><a href=\"https:\/\/lajes.rn.gov.br\/transparente\/index\/lei-municipal-no-864-2020-autoriza-o-poder-executivo-a-conceder-o-direito-real-de-uso-de-bem-imovel-municipal\/\" class=\"_self\" target=\"_self\" >LEI MUNICIPAL N\u00ba 864\/2020 &#8211; Autoriza o Poder Executivo a conceder o direito real de uso de bem im\u00f3vel municipal.<\/a><\/p><\/div><\/div>\n<div class=\"col-md-12 col-sm-12 col-xs-12 pt-cv-content-item pt-cv-1-col\" ><div class='pt-cv-ifield'><p class=\"pt-cv-title\"><a href=\"https:\/\/lajes.rn.gov.br\/transparente\/index\/lei-municipal-no-863-2020-nomeclatura-de-praca-de-moto-taxistas-na-praca-coronel-francisco-pedro-centro-neste-municipio-e-da-outras-providencias\/\" class=\"_self\" target=\"_self\" >LEI MUNICIPAL N\u00ba 863\/2020 &#8211; Nomeclatura de PRA\u00c7A DE MOTO-TAXISTAS, na Pra\u00e7a Coronel Francisco Pedro, Centro, neste Munic\u00edpio, e d\u00e1 outras provid\u00eancias.<\/a><\/p><\/div><\/div>\n<div class=\"col-md-12 col-sm-12 col-xs-12 pt-cv-content-item pt-cv-1-col\" ><div class='pt-cv-ifield'><p class=\"pt-cv-title\"><a href=\"https:\/\/lajes.rn.gov.br\/transparente\/index\/loa-2021\/\" class=\"_self\" target=\"_self\" >LEI MUNICIPAL N\u00ba 862\/2020 &#8211; LOA | 2021<\/a><\/p><\/div><\/div>\n<div class=\"col-md-12 col-sm-12 col-xs-12 pt-cv-content-item pt-cv-1-col\" ><div class='pt-cv-ifield'><p class=\"pt-cv-title\"><a href=\"https:\/\/lajes.rn.gov.br\/transparente\/index\/lei-municipal-no-861-2020-estabelece-regras-do-regime-proprio-de-previdencia-social-do-municipio-de-lajes-de-acordo-com-a-emenda-constitucional-no-103-de-2019\/\" class=\"_self\" target=\"_self\" >LEI MUNICIPAL N\u00ba 861\/2020 &#8211; Estabelece regras do Regime Pr\u00f3prio de Previd\u00eancia Social do Munic\u00edpio de Lajes de acordo com a Emenda Constitucional n\u00ba 103, de 2019.<\/a><\/p><\/div><\/div>\n<div class=\"col-md-12 col-sm-12 col-xs-12 pt-cv-content-item pt-cv-1-col\" ><div class='pt-cv-ifield'><p class=\"pt-cv-title\"><a href=\"https:\/\/lajes.rn.gov.br\/transparente\/index\/lei-municipal-no-859-2020-estabelece-normas-para-concessao-de-subvencoes-sociais-pelo-municipio-de-lajes-e-da-outras-providencias\/\" class=\"_self\" target=\"_self\" >LEI MUNICIPAL N\u00ba 859\/2020 &#8211; Estabelece normas para concess\u00e3o de subven\u00e7\u00f5es sociais pelo Munic\u00edpio de Lajes e d\u00e1 outras provid\u00eancias.<\/a><\/p><\/div><\/div>\n<div class=\"col-md-12 col-sm-12 col-xs-12 pt-cv-content-item pt-cv-1-col\" ><div class='pt-cv-ifield'><p class=\"pt-cv-title\"><a href=\"https:\/\/lajes.rn.gov.br\/transparente\/index\/lei-municipal-no-860-2020-dispoe-sobre-a-permissao-de-uso-e-o-funcionamento-de-bens-publicos-para-fins-comerciais-e-da-outras-providencias\/\" class=\"_self\" target=\"_self\" >LEI MUNICIPAL N\u00ba 860\/2020 &#8211; Disp\u00f5e sobre a permiss\u00e3o de uso e o funcionamento de bens p\u00fablicos para fins comerciais, e d\u00e1 outras provid\u00eancias.<\/a><\/p><\/div><\/div>\n<div class=\"col-md-12 col-sm-12 col-xs-12 pt-cv-content-item pt-cv-1-col\" ><div class='pt-cv-ifield'><p class=\"pt-cv-title\"><a href=\"https:\/\/lajes.rn.gov.br\/transparente\/index\/lei-municipal-no-856-2020-altera-os-artigos-3o-5o-6o-e-8o-da-lei-455-2007-que-dispoe-sobre-a-nova-estrutura-organizacional-do-conselho-municipal-de-cultura-de-lajes-rn-orgao-colegi\/\" class=\"_self\" target=\"_self\" >LEI MUNICIPAL N\u00ba 856\/2020 &#8211; Altera os artigos 3\u00ba, 5\u00ba, 6\u00ba e 8\u00ba da Lei 455\/2007 \u2013 que disp\u00f5e sobre a nova Estrutura Organizacional do\u00a0Conselho Municipal de Cultura de Lajes\/RN, \u00f3rg\u00e3o colegiado de car\u00e1ter normativo, consultivo e orientador, vinculado \u00e0 Secretaria Municipal de Educa\u00e7\u00e3o e Cultura t\u00eam suas atribui\u00e7\u00f5es, compet\u00eancias, estrutura e funcionamento definidos nesta Lei.<\/a><\/p><\/div><\/div>\n<div class=\"col-md-12 col-sm-12 col-xs-12 pt-cv-content-item pt-cv-1-col\" ><div class='pt-cv-ifield'><p class=\"pt-cv-title\"><a href=\"https:\/\/lajes.rn.gov.br\/transparente\/index\/lei-municipal-no-857-2020-dispoe-sobre-a-regularizacao-de-uso-do-terreno-onde-fica-situada-a-escola-municipal-professora-marta-bezerra-de-medeiros-e-da-outras-providencias\/\" class=\"_self\" target=\"_self\" >LEI MUNICIPAL N\u00ba 857\/2020 &#8211; Disp\u00f5e sobre a regulariza\u00e7\u00e3o de uso do terreno onde fica situada a Escola Municipal Professora Marta Bezerra de Medeiros e d\u00e1 outras provid\u00eancias.<\/a><\/p><\/div><\/div>\n<div class=\"col-md-12 col-sm-12 col-xs-12 pt-cv-content-item pt-cv-1-col\" ><div class='pt-cv-ifield'><p class=\"pt-cv-title\"><a href=\"https:\/\/lajes.rn.gov.br\/transparente\/index\/lei-municipal-no-853-2020-ldo-2021\/\" class=\"_self\" target=\"_self\" >LEI MUNICIPAL N\u00ba 853\/2020 | LDO 2021<\/a><\/p><\/div><\/div>\n<div class=\"col-md-12 col-sm-12 col-xs-12 pt-cv-content-item pt-cv-1-col\" ><div class='pt-cv-ifield'><p class=\"pt-cv-title\"><a href=\"https:\/\/lajes.rn.gov.br\/transparente\/index\/lei-municipal-no-854-2020-abre-ao-orcamento-geral-do-municipio-lei-n-845-de-21-de-novembro-de-2019-credito-especial-no-valor-global-de-r-2-973-00000-dois-milhoes-novecentos-e-setenta-e-t\/\" class=\"_self\" target=\"_self\" >LEI MUNICIPAL N\u00ba 854\/2020 &#8211; Abre ao Or\u00e7amento Geral do Munic\u00edpio, Lei n\u00b0 845 de 21 de novembro de 2019, cr\u00e9dito especial no valor global de R$ 2.973.000,00 (dois milh\u00f5es, novecentos e setenta e tr\u00eas mil reais).<\/a><\/p><\/div><\/div>\n<div class=\"col-md-12 col-sm-12 col-xs-12 pt-cv-content-item pt-cv-1-col\" ><div class='pt-cv-ifield'><p class=\"pt-cv-title\"><a href=\"https:\/\/lajes.rn.gov.br\/transparente\/index\/lei-municipal-no-855-2020-ementa-fixa-os-subsidios-do-prefeito-vice-prefeito-vereadores-e-secretarios-do-municipio-de-lajes-rn-para-a-legislatura-01-01-2021-a-31-12-2024-e-da-outras-pro\/\" class=\"_self\" target=\"_self\" >LEI MUNICIPAL N\u00ba 855\/2020 &#8211; EMENTA: \u201cFixa os Subs\u00eddios do Prefeito, Vice-Prefeito, Vereadores e Secret\u00e1rios do Munic\u00edpio de Lajes\/RN, para a Legislatura 01\/01\/2021 a 31\/12\/2024 e d\u00e1 outras Provid\u00eancias\u201d.<\/a><\/p><\/div><\/div>\n<div class=\"col-md-12 col-sm-12 col-xs-12 pt-cv-content-item pt-cv-1-col\" ><div class='pt-cv-ifield'><p class=\"pt-cv-title\"><a href=\"https:\/\/lajes.rn.gov.br\/transparente\/index\/lei-municipal-no-852-2020-republicado-por-incorrecao\/\" class=\"_self\" target=\"_self\" >LEI MUNICIPAL N\u00ba 852\/2020 &#8211; REPUBLICADO POR INCORRE\u00c7\u00c3O<\/a><\/p><\/div><\/div>\n<div class=\"col-md-12 col-sm-12 col-xs-12 pt-cv-content-item pt-cv-1-col\" ><div class='pt-cv-ifield'><p class=\"pt-cv-title\"><a href=\"https:\/\/lajes.rn.gov.br\/transparente\/index\/lei-municipal-no-852-2020-altera-o-artigo-33-da-lei-500-de-16-de-novembro-de-2009-que-dispoe-sobre-a-nova-estrutura-organizacional-da-administracao-municipal-de-lajes-atraves-da-extincao\/\" class=\"_self\" target=\"_self\" >LEI MUNICIPAL N\u00ba 852\/2020 &#8211; Altera o artigo 33 da Lei 500 de 16 de novembro de 2009 \u2013 que disp\u00f5e sobre a nova Estrutura Organizacional da Administra\u00e7\u00e3o Municipal de Lajes, atrav\u00e9s da extin\u00e7\u00e3o e cria\u00e7\u00e3o de cargos, \u00f3rg\u00e3os e secretarias, altera o quadro de cargos em comiss\u00e3o, fun\u00e7\u00f5es gratificadas e d\u00e1 outras provid\u00eancias.<\/a><\/p><\/div><\/div><\/div><\/div><\/div>\n<p>&nbsp;<\/p>\n<p>&nbsp;<\/p>\n<p>&nbsp;<\/p>\n<p>&nbsp;<\/p>\n<p>&nbsp;<\/p>\n<p>&nbsp;<\/p>\n<p>&nbsp;<\/p>\n<p>&nbsp;<\/p>\n<p>&nbsp;<\/p>\n<p>&nbsp;<\/p>\n<p>&nbsp;<\/p>\n<p>&nbsp;<\/p>\n<p>&nbsp;<\/p>\n<p>&nbsp;<\/p>\n<p>&nbsp;<\/p>\n<p>&nbsp;<\/p>\n<p>&nbsp;<\/p>\n<p>.<\/p>\n<p>&nbsp;<\/p>\n<p>&nbsp;<\/p>\n<p>&nbsp;<\/p>\n<p>&nbsp;<\/p>\n<p>&nbsp;<\/p>\n<p>&nbsp;<\/p>\n<p>&nbsp;<\/p>\n<p>&nbsp;<\/p>\n<p>&nbsp;<\/p>\n<p>&nbsp;<\/p>\n<p>&nbsp;<\/p>\n<p>&nbsp;<\/p>\n<p>&nbsp;<\/p>\n<p>&nbsp;<\/p>\n<p>&nbsp;<\/p>\n<p>&nbsp;<\/p>\n<p>&nbsp;<\/p>\n<p>&nbsp;<\/p>\n<p>&nbsp;<\/p>\n<p>&nbsp;<\/p>\n<p>&nbsp;<\/p>\n<p>&nbsp;<\/p>\n<p>&nbsp;<\/p>\n<p>&nbsp;<\/p>\n","protected":false},"excerpt":{"rendered":"<p>|\u00a0XML\u2193\u00a0| \u00a0CSV\u2193\u00a0| PDF\u2193\u00a0\u00a0| IMPRIMIR\u2193\u00a0\u00a0| &nbsp; &nbsp; &nbsp; &nbsp; &nbsp; &nbsp; &nbsp; &nbsp; &nbsp; &nbsp; &nbsp; &nbsp; &nbsp; &nbsp; &nbsp; &nbsp; &nbsp; &nbsp; . &nbsp; &nbsp; &nbsp; &nbsp; &nbsp; &nbsp; &nbsp; &nbsp; &nbsp; &nbsp; &nbsp; &nbsp; &nbsp; &nbsp; &nbsp; &nbsp; &nbsp; &nbsp; &nbsp; &nbsp; &nbsp; &nbsp; &nbsp; &nbsp;<\/p>\n","protected":false},"author":3,"featured_media":0,"parent":0,"menu_order":0,"comment_status":"closed","ping_status":"closed","template":"","meta":{"ocean_post_layout":"","ocean_both_sidebars_style":"","ocean_both_sidebars_content_width":0,"ocean_both_sidebars_sidebars_width":0,"ocean_sidebar":"0","ocean_second_sidebar":"0","ocean_disable_margins":"enable","ocean_add_body_class":"","ocean_shortcode_before_top_bar":"","ocean_shortcode_after_top_bar":"","ocean_shortcode_before_header":"","ocean_shortcode_after_header":"","ocean_has_shortcode":"","ocean_shortcode_after_title":"","ocean_shortcode_before_footer_widgets":"","ocean_shortcode_after_footer_widgets":"","ocean_shortcode_before_footer_bottom":"","ocean_shortcode_after_footer_bottom":"","ocean_display_top_bar":"default","ocean_display_header":"default","ocean_header_style":"","ocean_center_header_left_menu":"0","ocean_custom_header_template":"0","ocean_custom_logo":0,"ocean_custom_retina_logo":0,"ocean_custom_logo_max_width":0,"ocean_custom_logo_tablet_max_width":0,"ocean_custom_logo_mobile_max_width":0,"ocean_custom_logo_max_height":0,"ocean_custom_logo_tablet_max_height":0,"ocean_custom_logo_mobile_max_height":0,"ocean_header_custom_menu":"0","ocean_menu_typo_font_family":"0","ocean_menu_typo_font_subset":"","ocean_menu_typo_font_size":0,"ocean_menu_typo_font_size_tablet":0,"ocean_menu_typo_font_size_mobile":0,"ocean_menu_typo_font_size_unit":"px","ocean_menu_typo_font_weight":"","ocean_menu_typo_font_weight_tablet":"","ocean_menu_typo_font_weight_mobile":"","ocean_menu_typo_transform":"","ocean_menu_typo_transform_tablet":"","ocean_menu_typo_transform_mobile":"","ocean_menu_typo_line_height":0,"ocean_menu_typo_line_height_tablet":0,"ocean_menu_typo_line_height_mobile":0,"ocean_menu_typo_line_height_unit":"","ocean_menu_typo_spacing":0,"ocean_menu_typo_spacing_tablet":0,"ocean_menu_typo_spacing_mobile":0,"ocean_menu_typo_spacing_unit":"","ocean_menu_link_color":"","ocean_menu_link_color_hover":"","ocean_menu_link_color_active":"","ocean_menu_link_background":"","ocean_menu_link_hover_background":"","ocean_menu_link_active_background":"","ocean_menu_social_links_bg":"","ocean_menu_social_hover_links_bg":"","ocean_menu_social_links_color":"","ocean_menu_social_hover_links_color":"","ocean_disable_title":"default","ocean_disable_heading":"default","ocean_post_title":"","ocean_post_subheading":"","ocean_post_title_style":"","ocean_post_title_background_color":"","ocean_post_title_background":0,"ocean_post_title_bg_image_position":"","ocean_post_title_bg_image_attachment":"","ocean_post_title_bg_image_repeat":"","ocean_post_title_bg_image_size":"","ocean_post_title_height":0,"ocean_post_title_bg_overlay":0.5,"ocean_post_title_bg_overlay_color":"","ocean_disable_breadcrumbs":"default","ocean_breadcrumbs_color":"","ocean_breadcrumbs_separator_color":"","ocean_breadcrumbs_links_color":"","ocean_breadcrumbs_links_hover_color":"","ocean_display_footer_widgets":"default","ocean_display_footer_bottom":"default","ocean_custom_footer_template":"0","footnotes":""},"class_list":["post-357","page","type-page","status-publish","hentry","entry"],"_links":{"self":[{"href":"https:\/\/lajes.rn.gov.br\/transparente\/index\/wp-json\/wp\/v2\/pages\/357","targetHints":{"allow":["GET"]}}],"collection":[{"href":"https:\/\/lajes.rn.gov.br\/transparente\/index\/wp-json\/wp\/v2\/pages"}],"about":[{"href":"https:\/\/lajes.rn.gov.br\/transparente\/index\/wp-json\/wp\/v2\/types\/page"}],"author":[{"embeddable":true,"href":"https:\/\/lajes.rn.gov.br\/transparente\/index\/wp-json\/wp\/v2\/users\/3"}],"replies":[{"embeddable":true,"href":"https:\/\/lajes.rn.gov.br\/transparente\/index\/wp-json\/wp\/v2\/comments?post=357"}],"version-history":[{"count":5,"href":"https:\/\/lajes.rn.gov.br\/transparente\/index\/wp-json\/wp\/v2\/pages\/357\/revisions"}],"predecessor-version":[{"id":36859,"href":"https:\/\/lajes.rn.gov.br\/transparente\/index\/wp-json\/wp\/v2\/pages\/357\/revisions\/36859"}],"wp:attachment":[{"href":"https:\/\/lajes.rn.gov.br\/transparente\/index\/wp-json\/wp\/v2\/media?parent=357"}],"curies":[{"name":"wp","href":"https:\/\/api.w.org\/{rel}","templated":true}]}}