{"id":33055,"date":"2024-05-13T15:11:42","date_gmt":"2024-05-13T18:11:42","guid":{"rendered":"https:\/\/lajes.rn.gov.br\/transparente\/index\/?page_id=33055"},"modified":"2025-04-24T14:50:56","modified_gmt":"2025-04-24T17:50:56","slug":"emendas-parlamentares-estadual","status":"publish","type":"page","link":"https:\/\/lajes.rn.gov.br\/transparente\/index\/emendas-parlamentares-estadual\/","title":{"rendered":"EMENDAS PARLAMENTARES | ESTADUAL"},"content":{"rendered":"<div align=\"right\">|\u00a0<strong><a href=\"\/feed\" target=\"_blank\" rel=\"noopener\">XML\u2193<\/a><\/strong>\u00a0| <a href=\"https:\/\/lajes.rn.gov.br\/transparente\/index\/wp-content\/uploads\/2025\/04\/export.csv\" target=\"_blank\" rel=\"noopener\">\u00a0<strong>CSV\u2193<\/strong><\/a>\u00a0| <a href=\"?print=pdf\" target=\"_blank\" rel=\"noopener\"><strong>PDF<\/strong>\u2193<\/a>\u00a0\u00a0| <a href=\"?print=print\" target=\"_blank\" rel=\"noopener\"><strong>IMPRIMIR<\/strong>\u2193<\/a>\u00a0\u00a0|<\/div>\n<table>\n<tbody>\n<tr>\n<td width=\"283\">N\u00ba da Emenda<\/td>\n<td width=\"283\">197<\/td>\n<\/tr>\n<tr>\n<td width=\"283\">Autoria<\/td>\n<td width=\"283\">Assembleia Legislativa<\/td>\n<\/tr>\n<tr>\n<td width=\"283\">Valor Previsto<\/td>\n<td width=\"283\">R$ 85.000,00<\/td>\n<\/tr>\n<tr>\n<td width=\"283\">Valor Desembolsado<\/td>\n<td width=\"283\">R$ 85.000,00<\/td>\n<\/tr>\n<tr>\n<td width=\"283\">Fun\u00e7\u00e3o de Governo<\/td>\n<td width=\"283\">Investimento \/ Implanta\u00e7\u00e3o do Observat\u00f3rio do Turismo \u2013 R$ 50.000,00<\/p>\n<p>&nbsp;<\/p>\n<p>Sa\u00fade \u2013 R$ 35.000,00<\/td>\n<\/tr>\n<tr>\n<td width=\"283\">Proponente<\/td>\n<td width=\"283\">Munic\u00edpio de Lajes<\/td>\n<\/tr>\n<\/tbody>\n<\/table>\n<p>&nbsp;<\/p>\n<table>\n<tbody>\n<tr>\n<td width=\"283\">N\u00ba da Emenda<\/td>\n<td width=\"283\">225<\/td>\n<\/tr>\n<tr>\n<td width=\"283\">Autoria<\/td>\n<td width=\"283\">Assembleia Legislativa<\/td>\n<\/tr>\n<tr>\n<td width=\"283\">Valor Previsto<\/td>\n<td width=\"283\">R$ 320.000,00<\/td>\n<\/tr>\n<tr>\n<td width=\"283\">Valor Desembolsado<\/td>\n<td width=\"283\">R$ 160.000,00<\/td>\n<\/tr>\n<tr>\n<td width=\"283\">Fun\u00e7\u00e3o de Governo<\/td>\n<td width=\"283\">Sa\u00fade \/ Investimento \/ Aquisi\u00e7\u00e3o de Ambul\u00e2ncias<\/td>\n<\/tr>\n<tr>\n<td width=\"283\">Proponente<\/td>\n<td width=\"283\">Munic\u00edpio de Lajes<\/td>\n<\/tr>\n<\/tbody>\n<\/table>\n<table>\n<tbody>\n<tr>\n<td width=\"283\">N\u00ba da Emenda<\/td>\n<td width=\"283\">222<\/td>\n<\/tr>\n<tr>\n<td width=\"283\">Autoria<\/td>\n<td width=\"283\">Assembleia Legislativa<\/td>\n<\/tr>\n<tr>\n<td width=\"283\">Valor Previsto<\/td>\n<td width=\"283\">R$ 200.000,00<\/td>\n<\/tr>\n<tr>\n<td width=\"283\">Valor Desembolsado<\/td>\n<td width=\"283\">R$ 100.000,00<\/td>\n<\/tr>\n<tr>\n<td width=\"283\">Fun\u00e7\u00e3o de Governo<\/td>\n<td width=\"283\">Sa\u00fade \/ Desenvolvimento de A\u00e7\u00f5es de Promo\u00e7\u00e3o \u00e0 Sa\u00fade<\/td>\n<\/tr>\n<tr>\n<td width=\"283\">Proponente<\/td>\n<td width=\"283\">Munic\u00edpio de Lajes<\/td>\n<\/tr>\n<\/tbody>\n<\/table>\n<p>&nbsp;<\/p>\n<table>\n<tbody>\n<tr>\n<td width=\"283\">N\u00ba da Emenda<\/td>\n<td width=\"283\">498<\/td>\n<\/tr>\n<tr>\n<td width=\"283\">Autoria<\/td>\n<td width=\"283\">Assembleia Legislativa<\/td>\n<\/tr>\n<tr>\n<td width=\"283\">Valor Previsto<\/td>\n<td width=\"283\">R$ 300.000,00<\/td>\n<\/tr>\n<tr>\n<td width=\"283\">Valor Desembolsado<\/td>\n<td width=\"283\">R$ 300.000,00<\/td>\n<\/tr>\n<tr>\n<td width=\"283\">Fun\u00e7\u00e3o de Governo<\/td>\n<td width=\"283\">Infraestrutura \/ Perfura\u00e7\u00e3o de Po\u00e7os<\/p>\n<p>Sa\u00fade \/ A\u00e7\u00f5es em Sa\u00fade<\/td>\n<\/tr>\n<tr>\n<td width=\"283\">Proponente<\/td>\n<td width=\"283\">Munic\u00edpio de Lajes<\/td>\n<\/tr>\n<\/tbody>\n<\/table>\n<p>&nbsp;<\/p>\n<table>\n<tbody>\n<tr>\n<td width=\"283\">N\u00ba da Emenda<\/td>\n<td width=\"283\">513<\/td>\n<\/tr>\n<tr>\n<td width=\"283\">Autoria<\/td>\n<td width=\"283\">Assembleia Legislativa<\/td>\n<\/tr>\n<tr>\n<td width=\"283\">Valor Previsto<\/td>\n<td width=\"283\">R$ 50.000,00<\/td>\n<\/tr>\n<tr>\n<td width=\"283\">Valor Desembolsado<\/td>\n<td width=\"283\">R$ 50.000,00<\/td>\n<\/tr>\n<tr>\n<td width=\"283\">Fun\u00e7\u00e3o de Governo<\/td>\n<td width=\"283\">Sa\u00fade \/ A\u00e7\u00f5es em Sa\u00fade<\/td>\n<\/tr>\n<tr>\n<td width=\"283\">Proponente<\/td>\n<td width=\"283\">Munic\u00edpio de Lajes<\/td>\n<\/tr>\n<\/tbody>\n<\/table>\n<p>&nbsp;<\/p>\n<table>\n<tbody>\n<tr>\n<td width=\"283\">N\u00ba da Emenda<\/td>\n<td width=\"283\">515<\/td>\n<\/tr>\n<tr>\n<td width=\"283\">Autoria<\/td>\n<td width=\"283\">Assembleia Legislativa<\/td>\n<\/tr>\n<tr>\n<td width=\"283\">Valor Previsto<\/td>\n<td width=\"283\">R$ 250.000,00<\/td>\n<\/tr>\n<tr>\n<td width=\"283\">Valor Desembolsado<\/td>\n<td width=\"283\">R$ 250.000,00<\/td>\n<\/tr>\n<tr>\n<td width=\"283\">Fun\u00e7\u00e3o de Governo<\/td>\n<td width=\"283\">Sa\u00fade \/ A\u00e7\u00f5es em Sa\u00fade<\/td>\n<\/tr>\n<tr>\n<td width=\"283\">Proponente<\/td>\n<td width=\"283\">Munic\u00edpio de Lajes<\/td>\n<\/tr>\n<\/tbody>\n<\/table>\n<table>\n<tbody>\n<tr>\n<td width=\"283\">N\u00ba da Emenda<\/td>\n<td width=\"283\">111<\/td>\n<\/tr>\n<tr>\n<td width=\"283\">Autoria<\/td>\n<td width=\"283\">Assembleia Legislativa \/ Deputada Eudiane Macedo<\/td>\n<\/tr>\n<tr>\n<td width=\"283\">Valor Previsto<\/td>\n<td width=\"283\">R$ 200.000,00<\/td>\n<\/tr>\n<tr>\n<td width=\"283\">Valor Desembolsado<\/td>\n<td width=\"283\">R$ 200.000,00<\/td>\n<\/tr>\n<tr>\n<td width=\"283\">Fun\u00e7\u00e3o de Governo<\/td>\n<td width=\"283\">Sa\u00fade<\/td>\n<\/tr>\n<tr>\n<td width=\"283\">Proponente<\/td>\n<td width=\"283\">APAMI<\/td>\n<\/tr>\n<\/tbody>\n<\/table>\n<p>&nbsp;<\/p>\n<table>\n<tbody>\n<tr>\n<td width=\"283\">N\u00ba da Emenda<\/td>\n<td width=\"283\">463<\/td>\n<\/tr>\n<tr>\n<td width=\"283\">Autoria<\/td>\n<td width=\"283\">Assembleia Legislativa \/ Deputado Gustavo Carvalho<\/td>\n<\/tr>\n<tr>\n<td width=\"283\">Valor Previsto<\/td>\n<td width=\"283\">R$ 200.000,00<\/td>\n<\/tr>\n<tr>\n<td width=\"283\">Valor Desembolsado<\/td>\n<td width=\"283\">R$ 160.000,00<\/td>\n<\/tr>\n<tr>\n<td width=\"283\">Fun\u00e7\u00e3o de Governo<\/td>\n<td width=\"283\">Sa\u00fade \/ Custeio \/ Medicamentos<\/td>\n<\/tr>\n<tr>\n<td width=\"283\">Proponente<\/td>\n<td width=\"283\">Munic\u00edpio de Lajes<\/td>\n<\/tr>\n<\/tbody>\n<\/table>\n","protected":false},"excerpt":{"rendered":"<p>|\u00a0XML\u2193\u00a0| \u00a0CSV\u2193\u00a0| PDF\u2193\u00a0\u00a0| IMPRIMIR\u2193\u00a0\u00a0| N\u00ba da Emenda 197 Autoria Assembleia Legislativa Valor Previsto R$ 85.000,00 Valor Desembolsado R$ 85.000,00 Fun\u00e7\u00e3o de Governo Investimento \/ Implanta\u00e7\u00e3o do Observat\u00f3rio do Turismo \u2013 R$ 50.000,00 &nbsp; Sa\u00fade \u2013 R$ 35.000,00 Proponente Munic\u00edpio de Lajes &nbsp; N\u00ba da Emenda 225 Autoria Assembleia Legislativa Valor Previsto R$ 320.000,00 Valor Desembolsado [&hellip;]<\/p>\n","protected":false},"author":3,"featured_media":0,"parent":0,"menu_order":0,"comment_status":"closed","ping_status":"closed","template":"","meta":{"ocean_post_layout":"","ocean_both_sidebars_style":"","ocean_both_sidebars_content_width":0,"ocean_both_sidebars_sidebars_width":0,"ocean_sidebar":"0","ocean_second_sidebar":"0","ocean_disable_margins":"enable","ocean_add_body_class":"","ocean_shortcode_before_top_bar":"","ocean_shortcode_after_top_bar":"","ocean_shortcode_before_header":"","ocean_shortcode_after_header":"","ocean_has_shortcode":"","ocean_shortcode_after_title":"","ocean_shortcode_before_footer_widgets":"","ocean_shortcode_after_footer_widgets":"","ocean_shortcode_before_footer_bottom":"","ocean_shortcode_after_footer_bottom":"","ocean_display_top_bar":"default","ocean_display_header":"default","ocean_header_style":"","ocean_center_header_left_menu":"0","ocean_custom_header_template":"0","ocean_custom_logo":0,"ocean_custom_retina_logo":0,"ocean_custom_logo_max_width":0,"ocean_custom_logo_tablet_max_width":0,"ocean_custom_logo_mobile_max_width":0,"ocean_custom_logo_max_height":0,"ocean_custom_logo_tablet_max_height":0,"ocean_custom_logo_mobile_max_height":0,"ocean_header_custom_menu":"0","ocean_menu_typo_font_family":"0","ocean_menu_typo_font_subset":"","ocean_menu_typo_font_size":0,"ocean_menu_typo_font_size_tablet":0,"ocean_menu_typo_font_size_mobile":0,"ocean_menu_typo_font_size_unit":"px","ocean_menu_typo_font_weight":"","ocean_menu_typo_font_weight_tablet":"","ocean_menu_typo_font_weight_mobile":"","ocean_menu_typo_transform":"","ocean_menu_typo_transform_tablet":"","ocean_menu_typo_transform_mobile":"","ocean_menu_typo_line_height":0,"ocean_menu_typo_line_height_tablet":0,"ocean_menu_typo_line_height_mobile":0,"ocean_menu_typo_line_height_unit":"","ocean_menu_typo_spacing":0,"ocean_menu_typo_spacing_tablet":0,"ocean_menu_typo_spacing_mobile":0,"ocean_menu_typo_spacing_unit":"","ocean_menu_link_color":"","ocean_menu_link_color_hover":"","ocean_menu_link_color_active":"","ocean_menu_link_background":"","ocean_menu_link_hover_background":"","ocean_menu_link_active_background":"","ocean_menu_social_links_bg":"","ocean_menu_social_hover_links_bg":"","ocean_menu_social_links_color":"","ocean_menu_social_hover_links_color":"","ocean_disable_title":"default","ocean_disable_heading":"default","ocean_post_title":"","ocean_post_subheading":"","ocean_post_title_style":"","ocean_post_title_background_color":"","ocean_post_title_background":0,"ocean_post_title_bg_image_position":"","ocean_post_title_bg_image_attachment":"","ocean_post_title_bg_image_repeat":"","ocean_post_title_bg_image_size":"","ocean_post_title_height":0,"ocean_post_title_bg_overlay":0.5,"ocean_post_title_bg_overlay_color":"","ocean_disable_breadcrumbs":"default","ocean_breadcrumbs_color":"","ocean_breadcrumbs_separator_color":"","ocean_breadcrumbs_links_color":"","ocean_breadcrumbs_links_hover_color":"","ocean_display_footer_widgets":"default","ocean_display_footer_bottom":"default","ocean_custom_footer_template":"0","footnotes":""},"class_list":["post-33055","page","type-page","status-publish","hentry","entry"],"_links":{"self":[{"href":"https:\/\/lajes.rn.gov.br\/transparente\/index\/wp-json\/wp\/v2\/pages\/33055","targetHints":{"allow":["GET"]}}],"collection":[{"href":"https:\/\/lajes.rn.gov.br\/transparente\/index\/wp-json\/wp\/v2\/pages"}],"about":[{"href":"https:\/\/lajes.rn.gov.br\/transparente\/index\/wp-json\/wp\/v2\/types\/page"}],"author":[{"embeddable":true,"href":"https:\/\/lajes.rn.gov.br\/transparente\/index\/wp-json\/wp\/v2\/users\/3"}],"replies":[{"embeddable":true,"href":"https:\/\/lajes.rn.gov.br\/transparente\/index\/wp-json\/wp\/v2\/comments?post=33055"}],"version-history":[{"count":5,"href":"https:\/\/lajes.rn.gov.br\/transparente\/index\/wp-json\/wp\/v2\/pages\/33055\/revisions"}],"predecessor-version":[{"id":36657,"href":"https:\/\/lajes.rn.gov.br\/transparente\/index\/wp-json\/wp\/v2\/pages\/33055\/revisions\/36657"}],"wp:attachment":[{"href":"https:\/\/lajes.rn.gov.br\/transparente\/index\/wp-json\/wp\/v2\/media?parent=33055"}],"curies":[{"name":"wp","href":"https:\/\/api.w.org\/{rel}","templated":true}]}}