{"id":33042,"date":"2024-05-13T14:54:08","date_gmt":"2024-05-13T17:54:08","guid":{"rendered":"https:\/\/lajes.rn.gov.br\/transparente\/index\/?page_id=33042"},"modified":"2025-04-24T14:53:47","modified_gmt":"2025-04-24T17:53:47","slug":"emendas-parlamentares-federal","status":"publish","type":"page","link":"https:\/\/lajes.rn.gov.br\/transparente\/index\/emendas-parlamentares-federal\/","title":{"rendered":"EMENDAS PARLAMENTARES | FEDERAL"},"content":{"rendered":"<div align=\"right\">|\u00a0<strong><a href=\"\/feed\" target=\"_blank\" rel=\"noopener\">XML\u2193<\/a><\/strong>\u00a0| <a href=\"https:\/\/lajes.rn.gov.br\/transparente\/index\/wp-content\/uploads\/2025\/04\/export.csv\" target=\"_blank\" rel=\"noopener\">\u00a0<strong>CSV\u2193<\/strong><\/a>\u00a0| <a href=\"?print=pdf\" target=\"_blank\" rel=\"noopener\"><strong>PDF<\/strong>\u2193<\/a>\u00a0\u00a0| <a href=\"?print=print\" target=\"_blank\" rel=\"noopener\"><strong>IMPRIMIR<\/strong>\u2193<\/a>\u00a0\u00a0|<\/div>\n<table>\n<tbody>\n<tr>\n<td width=\"283\">N\u00ba da Emenda<\/td>\n<td width=\"283\">20330008<\/td>\n<\/tr>\n<tr>\n<td width=\"283\">N\u00ba do Conv\u00eanio<\/td>\n<td width=\"283\">869861<\/td>\n<\/tr>\n<tr>\n<td width=\"283\">Autoria<\/td>\n<td width=\"283\">Garibaldi Alves Filho<\/td>\n<\/tr>\n<tr>\n<td width=\"283\">Valor Previsto<\/td>\n<td width=\"283\">R$ 270.476,19<\/td>\n<\/tr>\n<tr>\n<td width=\"283\">Valor Desembolsado<\/td>\n<td width=\"283\">R$ 270.476,19<\/td>\n<\/tr>\n<tr>\n<td width=\"283\">Fun\u00e7\u00e3o de Governo<\/td>\n<td width=\"283\">Urbanismo \/ Infraestrutura \/ Reforma das Pra\u00e7as Get\u00falio Vargas e da Sebasti\u00e3o Duda da Rocha<\/td>\n<\/tr>\n<tr>\n<td width=\"283\">Proponente<\/td>\n<td width=\"283\">Munic\u00edpio de Lajes<\/td>\n<\/tr>\n<\/tbody>\n<\/table>\n<table>\n<tbody>\n<tr>\n<td width=\"283\">N\u00ba da Emenda<\/td>\n<td width=\"283\">71210012<\/td>\n<\/tr>\n<tr>\n<td width=\"283\">N\u00ba do Conv\u00eanio<\/td>\n<td width=\"283\">900823<\/td>\n<\/tr>\n<tr>\n<td width=\"283\">Autoria<\/td>\n<td width=\"283\">Bancada do Rio Grande do Norte<\/td>\n<\/tr>\n<tr>\n<td width=\"283\">Valor Previsto<\/td>\n<td width=\"283\">R$ 2.968.393,00<\/td>\n<\/tr>\n<tr>\n<td width=\"283\">Valor Desembolsado<\/td>\n<td width=\"283\">R$ 594.600,00<\/td>\n<\/tr>\n<tr>\n<td width=\"283\">Fun\u00e7\u00e3o de Governo<\/td>\n<td width=\"283\">Urbanismo \/ Infraestrutura \/ Constru\u00e7\u00e3o de um Galp\u00e3o Industrial<\/td>\n<\/tr>\n<tr>\n<td width=\"283\">Proponente<\/td>\n<td width=\"283\">Munic\u00edpio de Lajes<\/td>\n<\/tr>\n<\/tbody>\n<\/table>\n<p>&nbsp;<\/p>\n<table>\n<tbody>\n<tr>\n<td width=\"283\">N\u00ba da Emenda<\/td>\n<td width=\"283\">39170011<\/td>\n<\/tr>\n<tr>\n<td width=\"283\">N\u00ba do Conv\u00eanio<\/td>\n<td width=\"283\">0903-003247<\/td>\n<\/tr>\n<tr>\n<td width=\"283\">Autoria<\/td>\n<td width=\"283\">Benes Leoc\u00e1dio<\/td>\n<\/tr>\n<tr>\n<td width=\"283\">Valor Previsto<\/td>\n<td width=\"283\">R$ 250.000,00<\/td>\n<\/tr>\n<tr>\n<td width=\"283\">Valor Desembolsado<\/td>\n<td width=\"283\">R$ 250.000,00<\/td>\n<\/tr>\n<tr>\n<td width=\"283\">Fun\u00e7\u00e3o de Governo<\/td>\n<td width=\"283\">Investimento<\/td>\n<\/tr>\n<tr>\n<td width=\"283\">Proponente<\/td>\n<td width=\"283\">Munic\u00edpio de Lajes<\/td>\n<\/tr>\n<\/tbody>\n<\/table>\n<table>\n<tbody>\n<tr>\n<td width=\"283\">N\u00ba da Emenda<\/td>\n<td width=\"283\">30540001<\/td>\n<\/tr>\n<tr>\n<td width=\"283\">N\u00ba do Conv\u00eanio<\/td>\n<td width=\"283\">09032021-010747<\/td>\n<\/tr>\n<tr>\n<td width=\"283\">Autoria<\/td>\n<td width=\"283\">Beto Rosado<\/td>\n<\/tr>\n<tr>\n<td width=\"283\">Valor Previsto<\/td>\n<td width=\"283\">R$ 40.000,00<\/td>\n<\/tr>\n<tr>\n<td width=\"283\">Valor Desembolsado<\/td>\n<td width=\"283\">R$ 40.000,00<\/td>\n<\/tr>\n<tr>\n<td width=\"283\">Fun\u00e7\u00e3o de Governo<\/td>\n<td width=\"283\">Administra\u00e7\u00e3o Geral \/ Custeio<\/td>\n<\/tr>\n<tr>\n<td width=\"283\">Proponente<\/td>\n<td width=\"283\">Munic\u00edpio de Lajes<\/td>\n<\/tr>\n<\/tbody>\n<\/table>\n<p>&nbsp;<\/p>\n<table>\n<tbody>\n<tr>\n<td width=\"283\">N\u00ba da Emenda<\/td>\n<td width=\"283\">39170004<\/td>\n<\/tr>\n<tr>\n<td width=\"283\">N\u00ba do Conv\u00eanio<\/td>\n<td width=\"283\">09032021-011895<\/td>\n<\/tr>\n<tr>\n<td width=\"283\">Autoria<\/td>\n<td width=\"283\">Benes Leoc\u00e1dio<\/td>\n<\/tr>\n<tr>\n<td width=\"283\">Valor Previsto<\/td>\n<td width=\"283\">R$ 150.000,00<\/td>\n<\/tr>\n<tr>\n<td width=\"283\">Valor Desembolsado<\/td>\n<td width=\"283\">R$ 150.000,00<\/td>\n<\/tr>\n<tr>\n<td width=\"283\">Fun\u00e7\u00e3o de Governo<\/td>\n<td width=\"283\">Investimento<\/td>\n<\/tr>\n<tr>\n<td width=\"283\">Proponente<\/td>\n<td width=\"283\">Munic\u00edpio de Lajes<\/td>\n<\/tr>\n<\/tbody>\n<\/table>\n<table>\n<tbody>\n<tr>\n<td width=\"283\">N\u00ba da Emenda<\/td>\n<td width=\"283\">30540003<\/td>\n<\/tr>\n<tr>\n<td width=\"283\">N\u00ba do Conv\u00eanio<\/td>\n<td width=\"283\">09032022-015435<\/td>\n<\/tr>\n<tr>\n<td width=\"283\">Autoria<\/td>\n<td width=\"283\">Beto Rosado<\/td>\n<\/tr>\n<tr>\n<td width=\"283\">Valor Previsto<\/td>\n<td width=\"283\">R$ 500.000,00<\/td>\n<\/tr>\n<tr>\n<td width=\"283\">Valor Realizado<\/td>\n<td width=\"283\">R$ 500.000,00<\/td>\n<\/tr>\n<tr>\n<td width=\"283\">Fun\u00e7\u00e3o de Governo<\/td>\n<td width=\"283\">Aquisi\u00e7\u00e3o de Bem<\/td>\n<\/tr>\n<tr>\n<td width=\"283\">Proponente<\/td>\n<td width=\"283\">Munic\u00edpio de Lajes<\/td>\n<\/tr>\n<\/tbody>\n<\/table>\n<p>&nbsp;<\/p>\n<table>\n<tbody>\n<tr>\n<td width=\"283\">N\u00ba da Emenda<\/td>\n<td width=\"283\">39170004<\/td>\n<\/tr>\n<tr>\n<td width=\"283\">N\u00ba do Conv\u00eanio<\/td>\n<td width=\"283\">09032021-011895<\/td>\n<\/tr>\n<tr>\n<td width=\"283\">Autoria<\/td>\n<td width=\"283\">Benes Leoc\u00e1dio<\/td>\n<\/tr>\n<tr>\n<td width=\"283\">Valor Previsto<\/td>\n<td width=\"283\">R$ 400.000,00<\/td>\n<\/tr>\n<tr>\n<td width=\"283\">Valor Desembolsado<\/td>\n<td width=\"283\">R$ 222.114,02<\/td>\n<\/tr>\n<tr>\n<td width=\"283\">Fun\u00e7\u00e3o de Governo<\/td>\n<td width=\"283\">Sa\u00fade \/ Investimento<\/td>\n<\/tr>\n<tr>\n<td width=\"283\">Proponente<\/td>\n<td width=\"283\">APAMI<\/td>\n<\/tr>\n<\/tbody>\n<\/table>\n<table>\n<tbody>\n<tr>\n<td width=\"283\">N\u00ba da Emenda<\/td>\n<td width=\"283\">30540003<\/td>\n<\/tr>\n<tr>\n<td width=\"283\">N\u00ba do Conv\u00eanio<\/td>\n<td width=\"283\">09032023-032487<\/td>\n<\/tr>\n<tr>\n<td width=\"283\">Autoria<\/td>\n<td width=\"283\">Beto Rosado<\/td>\n<\/tr>\n<tr>\n<td width=\"283\">Valor Previsto<\/td>\n<td width=\"283\">R$ 500.000,00<\/td>\n<\/tr>\n<tr>\n<td width=\"283\">Valor Desembolsado<\/td>\n<td width=\"283\">R$ 500.000,00<\/td>\n<\/tr>\n<tr>\n<td width=\"283\">Fun\u00e7\u00e3o de Governo<\/td>\n<td width=\"283\">Urbanismo \/ Infraestrutura \/ Pavimenta\u00e7\u00e3o e Drenagem<\/td>\n<\/tr>\n<tr>\n<td width=\"283\">Proponente<\/td>\n<td width=\"283\">Munic\u00edpio de Lajes<\/td>\n<\/tr>\n<\/tbody>\n<\/table>\n<p>&nbsp;<\/p>\n<table>\n<tbody>\n<tr>\n<td width=\"283\">N\u00ba da Emenda<\/td>\n<td width=\"283\">41630016<\/td>\n<\/tr>\n<tr>\n<td width=\"283\">N\u00ba do Conv\u00eanio<\/td>\n<td width=\"283\">09032023-2-041796<\/td>\n<\/tr>\n<tr>\n<td width=\"283\">Autoria<\/td>\n<td width=\"283\">Natalia Bonavides<\/td>\n<\/tr>\n<tr>\n<td width=\"283\">Valor Previsto<\/td>\n<td width=\"283\">R$ 300.000,00<\/td>\n<\/tr>\n<tr>\n<td width=\"283\">Valor Desembolsado<\/td>\n<td width=\"283\">R$ 300.000,00<\/td>\n<\/tr>\n<tr>\n<td width=\"283\">Fun\u00e7\u00e3o de Governo<\/td>\n<td width=\"283\">Urbanismo \/ Infraestrutura \/ Apoio a Projetos de Infraestrutura Tur\u00edstica<\/td>\n<\/tr>\n<tr>\n<td width=\"283\">Proponente<\/td>\n<td width=\"283\">Munic\u00edpio de Lajes<\/td>\n<\/tr>\n<\/tbody>\n<\/table>\n<p>&nbsp;<\/p>\n<table>\n<tbody>\n<tr>\n<td width=\"283\">N\u00ba da Emenda<\/td>\n<td width=\"283\">38860002<\/td>\n<\/tr>\n<tr>\n<td width=\"283\">N\u00ba do Conv\u00eanio<\/td>\n<td width=\"283\">09032023-032526<\/td>\n<\/tr>\n<tr>\n<td width=\"283\">Autoria<\/td>\n<td width=\"283\">Jean Paul Prates<\/td>\n<\/tr>\n<tr>\n<td width=\"283\">Valor Previsto<\/td>\n<td width=\"283\">R$ 400.000,00<\/td>\n<\/tr>\n<tr>\n<td width=\"283\">Valor Desembolsado<\/td>\n<td width=\"283\">R$ 400.000,00<\/td>\n<\/tr>\n<tr>\n<td width=\"283\">Fun\u00e7\u00e3o de Governo<\/td>\n<td width=\"283\">Sa\u00fade \/ Aten\u00e7\u00e3o B\u00e1sica \/ Assist\u00eancia Hospitalar e Ambulatorial<\/td>\n<\/tr>\n<tr>\n<td width=\"283\">Proponente<\/td>\n<td width=\"283\">Munic\u00edpio de Lajes<\/td>\n<\/tr>\n<\/tbody>\n<\/table>\n<p>&nbsp;<\/p>\n<table>\n<tbody>\n<tr>\n<td width=\"283\">N\u00ba da Emenda<\/td>\n<td width=\"283\">39940013<\/td>\n<\/tr>\n<tr>\n<td width=\"283\">N\u00ba do Conv\u00eanio<\/td>\n<td width=\"283\">952867<\/td>\n<\/tr>\n<tr>\n<td width=\"283\">Autoria<\/td>\n<td width=\"283\">General Gir\u00e3o<\/td>\n<\/tr>\n<tr>\n<td width=\"283\">Valor Previsto<\/td>\n<td width=\"283\">R$ 344.515,00<\/td>\n<\/tr>\n<tr>\n<td width=\"283\">Valor Desembolsado<\/td>\n<td width=\"283\">R$ 0,00<\/td>\n<\/tr>\n<tr>\n<td width=\"283\">Fun\u00e7\u00e3o de Governo<\/td>\n<td width=\"283\">Sa\u00fade \/ Aquisi\u00e7\u00e3o de Equipamento e Material Permanente<\/td>\n<\/tr>\n<tr>\n<td width=\"283\">Proponente<\/td>\n<td width=\"283\">APAMI<\/td>\n<\/tr>\n<\/tbody>\n<\/table>\n<p>&nbsp;<\/p>\n<table>\n<tbody>\n<tr>\n<td width=\"283\">N\u00ba da Emenda<\/td>\n<td width=\"283\">39170002<\/td>\n<\/tr>\n<tr>\n<td width=\"283\">N\u00ba do Conv\u00eanio<\/td>\n<td width=\"283\">947292<\/td>\n<\/tr>\n<tr>\n<td width=\"283\">Autoria<\/td>\n<td width=\"283\">Benes Leoc\u00e1dio<\/td>\n<\/tr>\n<tr>\n<td width=\"283\">Valor Previsto<\/td>\n<td width=\"283\">R$ 621.799,00<\/td>\n<\/tr>\n<tr>\n<td width=\"283\">Valor Desembolsado<\/td>\n<td width=\"283\">R$ 0,00<\/td>\n<\/tr>\n<tr>\n<td width=\"283\">Fun\u00e7\u00e3o de Governo<\/td>\n<td width=\"283\">Sa\u00fade \/ Aquisi\u00e7\u00e3o de Equipamento e Material Permanente<\/td>\n<\/tr>\n<tr>\n<td width=\"283\">Proponente<\/td>\n<td width=\"283\">APAMI<\/td>\n<\/tr>\n<\/tbody>\n<\/table>\n","protected":false},"excerpt":{"rendered":"<p>|\u00a0XML\u2193\u00a0| \u00a0CSV\u2193\u00a0| PDF\u2193\u00a0\u00a0| IMPRIMIR\u2193\u00a0\u00a0| N\u00ba da Emenda 20330008 N\u00ba do Conv\u00eanio 869861 Autoria Garibaldi Alves Filho Valor Previsto R$ 270.476,19 Valor Desembolsado R$ 270.476,19 Fun\u00e7\u00e3o de Governo Urbanismo \/ Infraestrutura \/ Reforma das Pra\u00e7as Get\u00falio Vargas e da Sebasti\u00e3o Duda da Rocha Proponente Munic\u00edpio de Lajes N\u00ba da Emenda 71210012 N\u00ba do Conv\u00eanio 900823 Autoria [&hellip;]<\/p>\n","protected":false},"author":3,"featured_media":0,"parent":0,"menu_order":0,"comment_status":"closed","ping_status":"closed","template":"","meta":{"ocean_post_layout":"","ocean_both_sidebars_style":"","ocean_both_sidebars_content_width":0,"ocean_both_sidebars_sidebars_width":0,"ocean_sidebar":"0","ocean_second_sidebar":"0","ocean_disable_margins":"enable","ocean_add_body_class":"","ocean_shortcode_before_top_bar":"","ocean_shortcode_after_top_bar":"","ocean_shortcode_before_header":"","ocean_shortcode_after_header":"","ocean_has_shortcode":"","ocean_shortcode_after_title":"","ocean_shortcode_before_footer_widgets":"","ocean_shortcode_after_footer_widgets":"","ocean_shortcode_before_footer_bottom":"","ocean_shortcode_after_footer_bottom":"","ocean_display_top_bar":"default","ocean_display_header":"default","ocean_header_style":"","ocean_center_header_left_menu":"0","ocean_custom_header_template":"0","ocean_custom_logo":0,"ocean_custom_retina_logo":0,"ocean_custom_logo_max_width":0,"ocean_custom_logo_tablet_max_width":0,"ocean_custom_logo_mobile_max_width":0,"ocean_custom_logo_max_height":0,"ocean_custom_logo_tablet_max_height":0,"ocean_custom_logo_mobile_max_height":0,"ocean_header_custom_menu":"0","ocean_menu_typo_font_family":"0","ocean_menu_typo_font_subset":"","ocean_menu_typo_font_size":0,"ocean_menu_typo_font_size_tablet":0,"ocean_menu_typo_font_size_mobile":0,"ocean_menu_typo_font_size_unit":"px","ocean_menu_typo_font_weight":"","ocean_menu_typo_font_weight_tablet":"","ocean_menu_typo_font_weight_mobile":"","ocean_menu_typo_transform":"","ocean_menu_typo_transform_tablet":"","ocean_menu_typo_transform_mobile":"","ocean_menu_typo_line_height":0,"ocean_menu_typo_line_height_tablet":0,"ocean_menu_typo_line_height_mobile":0,"ocean_menu_typo_line_height_unit":"","ocean_menu_typo_spacing":0,"ocean_menu_typo_spacing_tablet":0,"ocean_menu_typo_spacing_mobile":0,"ocean_menu_typo_spacing_unit":"","ocean_menu_link_color":"","ocean_menu_link_color_hover":"","ocean_menu_link_color_active":"","ocean_menu_link_background":"","ocean_menu_link_hover_background":"","ocean_menu_link_active_background":"","ocean_menu_social_links_bg":"","ocean_menu_social_hover_links_bg":"","ocean_menu_social_links_color":"","ocean_menu_social_hover_links_color":"","ocean_disable_title":"default","ocean_disable_heading":"default","ocean_post_title":"","ocean_post_subheading":"","ocean_post_title_style":"","ocean_post_title_background_color":"","ocean_post_title_background":0,"ocean_post_title_bg_image_position":"","ocean_post_title_bg_image_attachment":"","ocean_post_title_bg_image_repeat":"","ocean_post_title_bg_image_size":"","ocean_post_title_height":0,"ocean_post_title_bg_overlay":0.5,"ocean_post_title_bg_overlay_color":"","ocean_disable_breadcrumbs":"default","ocean_breadcrumbs_color":"","ocean_breadcrumbs_separator_color":"","ocean_breadcrumbs_links_color":"","ocean_breadcrumbs_links_hover_color":"","ocean_display_footer_widgets":"default","ocean_display_footer_bottom":"default","ocean_custom_footer_template":"0","footnotes":""},"class_list":["post-33042","page","type-page","status-publish","hentry","entry"],"_links":{"self":[{"href":"https:\/\/lajes.rn.gov.br\/transparente\/index\/wp-json\/wp\/v2\/pages\/33042","targetHints":{"allow":["GET"]}}],"collection":[{"href":"https:\/\/lajes.rn.gov.br\/transparente\/index\/wp-json\/wp\/v2\/pages"}],"about":[{"href":"https:\/\/lajes.rn.gov.br\/transparente\/index\/wp-json\/wp\/v2\/types\/page"}],"author":[{"embeddable":true,"href":"https:\/\/lajes.rn.gov.br\/transparente\/index\/wp-json\/wp\/v2\/users\/3"}],"replies":[{"embeddable":true,"href":"https:\/\/lajes.rn.gov.br\/transparente\/index\/wp-json\/wp\/v2\/comments?post=33042"}],"version-history":[{"count":6,"href":"https:\/\/lajes.rn.gov.br\/transparente\/index\/wp-json\/wp\/v2\/pages\/33042\/revisions"}],"predecessor-version":[{"id":36659,"href":"https:\/\/lajes.rn.gov.br\/transparente\/index\/wp-json\/wp\/v2\/pages\/33042\/revisions\/36659"}],"wp:attachment":[{"href":"https:\/\/lajes.rn.gov.br\/transparente\/index\/wp-json\/wp\/v2\/media?parent=33042"}],"curies":[{"name":"wp","href":"https:\/\/api.w.org\/{rel}","templated":true}]}}