{"id":32339,"date":"2024-04-08T09:52:55","date_gmt":"2024-04-08T12:52:55","guid":{"rendered":"https:\/\/lajes.rn.gov.br\/transparente\/index\/?page_id=32339"},"modified":"2025-04-24T14:59:24","modified_gmt":"2025-04-24T17:59:24","slug":"rreo-2024","status":"publish","type":"page","link":"https:\/\/lajes.rn.gov.br\/transparente\/index\/rreo-2024\/","title":{"rendered":"RREO | 2024"},"content":{"rendered":"<div align=\"right\">|\u00a0<strong><a href=\"\/feed\" target=\"_blank\" rel=\"noopener\">XML\u2193<\/a><\/strong>\u00a0| <a href=\"https:\/\/lajes.rn.gov.br\/transparente\/index\/wp-content\/uploads\/2025\/04\/export.csv\" target=\"_blank\" rel=\"noopener\">\u00a0<strong>CSV\u2193<\/strong><\/a>\u00a0| <a href=\"?print=pdf\" target=\"_blank\" rel=\"noopener\"><strong>PDF<\/strong>\u2193<\/a>\u00a0\u00a0| <a href=\"?print=print\" target=\"_blank\" rel=\"noopener\"><strong>IMPRIMIR<\/strong>\u2193<\/a>\u00a0\u00a0|<\/div>\n<p>&nbsp;<\/p>\n<div class=\"pt-cv-wrapper\"><div class=\"pt-cv-view pt-cv-blockgrid iscvblock iscvhybrid list1 layout1\" id=\"pt-cv-view-db0dcc7fy6\"><div data-id=\"pt-cv-page-1\" class=\"pt-cv-page\" data-cvc=\"1\"><div class=\" pt-cv-content-item pt-cv-2-col\" ><p class=\"pt-cv-title\"><a href=\"https:\/\/lajes.rn.gov.br\/transparente\/index\/rreo-6o-bimestre-demonstrativo-da-projecao-atuarial-do-regime-proprio-de-previdencia-social-rpps\/\" class=\"_self\" target=\"_self\" >RREO &#8211; 6\u00ba BIMESTRE DE 2024 &#8211; DEMONSTRATIVO DA PROJE\u00c7\u00c3O ATUARIAL DO REGIME PR\u00d3PRIO DE PREVID\u00caNCIA SOCIAL (RPPS)<\/a><\/p><\/div>\n<div class=\" pt-cv-content-item pt-cv-2-col\" ><p class=\"pt-cv-title\"><a href=\"https:\/\/lajes.rn.gov.br\/transparente\/index\/rreo-6o-bimestre-balanco-orcamentario-receitas-e-despesas\/\" class=\"_self\" target=\"_self\" >RREO &#8211; 6\u00ba BIMESTRE DE 2024 &#8211; BALAN\u00c7O OR\u00c7AMENT\u00c1RIO (RECEITAS E DESPESAS)<\/a><\/p><\/div>\n<div class=\" pt-cv-content-item pt-cv-2-col\" ><p class=\"pt-cv-title\"><a href=\"https:\/\/lajes.rn.gov.br\/transparente\/index\/rreo-6o-bimestre-demonstrativo-simplificado-do-relatorio-resumido-da-execucao-orcamentaria\/\" class=\"_self\" target=\"_self\" >RREO &#8211; 6\u00ba BIMESTRE DE 2024 &#8211; DEMONSTRATIVO SIMPLIFICADO DO RELAT\u00d3RIO RESUMIDO DA EXECU\u00c7\u00c3O OR\u00c7AMENT\u00c1RIA<\/a><\/p><\/div>\n<div class=\" pt-cv-content-item pt-cv-2-col\" ><p class=\"pt-cv-title\"><a href=\"https:\/\/lajes.rn.gov.br\/transparente\/index\/rreo-6o-bimestre-demonstrativo-do-resultado-primario\/\" class=\"_self\" target=\"_self\" >RREO &#8211; 6\u00ba BIMESTRE DE 2024 &#8211; DEMONSTRATIVO DO RESULTADO PRIM\u00c1RIO<\/a><\/p><\/div>\n<div class=\" pt-cv-content-item pt-cv-2-col\" ><p class=\"pt-cv-title\"><a href=\"https:\/\/lajes.rn.gov.br\/transparente\/index\/rreo-6o-bimestre-demonstrativo-da-receita-da-alienacao-de-ativos-e-aplicacao-dos-recursos\/\" class=\"_self\" target=\"_self\" >RREO &#8211; 6\u00ba BIMESTRE DE 2024 &#8211; DEMONSTRATIVO DA RECEITA DA ALIENA\u00c7\u00c3O DE ATIVOS E APLICA\u00c7\u00c3O DOS RECURSOS<\/a><\/p><\/div>\n<div class=\" pt-cv-content-item pt-cv-2-col\" ><p class=\"pt-cv-title\"><a href=\"https:\/\/lajes.rn.gov.br\/transparente\/index\/rreo-6o-bimestre-demonstrativo-das-parcerias-publico-privadas\/\" class=\"_self\" target=\"_self\" >RREO &#8211; 6\u00ba BIMESTRE DE 2024 &#8211; DEMONSTRATIVO DAS PARCERIAS P\u00daBLICO-PRIVADAS<\/a><\/p><\/div>\n<div class=\" pt-cv-content-item pt-cv-2-col\" ><p class=\"pt-cv-title\"><a href=\"https:\/\/lajes.rn.gov.br\/transparente\/index\/rreo-6o-bimestre-demonstrativo-do-resultado-primario-correcao\/\" class=\"_self\" target=\"_self\" >RREO &#8211; 6\u00ba BIMESTRE DE 2024 &#8211; DEMONSTRATIVO DO RESULTADO PRIM\u00c1RIO &#8211; CORRECAO<\/a><\/p><\/div>\n<div class=\" pt-cv-content-item pt-cv-2-col\" ><p class=\"pt-cv-title\"><a href=\"https:\/\/lajes.rn.gov.br\/transparente\/index\/rreo-6o-bimestre-demonstrativo-da-receita-corrente-liquida\/\" class=\"_self\" target=\"_self\" >RREO &#8211; 6\u00ba BIMESTRE DE 2024 &#8211; DEMONSTRATIVO DA RECEITA CORRENTE L\u00cdQUIDA<\/a><\/p><\/div>\n<div class=\" pt-cv-content-item pt-cv-2-col\" ><p class=\"pt-cv-title\"><a href=\"https:\/\/lajes.rn.gov.br\/transparente\/index\/rreo-5o-bimestre-de-2024-anexo-08-demonstrativo-das-receitas-e-despesas-com-manutencao-e-desenvolvimento-do-ensino-mde\/\" class=\"_self\" target=\"_self\" >RREO \u2013 5\u00ba Bimestre de 2024 \u2013 ANEXO 08 &#8211; DEMONSTRATIVO DAS RECEITAS E DESPESAS COM MANUTEN\u00c7\u00c3O E DESENVOLVIMENTO DO ENSINO \u2013 MDE<\/a><\/p><\/div>\n<div class=\" pt-cv-content-item pt-cv-2-col\" ><p class=\"pt-cv-title\"><a href=\"https:\/\/lajes.rn.gov.br\/transparente\/index\/rreo-5o-bimestre-de-2024-anexo-01-balanco-orcamentario\/\" class=\"_self\" target=\"_self\" >RREO \u2013 5\u00ba Bimestre de 2024 \u2013 ANEXO 01 &#8211; BALANCO ORCAMENTARIO<\/a><\/p><\/div>\n<div class=\" pt-cv-content-item pt-cv-2-col\" ><p class=\"pt-cv-title\"><a href=\"https:\/\/lajes.rn.gov.br\/transparente\/index\/rreo-5o-bimestre-de-2024-anexo-12-demonstrativo-das-receitas-e-despesas-com-acoes-e-servicos-publicos-de-saude\/\" class=\"_self\" target=\"_self\" >RREO \u2013 5\u00ba Bimestre de 2024 \u2013 ANEXO 12 &#8211; DEMONSTRATIVO DAS RECEITAS E DESPESAS COM A\u00c7\u00d5ES E SERVI\u00c7OS P\u00daBLICOS DE SA\u00daDE<\/a><\/p><\/div>\n<div class=\" pt-cv-content-item pt-cv-2-col\" ><p class=\"pt-cv-title\"><a href=\"https:\/\/lajes.rn.gov.br\/transparente\/index\/rreo-5o-bimestre-de-2024-anexo-02-demonstrativo-da-execucao-das-despesas-por-funcaosubfuncao\/\" class=\"_self\" target=\"_self\" >RREO &#8211; 5\u00ba Bimestre de 2024 &#8211; ANEXO 02 &#8211; DEMONSTRATIVO DA EXECUCAO DAS DESPESAS POR FUNCAOSUBFUNCAO<\/a><\/p><\/div>\n<div class=\" pt-cv-content-item pt-cv-2-col\" ><p class=\"pt-cv-title\"><a href=\"https:\/\/lajes.rn.gov.br\/transparente\/index\/rreo-4o-bimestre-de-2024-anexo-i-bo-balanco-orcamentario\/\" class=\"_self\" target=\"_self\" >RREO &#8211; 4\u00ba BIMESTRE DE 2024 &#8211; ANEXO I &#8211; BO &#8211; BALANCO ORCAMENTARIO<\/a><\/p><\/div>\n<div class=\" pt-cv-content-item pt-cv-2-col\" ><p class=\"pt-cv-title\"><a href=\"https:\/\/lajes.rn.gov.br\/transparente\/index\/rreo-4o-bimestre-de-2024-anexo-ii-demonstrativo-da-execucao-das-despesas-por-funcao-subfuncao\/\" class=\"_self\" target=\"_self\" >RREO &#8211; 4\u00ba BIMESTRE DE 2024 &#8211; ANEXO II &#8211; DEMONSTRATIVO DA EXECU\u00c7\u00c3O DAS DESPESAS POR FUN\u00c7\u00c3O\/SUBFUN\u00c7\u00c3O<\/a><\/p><\/div>\n<div class=\" pt-cv-content-item pt-cv-2-col\" ><p class=\"pt-cv-title\"><a href=\"https:\/\/lajes.rn.gov.br\/transparente\/index\/rreo-4o-bimestre-de-2024-anexo-viii-demonstrativo-das-receitas-e-despesas-com-manutencao-e-desenvolvimento-do-ensino-mde\/\" class=\"_self\" target=\"_self\" >RREO &#8211; 4\u00ba BIMESTRE DE 2024 &#8211; ANEXO VIII &#8211; DEMONSTRATIVO DAS RECEITAS E DESPESAS COM MANUTEN\u00c7\u00c3O E DESENVOLVIMENTO DO ENSINO \u2013 MDE<\/a><\/p><\/div>\n<div class=\" pt-cv-content-item pt-cv-2-col\" ><p class=\"pt-cv-title\"><a href=\"https:\/\/lajes.rn.gov.br\/transparente\/index\/rreo-4o-bimestre-de-2024-anexo-xii-demonstrativo-das-receitas-e-despesas-com-acoes-e-servicos-publicos-de-saude\/\" class=\"_self\" target=\"_self\" >RREO &#8211; 4\u00ba BIMESTRE DE 2024 &#8211; ANEXO XII &#8211; DEMONSTRATIVO DAS RECEITAS E DESPESAS COM A\u00c7\u00d5ES E SERVI\u00c7OS P\u00daBLICOS DE SA\u00daDE<\/a><\/p><\/div>\n<div class=\" pt-cv-content-item pt-cv-2-col\" ><p class=\"pt-cv-title\"><a href=\"https:\/\/lajes.rn.gov.br\/transparente\/index\/rreo-3o-bimestre-de-2024-anexo-xiv-demonstrativo-simplificado-do-relatorio-resumido-da-execucao-orcamentaria\/\" class=\"_self\" target=\"_self\" >RREO &#8211; 3\u00ba BIMESTRE DE 2024 &#8211; ANEXO XIV &#8211; DEMONSTRATIVO SIMPLIFICADO DO RELAT\u00d3RIO RESUMIDO DA EXECU\u00c7\u00c3O OR\u00c7AMENT\u00c1RIA<\/a><\/p><\/div>\n<div class=\" pt-cv-content-item pt-cv-2-col\" ><p class=\"pt-cv-title\"><a href=\"https:\/\/lajes.rn.gov.br\/transparente\/index\/rreo-3o-bimestre-de-2024-anexo-ii-demonstrativo-da-execucao-das-despesas-por-funcao-subfuncao\/\" class=\"_self\" target=\"_self\" >RREO &#8211; 3\u00ba BIMESTRE DE 2024 &#8211; ANEXO II &#8211; DEMONSTRATIVO DA EXECU\u00c7\u00c3O DAS DESPESAS POR FUN\u00c7\u00c3O\/SUBFUN\u00c7\u00c3O<\/a><\/p><\/div>\n<div class=\" pt-cv-content-item pt-cv-2-col\" ><p class=\"pt-cv-title\"><a href=\"https:\/\/lajes.rn.gov.br\/transparente\/index\/rreo-3o-bimestre-de-2024-anexo-xiv-demonstrativo-simplificado-republicacao\/\" class=\"_self\" target=\"_self\" >RREO &#8211; 3\u00ba BIMESTRE DE 2024 &#8211; ANEXO XIV &#8211; DEMONSTRATIVO SIMPLIFICADO REPUBLICACAO<\/a><\/p><\/div>\n<div class=\" pt-cv-content-item pt-cv-2-col\" ><p class=\"pt-cv-title\"><a href=\"https:\/\/lajes.rn.gov.br\/transparente\/index\/rreo-3o-bimestre-de-2024-anexo-xii-demonstrativo-das-receitas-e-despesas-com-acoes-e-servicos-publicos-de-saude\/\" class=\"_self\" target=\"_self\" >RREO &#8211; 3\u00ba BIMESTRE DE 2024 &#8211; ANEXO XII &#8211; DEMONSTRATIVO DAS RECEITAS E DESPESAS COM A\u00c7\u00d5ES E SERVI\u00c7OS P\u00daBLICOS DE SA\u00daDE<\/a><\/p><\/div>\n<div class=\" pt-cv-content-item pt-cv-2-col\" ><p class=\"pt-cv-title\"><a href=\"https:\/\/lajes.rn.gov.br\/transparente\/index\/rreo-3o-bimestre-de-2024-anexo-vi-demonstrativo-do-resultado-primario\/\" class=\"_self\" target=\"_self\" >RREO &#8211; 3\u00ba BIMESTRE DE 2024 &#8211; ANEXO VI &#8211; DEMONSTRATIVO DO RESULTADO PRIM\u00c1RIO<\/a><\/p><\/div>\n<div class=\" pt-cv-content-item pt-cv-2-col\" ><p class=\"pt-cv-title\"><a href=\"https:\/\/lajes.rn.gov.br\/transparente\/index\/rreo-3o-bimestre-de-2024-anexo-xiii-demonstrativo-das-parcerias-publico-privadas\/\" class=\"_self\" target=\"_self\" >RREO &#8211; 3\u00ba BIMESTRE DE 2024 &#8211; ANEXO XIII &#8211; DEMONSTRATIVO DAS PARCERIAS P\u00daBLICO-PRIVADAS<\/a><\/p><\/div>\n<div class=\" pt-cv-content-item pt-cv-2-col\" ><p class=\"pt-cv-title\"><a href=\"https:\/\/lajes.rn.gov.br\/transparente\/index\/rreo-3o-bimestre-de-2024-anexo-iii-demonstrativo-da-receita-corrente-liquida\/\" class=\"_self\" target=\"_self\" >RREO &#8211; 3\u00ba BIMESTRE DE 2024 &#8211; ANEXO III &#8211; DEMONSTRATIVO DA RECEITA CORRENTE L\u00cdQUIDA<\/a><\/p><\/div>\n<div class=\" pt-cv-content-item pt-cv-2-col\" ><p class=\"pt-cv-title\"><a href=\"https:\/\/lajes.rn.gov.br\/transparente\/index\/rreo-3o-bimestre-de-2024-anexo-i-bo-balanco-orcamentario\/\" class=\"_self\" target=\"_self\" >RREO &#8211; 3\u00ba BIMESTRE DE 2024 &#8211; ANEXO I &#8211; BO &#8211; BALANCO ORCAMENTARIO<\/a><\/p><\/div>\n<div class=\" pt-cv-content-item pt-cv-2-col\" ><p class=\"pt-cv-title\"><a href=\"https:\/\/lajes.rn.gov.br\/transparente\/index\/rreo-3o-bimestre-de-2024-anexo-iii-rcl-republicada\/\" class=\"_self\" target=\"_self\" >RREO &#8211; 3\u00ba BIMESTRE DE 2024 &#8211; ANEXO III &#8211; RCL &#8211; REPUBLICADA<\/a><\/p><\/div><\/div><\/div>\n<div class=\" pt-cv-pagination-wrapper\"><ul class=\"pt-cv-pagination pt-cv-ajax pagination\" data-totalpages=\"2\" data-currentpage=\"1\" data-sid=\"db0dcc7fy6\" data-unid=\"\" data-isblock=\"\" data-postid=\"\"><li class=\"active\"><a href=\"#\">1<\/a><\/li>\n\t<li ><a class=\"\" href=\"https:\/\/lajes.rn.gov.br\/transparente\/index\/wp-json\/wp\/v2\/pages\/32339\/?_page=2\">2<\/a><\/li>\n\t<li ><a class=\" \" href=\"https:\/\/lajes.rn.gov.br\/transparente\/index\/wp-json\/wp\/v2\/pages\/32339\/?_page=2\">&rsaquo;<\/a><\/li>\n\t<\/ul><img decoding=\"async\" width=\"15\" height=\"15\" class=\"pt-cv-spinner\" alt=\"Carregando...;\" src=\"data:image\/gif;base64,R0lGODlhDwAPALMPAMrKygwMDJOTkz09PZWVla+vr3p6euTk5M7OzuXl5TMzMwAAAJmZmWZmZszMzP\/\/\/yH\/C05FVFNDQVBFMi4wAwEAAAAh+QQFCgAPACwAAAAADwAPAAAEQvDJaZaZOIcV8iQK8VRX4iTYoAwZ4iCYoAjZ4RxejhVNoT+mRGP4cyF4Pp0N98sBGIBMEMOotl6YZ3S61Bmbkm4mAgAh+QQFCgAPACwAAAAADQANAAAENPDJSRSZeA418itN8QiK8BiLITVsFiyBBIoYqnoewAD4xPw9iY4XLGYSjkQR4UAUD45DLwIAIfkEBQoADwAsAAAAAA8ACQAABC\/wyVlamTi3nSdgwFNdhEJgTJoNyoB9ISYoQmdjiZPcj7EYCAeCF1gEDo4Dz2eIAAAh+QQFCgAPACwCAAAADQANAAAEM\/DJBxiYeLKdX3IJZT1FU0iIg2RNKx3OkZVnZ98ToRD4MyiDnkAh6BkNC0MvsAj0kMpHBAAh+QQFCgAPACwGAAAACQAPAAAEMDC59KpFDll73HkAA2wVY5KgiK5b0RRoI6MuzG6EQqCDMlSGheEhUAgqgUUAFRySIgAh+QQFCgAPACwCAAIADQANAAAEM\/DJKZNLND\/kkKaHc3xk+QAMYDKsiaqmZCxGVjSFFCxB1vwy2oOgIDxuucxAMTAJFAJNBAAh+QQFCgAPACwAAAYADwAJAAAEMNAs86q1yaWwwv2Ig0jUZx3OYa4XoRAfwADXoAwfo1+CIjyFRuEho60aSNYlOPxEAAAh+QQFCgAPACwAAAIADQANAAAENPA9s4y8+IUVcqaWJ4qEQozSoAzoIyhCK2NFU2SJk0hNnyEOhKR2AzAAj4Pj4GE4W0bkJQIAOw==\" \/><div class=\"clear pt-cv-clear-pagination\"><\/div><\/div><\/div>\t\t\t<style type=\"text\/css\" id=\"pt-cv-inline-style-5a5ec09ums\">\n#pt-cv-view-db0dcc7fy6 .pt-cv-thumb-wrapper:not(.miniwrap) { width: 40%; }#pt-cv-view-db0dcc7fy6 .pt-cv-thumbnail:not(.pt-cv-thumbnailsm) { height: 300px; }#pt-cv-view-db0dcc7fy6 > .pt-cv-page {grid-template-columns: repeat(1, 1fr);grid-gap: 15px;}\n@media all and (max-width: 1024px) { \n#pt-cv-view-db0dcc7fy6 > .pt-cv-page {grid-template-columns: repeat(1, 1fr);}\n} \n@media all and (max-width: 767px) { \n#pt-cv-view-db0dcc7fy6 > .pt-cv-page {grid-template-columns: repeat(1, 1fr);}\n} <\/style>\r\n\t\t\t\n<p>&nbsp;<\/p>\n<p>&nbsp;<\/p>\n<p>&nbsp;<\/p>\n<p>&nbsp;<\/p>\n<p>&nbsp;<\/p>\n<p>&nbsp;<\/p>\n<p>&nbsp;<\/p>\n<p>&nbsp;<\/p>\n<p>&nbsp;<\/p>\n<p>&nbsp;<\/p>\n<p>&nbsp;<\/p>\n<p>&nbsp;<\/p>\n<p>&nbsp;<\/p>\n<p>&nbsp;<\/p>\n<p>&nbsp;<\/p>\n<p>&nbsp;<\/p>\n<p>&nbsp;<\/p>\n","protected":false},"excerpt":{"rendered":"<p>|\u00a0XML\u2193\u00a0| \u00a0CSV\u2193\u00a0| PDF\u2193\u00a0\u00a0| IMPRIMIR\u2193\u00a0\u00a0| &nbsp; &nbsp; &nbsp; &nbsp; &nbsp; &nbsp; &nbsp; &nbsp; &nbsp; &nbsp; &nbsp; &nbsp; &nbsp; &nbsp; &nbsp; &nbsp; &nbsp; &nbsp;<\/p>\n","protected":false},"author":3,"featured_media":0,"parent":0,"menu_order":0,"comment_status":"closed","ping_status":"closed","template":"","meta":{"ocean_post_layout":"","ocean_both_sidebars_style":"","ocean_both_sidebars_content_width":0,"ocean_both_sidebars_sidebars_width":0,"ocean_sidebar":"0","ocean_second_sidebar":"0","ocean_disable_margins":"enable","ocean_add_body_class":"","ocean_shortcode_before_top_bar":"","ocean_shortcode_after_top_bar":"","ocean_shortcode_before_header":"","ocean_shortcode_after_header":"","ocean_has_shortcode":"","ocean_shortcode_after_title":"","ocean_shortcode_before_footer_widgets":"","ocean_shortcode_after_footer_widgets":"","ocean_shortcode_before_footer_bottom":"","ocean_shortcode_after_footer_bottom":"","ocean_display_top_bar":"default","ocean_display_header":"default","ocean_header_style":"","ocean_center_header_left_menu":"0","ocean_custom_header_template":"0","ocean_custom_logo":0,"ocean_custom_retina_logo":0,"ocean_custom_logo_max_width":0,"ocean_custom_logo_tablet_max_width":0,"ocean_custom_logo_mobile_max_width":0,"ocean_custom_logo_max_height":0,"ocean_custom_logo_tablet_max_height":0,"ocean_custom_logo_mobile_max_height":0,"ocean_header_custom_menu":"0","ocean_menu_typo_font_family":"0","ocean_menu_typo_font_subset":"","ocean_menu_typo_font_size":0,"ocean_menu_typo_font_size_tablet":0,"ocean_menu_typo_font_size_mobile":0,"ocean_menu_typo_font_size_unit":"px","ocean_menu_typo_font_weight":"","ocean_menu_typo_font_weight_tablet":"","ocean_menu_typo_font_weight_mobile":"","ocean_menu_typo_transform":"","ocean_menu_typo_transform_tablet":"","ocean_menu_typo_transform_mobile":"","ocean_menu_typo_line_height":0,"ocean_menu_typo_line_height_tablet":0,"ocean_menu_typo_line_height_mobile":0,"ocean_menu_typo_line_height_unit":"","ocean_menu_typo_spacing":0,"ocean_menu_typo_spacing_tablet":0,"ocean_menu_typo_spacing_mobile":0,"ocean_menu_typo_spacing_unit":"","ocean_menu_link_color":"","ocean_menu_link_color_hover":"","ocean_menu_link_color_active":"","ocean_menu_link_background":"","ocean_menu_link_hover_background":"","ocean_menu_link_active_background":"","ocean_menu_social_links_bg":"","ocean_menu_social_hover_links_bg":"","ocean_menu_social_links_color":"","ocean_menu_social_hover_links_color":"","ocean_disable_title":"default","ocean_disable_heading":"default","ocean_post_title":"","ocean_post_subheading":"","ocean_post_title_style":"","ocean_post_title_background_color":"","ocean_post_title_background":0,"ocean_post_title_bg_image_position":"","ocean_post_title_bg_image_attachment":"","ocean_post_title_bg_image_repeat":"","ocean_post_title_bg_image_size":"","ocean_post_title_height":0,"ocean_post_title_bg_overlay":0.5,"ocean_post_title_bg_overlay_color":"","ocean_disable_breadcrumbs":"default","ocean_breadcrumbs_color":"","ocean_breadcrumbs_separator_color":"","ocean_breadcrumbs_links_color":"","ocean_breadcrumbs_links_hover_color":"","ocean_display_footer_widgets":"default","ocean_display_footer_bottom":"default","ocean_custom_footer_template":"0","footnotes":""},"class_list":["post-32339","page","type-page","status-publish","hentry","entry"],"_links":{"self":[{"href":"https:\/\/lajes.rn.gov.br\/transparente\/index\/wp-json\/wp\/v2\/pages\/32339","targetHints":{"allow":["GET"]}}],"collection":[{"href":"https:\/\/lajes.rn.gov.br\/transparente\/index\/wp-json\/wp\/v2\/pages"}],"about":[{"href":"https:\/\/lajes.rn.gov.br\/transparente\/index\/wp-json\/wp\/v2\/types\/page"}],"author":[{"embeddable":true,"href":"https:\/\/lajes.rn.gov.br\/transparente\/index\/wp-json\/wp\/v2\/users\/3"}],"replies":[{"embeddable":true,"href":"https:\/\/lajes.rn.gov.br\/transparente\/index\/wp-json\/wp\/v2\/comments?post=32339"}],"version-history":[{"count":5,"href":"https:\/\/lajes.rn.gov.br\/transparente\/index\/wp-json\/wp\/v2\/pages\/32339\/revisions"}],"predecessor-version":[{"id":36664,"href":"https:\/\/lajes.rn.gov.br\/transparente\/index\/wp-json\/wp\/v2\/pages\/32339\/revisions\/36664"}],"wp:attachment":[{"href":"https:\/\/lajes.rn.gov.br\/transparente\/index\/wp-json\/wp\/v2\/media?parent=32339"}],"curies":[{"name":"wp","href":"https:\/\/api.w.org\/{rel}","templated":true}]}}