{"id":301,"date":"2023-01-19T15:39:53","date_gmt":"2023-01-19T18:39:53","guid":{"rendered":"https:\/\/lajes.ticetb.com.br\/transparente\/index\/?page_id=301"},"modified":"2025-04-25T09:54:36","modified_gmt":"2025-04-25T12:54:36","slug":"portarias-2023","status":"publish","type":"page","link":"https:\/\/lajes.rn.gov.br\/transparente\/index\/portarias-2023\/","title":{"rendered":"Portarias 2023"},"content":{"rendered":"<div align=\"right\">|\u00a0<strong><a href=\"\/feed\" target=\"_blank\" rel=\"noopener\">XML\u2193<\/a><\/strong>\u00a0| <a href=\"https:\/\/lajes.rn.gov.br\/transparente\/index\/wp-content\/uploads\/2025\/04\/export.csv\" target=\"_blank\" rel=\"noopener\">\u00a0<strong>CSV\u2193<\/strong><\/a>\u00a0| <a href=\"?print=pdf\" target=\"_blank\" rel=\"noopener\"><strong>PDF<\/strong>\u2193<\/a>\u00a0\u00a0| <a href=\"?print=print\" target=\"_blank\" rel=\"noopener\"><strong>IMPRIMIR<\/strong>\u2193<\/a>\u00a0\u00a0|<\/div>\n<p>&nbsp;<\/p>\n<div class=\"pt-cv-wrapper\"><div class=\"pt-cv-view pt-cv-grid pt-cv-colsys\" id=\"pt-cv-view-19ddc94uh1\"><div data-id=\"pt-cv-page-1\" class=\"pt-cv-page\" data-cvc=\"1\"><div class=\"col-md-12 col-sm-12 col-xs-12 pt-cv-content-item pt-cv-1-col\" ><div class='pt-cv-ifield'><p class=\"pt-cv-title\"><a href=\"https:\/\/lajes.rn.gov.br\/transparente\/index\/portaria-no-535-2025-conceder-licenca-premio-ao-servidor-que-especifica-e-da-outras-providencias\/\" class=\"_self\" target=\"_self\" >PORTARIA N\u00ba 535\/2025 &#8211; Conceder licen\u00e7a pr\u00eamio ao servidor que especifica, e d\u00e1 outras provid\u00eancias.<\/a><\/p><\/div><\/div>\n<div class=\"col-md-12 col-sm-12 col-xs-12 pt-cv-content-item pt-cv-1-col\" ><div class='pt-cv-ifield'><p class=\"pt-cv-title\"><a href=\"https:\/\/lajes.rn.gov.br\/transparente\/index\/portaria-no-447-2023-altera-o-quadro-de-detalhamento-das-despesas-qdd-da-unidade-orcamentaria-que-especifica-e-da-outras-providencias\/\" class=\"_self\" target=\"_self\" >PORTARIA N\u00ba 447\/2023 &#8211; Altera o \u201cQuadro de Detalhamento das Despesas &#8211; QDD\u201d da Unidade Or\u00e7ament\u00e1ria que especifica e d\u00e1 outras provid\u00eancias.<\/a><\/p><\/div><\/div>\n<div class=\"col-md-12 col-sm-12 col-xs-12 pt-cv-content-item pt-cv-1-col\" ><div class='pt-cv-ifield'><p class=\"pt-cv-title\"><a href=\"https:\/\/lajes.rn.gov.br\/transparente\/index\/portaria-no-448-2023-abre-credito-suplementar-ao-orcamento-do-exercicio-de-2023-e-da-outras-providencias\/\" class=\"_self\" target=\"_self\" >PORTARIA N\u00ba 448\/2023 &#8211; Abre Cr\u00e9dito Suplementar ao Or\u00e7amento do exerc\u00edcio de 2023 e d\u00e1 outras provid\u00eancias.<\/a><\/p><\/div><\/div>\n<div class=\"col-md-12 col-sm-12 col-xs-12 pt-cv-content-item pt-cv-1-col\" ><div class='pt-cv-ifield'><p class=\"pt-cv-title\"><a href=\"https:\/\/lajes.rn.gov.br\/transparente\/index\/portaria-no-445-2023-dispoe-sobre-a-concessao-de-licenca-a-servidor-a-publico-municipal-de-lajes-rn\/\" class=\"_self\" target=\"_self\" >PORTARIA N\u00ba 445\/2023 &#8211; \u201cDisp\u00f5e sobre a concess\u00e3o de licen\u00e7a a servidor (a) p\u00fablico municipal de Lajes\/RN.\u201d<\/a><\/p><\/div><\/div>\n<div class=\"col-md-12 col-sm-12 col-xs-12 pt-cv-content-item pt-cv-1-col\" ><div class='pt-cv-ifield'><p class=\"pt-cv-title\"><a href=\"https:\/\/lajes.rn.gov.br\/transparente\/index\/portaria-no-446-2023-dispoe-sobre-a-concessao-de-licenca-a-servidor-a-publico-municipal-de-lajes-rn\/\" class=\"_self\" target=\"_self\" >PORTARIA N\u00ba 446\/2023 &#8211; \u201cDisp\u00f5e sobre a concess\u00e3o de licen\u00e7a a servidor (a) p\u00fablico municipal de Lajes\/RN.\u201d<\/a><\/p><\/div><\/div>\n<div class=\"col-md-12 col-sm-12 col-xs-12 pt-cv-content-item pt-cv-1-col\" ><div class='pt-cv-ifield'><p class=\"pt-cv-title\"><a href=\"https:\/\/lajes.rn.gov.br\/transparente\/index\/portaria-no-444-2023-altera-o-quadro-de-detalhamento-das-despesas-qdd-da-unidade-orcamentaria-que-especifica-e-da-outras-providencias\/\" class=\"_self\" target=\"_self\" >PORTARIA N\u00ba 444\/2023 &#8211; Altera o \u201cQuadro de Detalhamento das Despesas &#8211; QDD\u201d da Unidade Or\u00e7ament\u00e1ria que especifica e d\u00e1 outras provid\u00eancias.<\/a><\/p><\/div><\/div>\n<div class=\"col-md-12 col-sm-12 col-xs-12 pt-cv-content-item pt-cv-1-col\" ><div class='pt-cv-ifield'><p class=\"pt-cv-title\"><a href=\"https:\/\/lajes.rn.gov.br\/transparente\/index\/portaria-no-443-2023-concede-diaria-ao-servidor-que-especifica-e-da-outras-providencias\/\" class=\"_self\" target=\"_self\" >PORTARIA N\u00ba 443\/2023 &#8211; \u201cConcede di\u00e1ria ao servidor que especifica e d\u00e1 outras provid\u00eancias.\u201d<\/a><\/p><\/div><\/div>\n<div class=\"col-md-12 col-sm-12 col-xs-12 pt-cv-content-item pt-cv-1-col\" ><div class='pt-cv-ifield'><p class=\"pt-cv-title\"><a href=\"https:\/\/lajes.rn.gov.br\/transparente\/index\/portaria-no-441-2023-concede-diaria-ao-servidor-que-especifica-e-da-outras-providencias\/\" class=\"_self\" target=\"_self\" >PORTARIA N\u00ba 441\/2023 &#8211; \u201cConcede di\u00e1ria ao servidor que especifica e d\u00e1 outras provid\u00eancias.\u201d<\/a><\/p><\/div><\/div>\n<div class=\"col-md-12 col-sm-12 col-xs-12 pt-cv-content-item pt-cv-1-col\" ><div class='pt-cv-ifield'><p class=\"pt-cv-title\"><a href=\"https:\/\/lajes.rn.gov.br\/transparente\/index\/portaria-no-442-2023-concede-diaria-ao-servidor-que-especifica-e-da-outras-providencias\/\" class=\"_self\" target=\"_self\" >PORTARIA N\u00ba 442\/2023 &#8211; \u201cConcede di\u00e1ria ao servidor que especifica e d\u00e1 outras provid\u00eancias.\u201d<\/a><\/p><\/div><\/div>\n<div class=\"col-md-12 col-sm-12 col-xs-12 pt-cv-content-item pt-cv-1-col\" ><div class='pt-cv-ifield'><p class=\"pt-cv-title\"><a href=\"https:\/\/lajes.rn.gov.br\/transparente\/index\/portaria-no-440-2023-nomeacao-a-pedido-do-a-senhor-a-ruan-henrique-ambrosio-da-silva\/\" class=\"_self\" target=\"_self\" >PORTARIA N\u00ba 440\/2023 &#8211; Nomea\u00e7\u00e3o a pedido do (a) senhor (a) Ruan Henrique Ambr\u00f3sio da Silva.<\/a><\/p><\/div><\/div>\n<div class=\"col-md-12 col-sm-12 col-xs-12 pt-cv-content-item pt-cv-1-col\" ><div class='pt-cv-ifield'><p class=\"pt-cv-title\"><a href=\"https:\/\/lajes.rn.gov.br\/transparente\/index\/portaria-no-439-2023-dispoe-sobre-a-designacao-de-servidores-para-compor-a-comissao-do-processo-de-selecao-de-criancas-na-etapa-bercario-para-preenchimento-de-vagas-de-ingresso-para-o-ano-letivo-d\/\" class=\"_self\" target=\"_self\" >PORTARIA N\u00ba 439\/2023 &#8211; Disp\u00f5e sobre a designa\u00e7\u00e3o de servidores para compor a comiss\u00e3o do processo de sele\u00e7\u00e3o de crian\u00e7as, na etapa ber\u00e7\u00e1rio, para preenchimento de vagas de ingresso para o ano letivo de 2024, na Escola Professora Lindalva Pereira Alves Educa\u00e7\u00e3o Infantil do Munic\u00edpio de Lajes\/RN- CEMEI.<\/a><\/p><\/div><\/div>\n<div class=\"col-md-12 col-sm-12 col-xs-12 pt-cv-content-item pt-cv-1-col\" ><div class='pt-cv-ifield'><p class=\"pt-cv-title\"><a href=\"https:\/\/lajes.rn.gov.br\/transparente\/index\/portaria-no-438-2023-dispoe-sobre-a-concessao-de-licenca-a-servidor-a-publico-municipal-de-lajes-rn\/\" class=\"_self\" target=\"_self\" >PORTARIA N\u00ba 438\/2023 &#8211; Disp\u00f5e sobre a concess\u00e3o de licen\u00e7a a servidor (a) p\u00fablico municipal de Lajes\/RN.<\/a><\/p><\/div><\/div>\n<div class=\"col-md-12 col-sm-12 col-xs-12 pt-cv-content-item pt-cv-1-col\" ><div class='pt-cv-ifield'><p class=\"pt-cv-title\"><a href=\"https:\/\/lajes.rn.gov.br\/transparente\/index\/portaria-no-015-2023-nomear-a-senhora-amanda-cristiane-teixeira-de-souza-ao-cargo-de-assessora-contabil\/\" class=\"_self\" target=\"_self\" >PORTARIA N\u00ba 015\/2023 &#8211; NOMEAR A SENHORA AMANDA CRISTIANE TEIXEIRA DE SOUZA, AO CARGO DE ASSESSORA CONT\u00c1BIL<\/a><\/p><\/div><\/div>\n<div class=\"col-md-12 col-sm-12 col-xs-12 pt-cv-content-item pt-cv-1-col\" ><div class='pt-cv-ifield'><p class=\"pt-cv-title\"><a href=\"https:\/\/lajes.rn.gov.br\/transparente\/index\/portaria-no-436-2023-exoneracao-a-pedido-do-a-senhor-a-josildo-dos-santos\/\" class=\"_self\" target=\"_self\" >PORTARIA N\u00ba 436\/2023 &#8211; Exonera\u00e7\u00e3o a pedido do (a) senhor (a) Josildo dos Santos.<\/a><\/p><\/div><\/div>\n<div class=\"col-md-12 col-sm-12 col-xs-12 pt-cv-content-item pt-cv-1-col\" ><div class='pt-cv-ifield'><p class=\"pt-cv-title\"><a href=\"https:\/\/lajes.rn.gov.br\/transparente\/index\/portaria-no-435-2023-exoneracao-a-pedido-do-a-senhor-a-rodolfo-diego-de-souza-leal\/\" class=\"_self\" target=\"_self\" >PORTARIA N\u00ba 435\/2023 &#8211; Exonera\u00e7\u00e3o a pedido do (a) senhor (a) Rodolfo Diego de Souza Leal.<\/a><\/p><\/div><\/div><\/div><\/div>\n<div class=\" pt-cv-pagination-wrapper\"><ul class=\"pt-cv-pagination pt-cv-ajax pagination\" data-totalpages=\"33\" data-currentpage=\"1\" data-sid=\"19ddc94uh1\" data-unid=\"\" data-isblock=\"\" data-postid=\"\"><li class=\"active\"><a href=\"#\">1<\/a><\/li>\n\t<li ><a class=\"\" href=\"https:\/\/lajes.rn.gov.br\/transparente\/index\/wp-json\/wp\/v2\/pages\/301\/?_page=2\">2<\/a><\/li>\n\t<li ><a class=\"\" href=\"https:\/\/lajes.rn.gov.br\/transparente\/index\/wp-json\/wp\/v2\/pages\/301\/?_page=3\">3<\/a><\/li>\n\t<li ><a href=\"#\">&hellip;<\/a><\/li>\n\t<li ><a class=\"\" href=\"https:\/\/lajes.rn.gov.br\/transparente\/index\/wp-json\/wp\/v2\/pages\/301\/?_page=33\">33<\/a><\/li>\n\t<li ><a class=\" \" href=\"https:\/\/lajes.rn.gov.br\/transparente\/index\/wp-json\/wp\/v2\/pages\/301\/?_page=2\">&rsaquo;<\/a><\/li>\n\t<\/ul><img decoding=\"async\" width=\"15\" height=\"15\" class=\"pt-cv-spinner\" alt=\"Carregando...;\" src=\"data:image\/gif;base64,R0lGODlhDwAPALMPAMrKygwMDJOTkz09PZWVla+vr3p6euTk5M7OzuXl5TMzMwAAAJmZmWZmZszMzP\/\/\/yH\/C05FVFNDQVBFMi4wAwEAAAAh+QQFCgAPACwAAAAADwAPAAAEQvDJaZaZOIcV8iQK8VRX4iTYoAwZ4iCYoAjZ4RxejhVNoT+mRGP4cyF4Pp0N98sBGIBMEMOotl6YZ3S61Bmbkm4mAgAh+QQFCgAPACwAAAAADQANAAAENPDJSRSZeA418itN8QiK8BiLITVsFiyBBIoYqnoewAD4xPw9iY4XLGYSjkQR4UAUD45DLwIAIfkEBQoADwAsAAAAAA8ACQAABC\/wyVlamTi3nSdgwFNdhEJgTJoNyoB9ISYoQmdjiZPcj7EYCAeCF1gEDo4Dz2eIAAAh+QQFCgAPACwCAAAADQANAAAEM\/DJBxiYeLKdX3IJZT1FU0iIg2RNKx3OkZVnZ98ToRD4MyiDnkAh6BkNC0MvsAj0kMpHBAAh+QQFCgAPACwGAAAACQAPAAAEMDC59KpFDll73HkAA2wVY5KgiK5b0RRoI6MuzG6EQqCDMlSGheEhUAgqgUUAFRySIgAh+QQFCgAPACwCAAIADQANAAAEM\/DJKZNLND\/kkKaHc3xk+QAMYDKsiaqmZCxGVjSFFCxB1vwy2oOgIDxuucxAMTAJFAJNBAAh+QQFCgAPACwAAAYADwAJAAAEMNAs86q1yaWwwv2Ig0jUZx3OYa4XoRAfwADXoAwfo1+CIjyFRuEho60aSNYlOPxEAAAh+QQFCgAPACwAAAIADQANAAAENPA9s4y8+IUVcqaWJ4qEQozSoAzoIyhCK2NFU2SJk0hNnyEOhKR2AzAAj4Pj4GE4W0bkJQIAOw==\" \/><div class=\"clear pt-cv-clear-pagination\"><\/div><\/div><\/div>\n","protected":false},"excerpt":{"rendered":"<p>|\u00a0XML\u2193\u00a0| \u00a0CSV\u2193\u00a0| PDF\u2193\u00a0\u00a0| IMPRIMIR\u2193\u00a0\u00a0| &nbsp;<\/p>\n","protected":false},"author":3,"featured_media":0,"parent":0,"menu_order":0,"comment_status":"closed","ping_status":"closed","template":"","meta":{"ocean_post_layout":"","ocean_both_sidebars_style":"","ocean_both_sidebars_content_width":0,"ocean_both_sidebars_sidebars_width":0,"ocean_sidebar":"0","ocean_second_sidebar":"0","ocean_disable_margins":"enable","ocean_add_body_class":"","ocean_shortcode_before_top_bar":"","ocean_shortcode_after_top_bar":"","ocean_shortcode_before_header":"","ocean_shortcode_after_header":"","ocean_has_shortcode":"","ocean_shortcode_after_title":"","ocean_shortcode_before_footer_widgets":"","ocean_shortcode_after_footer_widgets":"","ocean_shortcode_before_footer_bottom":"","ocean_shortcode_after_footer_bottom":"","ocean_display_top_bar":"default","ocean_display_header":"default","ocean_header_style":"","ocean_center_header_left_menu":"0","ocean_custom_header_template":"0","ocean_custom_logo":0,"ocean_custom_retina_logo":0,"ocean_custom_logo_max_width":0,"ocean_custom_logo_tablet_max_width":0,"ocean_custom_logo_mobile_max_width":0,"ocean_custom_logo_max_height":0,"ocean_custom_logo_tablet_max_height":0,"ocean_custom_logo_mobile_max_height":0,"ocean_header_custom_menu":"0","ocean_menu_typo_font_family":"0","ocean_menu_typo_font_subset":"","ocean_menu_typo_font_size":0,"ocean_menu_typo_font_size_tablet":0,"ocean_menu_typo_font_size_mobile":0,"ocean_menu_typo_font_size_unit":"px","ocean_menu_typo_font_weight":"","ocean_menu_typo_font_weight_tablet":"","ocean_menu_typo_font_weight_mobile":"","ocean_menu_typo_transform":"","ocean_menu_typo_transform_tablet":"","ocean_menu_typo_transform_mobile":"","ocean_menu_typo_line_height":0,"ocean_menu_typo_line_height_tablet":0,"ocean_menu_typo_line_height_mobile":0,"ocean_menu_typo_line_height_unit":"","ocean_menu_typo_spacing":0,"ocean_menu_typo_spacing_tablet":0,"ocean_menu_typo_spacing_mobile":0,"ocean_menu_typo_spacing_unit":"","ocean_menu_link_color":"","ocean_menu_link_color_hover":"","ocean_menu_link_color_active":"","ocean_menu_link_background":"","ocean_menu_link_hover_background":"","ocean_menu_link_active_background":"","ocean_menu_social_links_bg":"","ocean_menu_social_hover_links_bg":"","ocean_menu_social_links_color":"","ocean_menu_social_hover_links_color":"","ocean_disable_title":"default","ocean_disable_heading":"default","ocean_post_title":"","ocean_post_subheading":"","ocean_post_title_style":"","ocean_post_title_background_color":"","ocean_post_title_background":0,"ocean_post_title_bg_image_position":"","ocean_post_title_bg_image_attachment":"","ocean_post_title_bg_image_repeat":"","ocean_post_title_bg_image_size":"","ocean_post_title_height":0,"ocean_post_title_bg_overlay":0.5,"ocean_post_title_bg_overlay_color":"","ocean_disable_breadcrumbs":"default","ocean_breadcrumbs_color":"","ocean_breadcrumbs_separator_color":"","ocean_breadcrumbs_links_color":"","ocean_breadcrumbs_links_hover_color":"","ocean_display_footer_widgets":"default","ocean_display_footer_bottom":"default","ocean_custom_footer_template":"0","footnotes":""},"class_list":["post-301","page","type-page","status-publish","hentry","entry"],"_links":{"self":[{"href":"https:\/\/lajes.rn.gov.br\/transparente\/index\/wp-json\/wp\/v2\/pages\/301","targetHints":{"allow":["GET"]}}],"collection":[{"href":"https:\/\/lajes.rn.gov.br\/transparente\/index\/wp-json\/wp\/v2\/pages"}],"about":[{"href":"https:\/\/lajes.rn.gov.br\/transparente\/index\/wp-json\/wp\/v2\/types\/page"}],"author":[{"embeddable":true,"href":"https:\/\/lajes.rn.gov.br\/transparente\/index\/wp-json\/wp\/v2\/users\/3"}],"replies":[{"embeddable":true,"href":"https:\/\/lajes.rn.gov.br\/transparente\/index\/wp-json\/wp\/v2\/comments?post=301"}],"version-history":[{"count":4,"href":"https:\/\/lajes.rn.gov.br\/transparente\/index\/wp-json\/wp\/v2\/pages\/301\/revisions"}],"predecessor-version":[{"id":36875,"href":"https:\/\/lajes.rn.gov.br\/transparente\/index\/wp-json\/wp\/v2\/pages\/301\/revisions\/36875"}],"wp:attachment":[{"href":"https:\/\/lajes.rn.gov.br\/transparente\/index\/wp-json\/wp\/v2\/media?parent=301"}],"curies":[{"name":"wp","href":"https:\/\/api.w.org\/{rel}","templated":true}]}}