{"id":29638,"date":"2023-07-25T15:32:52","date_gmt":"2023-07-25T18:32:52","guid":{"rendered":"https:\/\/lajes.rn.gov.br\/transparente\/index\/?page_id=29638"},"modified":"2025-04-24T15:10:01","modified_gmt":"2025-04-24T18:10:01","slug":"contas-do-governo-2017","status":"publish","type":"page","link":"https:\/\/lajes.rn.gov.br\/transparente\/index\/contas-do-governo-2017\/","title":{"rendered":"Contas do Governo 2017"},"content":{"rendered":"<div align=\"right\">|\u00a0<strong><a href=\"\/feed\" target=\"_blank\" rel=\"noopener\">XML\u2193<\/a><\/strong>\u00a0| <a href=\"https:\/\/lajes.rn.gov.br\/transparente\/index\/wp-content\/uploads\/2025\/04\/export.csv\" target=\"_blank\" rel=\"noopener\">\u00a0<strong>CSV\u2193<\/strong><\/a>\u00a0| <a href=\"?print=pdf\" target=\"_blank\" rel=\"noopener\"><strong>PDF<\/strong>\u2193<\/a>\u00a0\u00a0| <a href=\"?print=print\" target=\"_blank\" rel=\"noopener\"><strong>IMPRIMIR<\/strong>\u2193<\/a>\u00a0\u00a0|<\/div>\n<p>&nbsp;<\/p>\n<ul>\n<li><a href=\"https:\/\/lajes.rn.gov.br\/transparente\/index\/wp-content\/uploads\/2023\/07\/QDD.pdf\">QDD<\/a><\/li>\n<li><a href=\"https:\/\/lajes.rn.gov.br\/transparente\/index\/wp-content\/uploads\/2023\/07\/OFICIO-CONTAS-DE-GOVERNO.pdf\">OFICIO CONTAS DE GOVERNO<\/a><\/li>\n<li><a href=\"https:\/\/lajes.rn.gov.br\/transparente\/index\/wp-content\/uploads\/2023\/07\/NOTASEXPLICATIVAS-4.pdf\">NOTAS EXPLICATIVAS<\/a><\/li>\n<li><a href=\"https:\/\/lajes.rn.gov.br\/transparente\/index\/wp-content\/uploads\/2023\/07\/DECLARACAO-DE-DIVIDA-ATIVA.pdf\">DECLARACAO DE DIVIDA ATIVA<\/a><\/li>\n<li><a href=\"https:\/\/lajes.rn.gov.br\/transparente\/index\/wp-content\/uploads\/2023\/07\/DEMONSTRAODADVIDAFUNDADAEXTERNA-5.pdf\">DEMONSTRA\u00c7\u00c3O DA D\u00cdVIDA FUNDADA EXTERNA<\/a><\/li>\n<li><a href=\"https:\/\/lajes.rn.gov.br\/transparente\/index\/wp-content\/uploads\/2023\/07\/BDT-1.pdf\">BOLETIM DI\u00c1RIO DE TESOURARIA &#8211; (B.D.T.)<\/a><\/li>\n<li><a href=\"https:\/\/lajes.rn.gov.br\/transparente\/index\/wp-content\/uploads\/2023\/07\/Portal-da-Transparencia-Convenios-por-Estado_Municipio-Planilha-Detalhada.pdf\">Portal da Transpar\u00eancia &#8211; Conv\u00eanios por Estado_Munic\u00edpio (Planilha Detalhada)<\/a><\/li>\n<li><a href=\"https:\/\/lajes.rn.gov.br\/transparente\/index\/wp-content\/uploads\/2023\/07\/RELATORIO-CIRCUNSTANCIADO-2.pdf\">RELATORIO CIRCUNSTANCIADO<\/a><\/li>\n<li><a href=\"https:\/\/lajes.rn.gov.br\/transparente\/index\/wp-content\/uploads\/2023\/07\/ANEXO01DEMONSTRAODARECEITAEDESPESASEGUNDOASCATEGORIASECONMICAS-5.pdf\">ANEXO 01 &#8211; DEMONSTRA\u00c7\u00c3O DA RECEITA E DESPESA SEGUNDO AS CATEGORIAS ECON\u00d4MICAS<\/a><\/li>\n<li><a href=\"https:\/\/lajes.rn.gov.br\/transparente\/index\/wp-content\/uploads\/2023\/07\/ANEXO02DESPESASEGUNDOASCATEGORIASECONMICASCONSOLIDADA-6.pdf\">ANEXO 02 &#8211; DESPESA SEGUNDO AS CATEGORIAS ECON\u00d4MICAS &#8211; CONSOLIDADA<\/a><\/li>\n<li><a href=\"https:\/\/lajes.rn.gov.br\/transparente\/index\/wp-content\/uploads\/2023\/07\/ANEXO06PROGRAMADETRABALHOPORRGOUNIDADE-5.pdf\">ANEXO 06 &#8211; PROGRAMA DE TRABALHO &#8211; POR \u00d3RG\u00c3O\/UNIDADE<\/a><\/li>\n<li><a href=\"https:\/\/lajes.rn.gov.br\/transparente\/index\/wp-content\/uploads\/2023\/07\/ANEXO07DEMONSTRATIVODASFUNESPROGRAMASPORPROJETOSEATIVIDADES-5.pdf\">ANEXO 07 &#8211; DEMONSTRATIVO DAS FUN\u00c7\u00d5ES, PROGRAMAS POR PROJETOS E ATIVIDADES<\/a><\/li>\n<li><a href=\"https:\/\/lajes.rn.gov.br\/transparente\/index\/wp-content\/uploads\/2023\/07\/ANEXO08DEMONSTRATIVODADESPESAPORFUNESSUBFUNESEPROGRAMASCONFORMEOSVNCULOCOMOSRECURSOS-5.pdf\">ANEXO 08 &#8211; DEMONSTRATIVO DA DESPESA POR FUN\u00c7\u00d5ES, SUBFUN\u00c7\u00d5ES E PROGRAMAS CONFORME OS V\u00cdNCULO COM OS RECURSOS<\/a><\/li>\n<li><a href=\"https:\/\/lajes.rn.gov.br\/transparente\/index\/wp-content\/uploads\/2023\/07\/ANEXO09DEMONSTRATIVODASDESPESASPORRGOEFUNES-5.pdf\">ANEXO 09 &#8211; DEMONSTRATIVO DAS DESPESAS POR \u00d3RG\u00c3O E FUN\u00c7\u00d5ES<\/a><\/li>\n<li><a href=\"https:\/\/lajes.rn.gov.br\/transparente\/index\/wp-content\/uploads\/2023\/07\/RELACAO-DE-BENS-PATRIMONIAIS.pdf\">RELACAO DE BENS PATRIMONIAIS<\/a><\/li>\n<li><a href=\"https:\/\/lajes.rn.gov.br\/transparente\/index\/wp-content\/uploads\/2023\/07\/BALANCETE-DE-VERIFICACAO.pdf\">BALANCETE DE VERIFICACAO<\/a><\/li>\n<li><a href=\"https:\/\/lajes.rn.gov.br\/transparente\/index\/wp-content\/uploads\/2023\/07\/ANEXO10COMPARATIVODARECEITAORADACOMAARRECADADAPORCATEGORIAECONMICANATUREZA-5.pdf\">ANEXO 10 &#8211; COMPARATIVO DA RECEITA OR\u00c7ADA COM A ARRECADADA &#8211; POR CATEGORIA ECON\u00d4MICA\/NATUREZA<\/a><\/li>\n<li><a href=\"https:\/\/lajes.rn.gov.br\/transparente\/index\/wp-content\/uploads\/2023\/07\/ANEXO11COMPARATIVODADESPESAAUTORIZADACOMAREALIZADAPORRGOCATEGORIAECONMICANATUREZA-5.pdf\">ANEXO 11 &#8211; COMPARATIVO DA DESPESA AUTORIZADA COM A REALIZADA POR \u00d3RG\u00c3O\/CATEGORIA ECON\u00d4MICA\/NATUREZA<\/a><\/li>\n<li><a href=\"https:\/\/lajes.rn.gov.br\/transparente\/index\/wp-content\/uploads\/2023\/07\/ANEXO12BALANOORAMENTRIO-5.pdf\">ANEXO 12 &#8211; BALAN\u00c7O OR\u00c7AMENT\u00c1RIO<\/a><\/li>\n<li><a href=\"https:\/\/lajes.rn.gov.br\/transparente\/index\/wp-content\/uploads\/2023\/07\/ANEXO13BALANOFINANCEIRO-5.pdf\">ANEXO 13 &#8211; BALAN\u00c7O FINANCEIRO<\/a><\/li>\n<li><a href=\"https:\/\/lajes.rn.gov.br\/transparente\/index\/wp-content\/uploads\/2023\/07\/ANEXO14BALANOPATRIMONIAL-6.pdf\">ANEXO 14 &#8211; BALAN\u00c7O PATRIMONIAL<\/a><\/li>\n<li><a href=\"https:\/\/lajes.rn.gov.br\/transparente\/index\/wp-content\/uploads\/2023\/07\/ANEXO15DEMONSTRAODASVARIAESPATRIMONIAIS-5.pdf\">ANEXO 15 &#8211; DEMONSTRA\u00c7\u00c3O DAS VARIA\u00c7\u00d5ES PATRIMONIAIS<\/a><\/li>\n<li><a href=\"https:\/\/lajes.rn.gov.br\/transparente\/index\/wp-content\/uploads\/2023\/07\/ANEXO16DEMONSTRAODADVIDAFUNDADAINTERNA-4.pdf\">ANEXO 16 &#8211; DEMONSTRA\u00c7\u00c3O DA D\u00cdVIDA FUNDADA INTERNA<\/a><\/li>\n<li><a href=\"https:\/\/lajes.rn.gov.br\/transparente\/index\/wp-content\/uploads\/2023\/07\/ANEXO17DEMONSTRAODADVIDAFLUTUANTE-4.pdf\">ANEXO 17 &#8211; DEMONSTRA\u00c7\u00c3O DA D\u00cdVIDA FLUTUANTE<\/a><\/li>\n<li><a href=\"https:\/\/lajes.rn.gov.br\/transparente\/index\/wp-content\/uploads\/2023\/07\/ANEXO18DEMONSTRAODOSFLUXOSDECAIXA-4.pdf\">ANEXO 18 &#8211; DEMONSTRA\u00c7\u00c3O DOS FLUXOS DE CAIXA<\/a><\/li>\n<li><a href=\"https:\/\/lajes.rn.gov.br\/transparente\/index\/wp-content\/uploads\/2023\/07\/ANEXO19DEMONSTRAODASMUTAESDOPATRIMNIOLQUIDO-5.pdf\">ANEXO 19 &#8211; DEMONSTRA\u00c7\u00c3O DAS MUTA\u00c7\u00d5ES DO PATRIM\u00d4NIO L\u00cdQUIDO<\/a><\/li>\n<li><a href=\"https:\/\/lajes.rn.gov.br\/transparente\/index\/wp-content\/uploads\/2023\/07\/ANEXO-27-RESPONSAVEIS-POR-ADIANTAMENTOS-1.pdf\">ANEXO 27 RESPONSAVEIS POR ADIANTAMENTOS<\/a><\/li>\n<li><a href=\"https:\/\/lajes.rn.gov.br\/transparente\/index\/wp-content\/uploads\/2023\/07\/ANEXO-28-CERTIDAO-DA-CAMARA-DE-VEREADORES-2.pdf\">ANEXO 28 CERTIDAO DA CAMARA DE VEREADORES<\/a><\/li>\n<li><a href=\"https:\/\/lajes.rn.gov.br\/transparente\/index\/wp-content\/uploads\/2023\/07\/ANEXO-32-PARECER-DO-CONSELHO-DO-FUNDEB-1.pdf\">ANEXO 32 PARECER DO CONSELHO DO FUNDEB<\/a><\/li>\n<li><a href=\"https:\/\/lajes.rn.gov.br\/transparente\/index\/wp-content\/uploads\/2023\/07\/ANEXO-33-RELACAO-DE-ORDEM-CRONOLOGICA-3.pdf\">ANEXO 33 RELACAO DE ORDEM CRONOLOGICA<\/a><\/li>\n<li><a href=\"https:\/\/lajes.rn.gov.br\/transparente\/index\/wp-content\/uploads\/2023\/07\/ANEXO-37-COMPROVANTE-DE-CONTAS.pdf\">ANEXO 37 COMPROVANTE DE CONTAS<\/a><\/li>\n<li><a href=\"https:\/\/lajes.rn.gov.br\/transparente\/index\/wp-content\/uploads\/2023\/07\/QUADRON01DEMONSTRATIVODERESTOSAPAGARCONSOLIDADO-4.pdf\">QUADRO N\u00ba 01 &#8211; DEMONSTRATIVO DE RESTOS A PAGAR &#8211; CONSOLIDADO<\/a><\/li>\n<li><a href=\"https:\/\/lajes.rn.gov.br\/transparente\/index\/wp-content\/uploads\/2023\/07\/QUADRON02RELAOCONSOLIDADADERESTOSAPAGARPROCESSADOSENOPROCESSADOSNOEXERCCIOANTERIOR-4.pdf\">QUADRO N\u00ba 02 &#8211; RELA\u00c7\u00c3O CONSOLIDADA DE RESTOS A PAGAR PROCESSADOS E N\u00c3O PROCESSADOS NO EXERC\u00cdCIO ANTERIOR<\/a><\/li>\n<li><a href=\"https:\/\/lajes.rn.gov.br\/transparente\/index\/wp-content\/uploads\/2023\/07\/QUADRON03SALDOSBANCRIOSEM3112DOEXERCCIOANTERIOR-4.pdf\">QUADRO N\u00ba 03 &#8211; SALDOS BANC\u00c1RIOS EM 31\/12 DO EXERC\u00cdCIO ANTERIOR<\/a><\/li>\n<li><a href=\"https:\/\/lajes.rn.gov.br\/transparente\/index\/wp-content\/uploads\/2023\/07\/QUADRON04DEMONSTRATIVODASORIGENSEAPLICAESDERECURSOSNOCONSIGNADOSNOORAMENTO-4.pdf\">QUADRO N\u00ba 04 &#8211; DEMONSTRATIVO DAS ORIGENS E APLICA\u00c7\u00d5ES DE RECURSOS N\u00c3O CONSIGNADOS NO OR\u00c7AMENTO<\/a><\/li>\n<li><a href=\"https:\/\/lajes.rn.gov.br\/transparente\/index\/wp-content\/uploads\/2023\/07\/QUADRON05CRDITOSADICIONAIS-4.pdf\">QUADRO N\u00ba 05 \u2013 CR\u00c9DITOS ADICIONAIS<\/a><\/li>\n<li><a href=\"https:\/\/lajes.rn.gov.br\/transparente\/index\/wp-content\/uploads\/2023\/07\/QUADRON06DEMONSTRATIVODASRECEITASEDESPESASCOMMANUTENOEDESENVOLVIMENTODOENSINO-1.pdf\">QUADRO N\u00ba 06 &#8211; DEMONSTRATIVO DAS RECEITAS E DESPESAS COM MANUTEN\u00c7\u00c3O E DESENVOLVIMENTO DO ENSINO<\/a><\/li>\n<li><a href=\"https:\/\/lajes.rn.gov.br\/transparente\/index\/wp-content\/uploads\/2023\/07\/QUADRON07DEMONSTRATIVODASRECEITASEDESPESASCOMAESESERVIOSPBLICOSDESADE-1.pdf\">QUADRO N\u00ba 07 &#8211; DEMONSTRATIVO DAS RECEITAS E DESPESAS COM A\u00c7\u00d5ES E SERVI\u00c7OS P\u00daBLICOS DE SA\u00daDE<\/a><\/li>\n<li><a href=\"https:\/\/lajes.rn.gov.br\/transparente\/index\/wp-content\/uploads\/2023\/07\/QUADRON08DEMONSTRATIVODERECOLHIMENTODASCONTRIBUIESPREVIDENCIRIASAOREGIMEPRPRIODEPREVIDNCIASOCIALRPPS-4.pdf\">QUADRO N\u00ba 08 &#8211; DEMONSTRATIVO DE RECOLHIMENTO DAS CONTRIBUI\u00c7\u00d5ES PREVIDENCI\u00c1RIAS AO REGIME PR\u00d3PRIO DE PREVID\u00caNCIA SOCIAL (RPPS)<\/a><\/li>\n<li><a href=\"https:\/\/lajes.rn.gov.br\/transparente\/index\/wp-content\/uploads\/2023\/07\/QUADRON09DEMONSTRATIVODERECOLHIMENTODASCONTRIBUIESPREVIDENCIRIASAOREGIMEGERALDEPREVIDNCIASOCIALRGPS-4.pdf\">QUADRO N\u00ba 09 &#8211; DEMONSTRATIVO DE RECOLHIMENTO DAS CONTRIBUI\u00c7\u00d5ES PREVIDENCI\u00c1RIAS AO REGIME GERAL DE PREVID\u00caNCIA SOCIAL &#8211; RGPS<\/a><\/li>\n<\/ul>\n<p>&nbsp;<\/p>\n<p>&nbsp;<\/p>\n<p>&nbsp;<\/p>\n<p>&nbsp;<\/p>\n<p>&nbsp;<\/p>\n<p>&nbsp;<\/p>\n<p>&nbsp;<\/p>\n<p>&nbsp;<\/p>\n<p>&nbsp;<\/p>\n<p>&nbsp;<\/p>\n<p>&nbsp;<\/p>\n<p>&nbsp;<\/p>\n<p>&nbsp;<\/p>\n<p>&nbsp;<\/p>\n<p>&nbsp;<\/p>\n<p>&nbsp;<\/p>\n<p>&nbsp;<\/p>\n<p>&nbsp;<\/p>\n<p>&nbsp;<\/p>\n<p>&nbsp;<\/p>\n<p>&nbsp;<\/p>\n<p>&nbsp;<\/p>\n<p>&nbsp;<\/p>\n","protected":false},"excerpt":{"rendered":"<p>|\u00a0XML\u2193\u00a0| \u00a0CSV\u2193\u00a0| PDF\u2193\u00a0\u00a0| IMPRIMIR\u2193\u00a0\u00a0| &nbsp; QDD OFICIO CONTAS DE GOVERNO NOTAS EXPLICATIVAS DECLARACAO DE DIVIDA ATIVA DEMONSTRA\u00c7\u00c3O DA D\u00cdVIDA FUNDADA EXTERNA BOLETIM DI\u00c1RIO DE TESOURARIA &#8211; (B.D.T.) Portal da Transpar\u00eancia &#8211; Conv\u00eanios por Estado_Munic\u00edpio (Planilha Detalhada) RELATORIO CIRCUNSTANCIADO ANEXO 01 &#8211; DEMONSTRA\u00c7\u00c3O DA RECEITA E DESPESA SEGUNDO AS CATEGORIAS ECON\u00d4MICAS ANEXO 02 &#8211; DESPESA SEGUNDO [&hellip;]<\/p>\n","protected":false},"author":3,"featured_media":0,"parent":0,"menu_order":0,"comment_status":"closed","ping_status":"closed","template":"","meta":{"ocean_post_layout":"","ocean_both_sidebars_style":"","ocean_both_sidebars_content_width":0,"ocean_both_sidebars_sidebars_width":0,"ocean_sidebar":"0","ocean_second_sidebar":"0","ocean_disable_margins":"enable","ocean_add_body_class":"","ocean_shortcode_before_top_bar":"","ocean_shortcode_after_top_bar":"","ocean_shortcode_before_header":"","ocean_shortcode_after_header":"","ocean_has_shortcode":"","ocean_shortcode_after_title":"","ocean_shortcode_before_footer_widgets":"","ocean_shortcode_after_footer_widgets":"","ocean_shortcode_before_footer_bottom":"","ocean_shortcode_after_footer_bottom":"","ocean_display_top_bar":"default","ocean_display_header":"default","ocean_header_style":"","ocean_center_header_left_menu":"0","ocean_custom_header_template":"0","ocean_custom_logo":0,"ocean_custom_retina_logo":0,"ocean_custom_logo_max_width":0,"ocean_custom_logo_tablet_max_width":0,"ocean_custom_logo_mobile_max_width":0,"ocean_custom_logo_max_height":0,"ocean_custom_logo_tablet_max_height":0,"ocean_custom_logo_mobile_max_height":0,"ocean_header_custom_menu":"0","ocean_menu_typo_font_family":"0","ocean_menu_typo_font_subset":"","ocean_menu_typo_font_size":0,"ocean_menu_typo_font_size_tablet":0,"ocean_menu_typo_font_size_mobile":0,"ocean_menu_typo_font_size_unit":"px","ocean_menu_typo_font_weight":"","ocean_menu_typo_font_weight_tablet":"","ocean_menu_typo_font_weight_mobile":"","ocean_menu_typo_transform":"","ocean_menu_typo_transform_tablet":"","ocean_menu_typo_transform_mobile":"","ocean_menu_typo_line_height":0,"ocean_menu_typo_line_height_tablet":0,"ocean_menu_typo_line_height_mobile":0,"ocean_menu_typo_line_height_unit":"","ocean_menu_typo_spacing":0,"ocean_menu_typo_spacing_tablet":0,"ocean_menu_typo_spacing_mobile":0,"ocean_menu_typo_spacing_unit":"","ocean_menu_link_color":"","ocean_menu_link_color_hover":"","ocean_menu_link_color_active":"","ocean_menu_link_background":"","ocean_menu_link_hover_background":"","ocean_menu_link_active_background":"","ocean_menu_social_links_bg":"","ocean_menu_social_hover_links_bg":"","ocean_menu_social_links_color":"","ocean_menu_social_hover_links_color":"","ocean_disable_title":"default","ocean_disable_heading":"default","ocean_post_title":"","ocean_post_subheading":"","ocean_post_title_style":"","ocean_post_title_background_color":"","ocean_post_title_background":0,"ocean_post_title_bg_image_position":"","ocean_post_title_bg_image_attachment":"","ocean_post_title_bg_image_repeat":"","ocean_post_title_bg_image_size":"","ocean_post_title_height":0,"ocean_post_title_bg_overlay":0.5,"ocean_post_title_bg_overlay_color":"","ocean_disable_breadcrumbs":"default","ocean_breadcrumbs_color":"","ocean_breadcrumbs_separator_color":"","ocean_breadcrumbs_links_color":"","ocean_breadcrumbs_links_hover_color":"","ocean_display_footer_widgets":"default","ocean_display_footer_bottom":"default","ocean_custom_footer_template":"0","footnotes":""},"class_list":["post-29638","page","type-page","status-publish","hentry","entry"],"_links":{"self":[{"href":"https:\/\/lajes.rn.gov.br\/transparente\/index\/wp-json\/wp\/v2\/pages\/29638","targetHints":{"allow":["GET"]}}],"collection":[{"href":"https:\/\/lajes.rn.gov.br\/transparente\/index\/wp-json\/wp\/v2\/pages"}],"about":[{"href":"https:\/\/lajes.rn.gov.br\/transparente\/index\/wp-json\/wp\/v2\/types\/page"}],"author":[{"embeddable":true,"href":"https:\/\/lajes.rn.gov.br\/transparente\/index\/wp-json\/wp\/v2\/users\/3"}],"replies":[{"embeddable":true,"href":"https:\/\/lajes.rn.gov.br\/transparente\/index\/wp-json\/wp\/v2\/comments?post=29638"}],"version-history":[{"count":5,"href":"https:\/\/lajes.rn.gov.br\/transparente\/index\/wp-json\/wp\/v2\/pages\/29638\/revisions"}],"predecessor-version":[{"id":36672,"href":"https:\/\/lajes.rn.gov.br\/transparente\/index\/wp-json\/wp\/v2\/pages\/29638\/revisions\/36672"}],"wp:attachment":[{"href":"https:\/\/lajes.rn.gov.br\/transparente\/index\/wp-json\/wp\/v2\/media?parent=29638"}],"curies":[{"name":"wp","href":"https:\/\/api.w.org\/{rel}","templated":true}]}}