{"id":29561,"date":"2023-07-25T14:31:32","date_gmt":"2023-07-25T17:31:32","guid":{"rendered":"https:\/\/lajes.rn.gov.br\/transparente\/index\/?page_id=29561"},"modified":"2025-04-24T15:12:26","modified_gmt":"2025-04-24T18:12:26","slug":"contas-do-governo-2019","status":"publish","type":"page","link":"https:\/\/lajes.rn.gov.br\/transparente\/index\/contas-do-governo-2019\/","title":{"rendered":"Contas do Governo 2019"},"content":{"rendered":"<div align=\"right\">|\u00a0<strong><a href=\"\/feed\" target=\"_blank\" rel=\"noopener\">XML\u2193<\/a><\/strong>\u00a0| <a href=\"https:\/\/lajes.rn.gov.br\/transparente\/index\/wp-content\/uploads\/2025\/04\/export.csv\" target=\"_blank\" rel=\"noopener\">\u00a0<strong>CSV\u2193<\/strong><\/a>\u00a0| <a href=\"?print=pdf\" target=\"_blank\" rel=\"noopener\"><strong>PDF<\/strong>\u2193<\/a>\u00a0\u00a0| <a href=\"?print=print\" target=\"_blank\" rel=\"noopener\"><strong>IMPRIMIR<\/strong>\u2193<\/a>\u00a0\u00a0|<\/div>\n<p>&nbsp;<\/p>\n<ul>\n<li><a href=\"https:\/\/lajes.rn.gov.br\/transparente\/index\/wp-content\/uploads\/2023\/07\/ANEXO01DEMONSTRAODARECEITAEDESPESASEGUNDOASCATEGORIASECONMICAS-3.pdf\">ANEXO 01 &#8211; DEMONSTRA\u00c7\u00c3O DA RECEITA E DESPESA SEGUNDO AS CATEGORIAS ECON\u00d4MICAS<\/a><\/li>\n<li><a href=\"https:\/\/lajes.rn.gov.br\/transparente\/index\/wp-content\/uploads\/2023\/07\/ANEXO02DESPESASEGUNDOASCATEGORIASECONMICASCONSOLIDADA-4.pdf\">ANEXO 02 &#8211; DESPESA SEGUNDO AS CATEGORIAS ECON\u00d4MICAS &#8211; CONSOLIDADA<\/a><\/li>\n<li><a href=\"https:\/\/lajes.rn.gov.br\/transparente\/index\/wp-content\/uploads\/2023\/07\/ANEXO06PROGRAMADETRABALHOPORRGOUNIDADE-3.pdf\">ANEXO 06 &#8211; PROGRAMA DE TRABALHO &#8211; POR \u00d3RG\u00c3O\/UNIDADE<\/a><\/li>\n<li><a href=\"https:\/\/lajes.rn.gov.br\/transparente\/index\/wp-content\/uploads\/2023\/07\/ANEXO07DEMONSTRATIVODASFUNESPROGRAMASPORPROJETOSEATIVIDADES-3.pdf\">ANEXO 07 &#8211; DEMONSTRATIVO DAS FUN\u00c7\u00d5ES, PROGRAMAS POR PROJETOS E ATIVIDADES<\/a><\/li>\n<li><a href=\"https:\/\/lajes.rn.gov.br\/transparente\/index\/wp-content\/uploads\/2023\/07\/ANEXO08DEMONSTRATIVODADESPESAPORFUNESSUBFUNESEPROGRAMASCONFORMEOSVNCULOCOMOSRECURSOS-3.pdf\">ANEXO 08 &#8211; DEMONSTRATIVO DA DESPESA POR FUN\u00c7\u00d5ES, SUBFUN\u00c7\u00d5ES E PROGRAMAS CONFORME OS V\u00cdNCULO COM OS RECURSOS<\/a><\/li>\n<li><a href=\"https:\/\/lajes.rn.gov.br\/transparente\/index\/wp-content\/uploads\/2023\/07\/ANEXO09DEMONSTRATIVODASDESPESASPORRGOEFUNES-3.pdf\">ANEXO 09 &#8211; DEMONSTRATIVO DAS DESPESAS POR \u00d3RG\u00c3O E FUN\u00c7\u00d5ES<\/a><\/li>\n<li><a href=\"https:\/\/lajes.rn.gov.br\/transparente\/index\/wp-content\/uploads\/2023\/07\/ANEXO10COMPARATIVODARECEITAORADACOMAARRECADADAPORCATEGORIAECONMICANATUREZA-3.pdf\">ANEXO 10 &#8211; COMPARATIVO DA RECEITA OR\u00c7ADA COM A ARRECADADA &#8211; POR CATEGORIA ECON\u00d4MICA\/NATUREZA<\/a><\/li>\n<li><a href=\"https:\/\/lajes.rn.gov.br\/transparente\/index\/wp-content\/uploads\/2023\/07\/ANEXO11COMPARATIVODADESPESAAUTORIZADACOMAREALIZADAPORRGOCATEGORIAECONMICANATUREZA-3.pdf\">ANEXO 11 &#8211; COMPARATIVO DA DESPESA AUTORIZADA COM A REALIZADA POR \u00d3RG\u00c3O\/CATEGORIA ECON\u00d4MICA\/NATUREZA<\/a><\/li>\n<li><a href=\"https:\/\/lajes.rn.gov.br\/transparente\/index\/wp-content\/uploads\/2023\/07\/ANEXO12BALANOORAMENTRIO-3.pdf\">ANEXO 12 &#8211; BALAN\u00c7O OR\u00c7AMENT\u00c1RIO<\/a><\/li>\n<li><a href=\"https:\/\/lajes.rn.gov.br\/transparente\/index\/wp-content\/uploads\/2023\/07\/ANEXO13BALANOFINANCEIRO-3.pdf\">ANEXO 13 &#8211; BALAN\u00c7O FINANCEIRO<\/a><\/li>\n<li><a href=\"https:\/\/lajes.rn.gov.br\/transparente\/index\/wp-content\/uploads\/2023\/07\/ANEXO14BALANOPATRIMONIAL-3.pdf\">ANEXO 14 &#8211; BALAN\u00c7O PATRIMONIAL<\/a><\/li>\n<li><a href=\"https:\/\/lajes.rn.gov.br\/transparente\/index\/wp-content\/uploads\/2023\/07\/ANEXO15DEMONSTRAODASVARIAESPATRIMONIAIS-3.pdf\">ANEXO 15 &#8211; DEMONSTRA\u00c7\u00c3O DAS VARIA\u00c7\u00d5ES PATRIMONIAIS<\/a><\/li>\n<li><a href=\"https:\/\/lajes.rn.gov.br\/transparente\/index\/wp-content\/uploads\/2023\/07\/ANEXO16DEMONSTRAODADVIDAFUNDADAINTERNA-2.pdf\">ANEXO 16 &#8211; DEMONSTRA\u00c7\u00c3O DA D\u00cdVIDA FUNDADA INTERNA<\/a><\/li>\n<li><a href=\"https:\/\/lajes.rn.gov.br\/transparente\/index\/wp-content\/uploads\/2023\/07\/ANEXO-17-DEMONSTRACAO-DA-DIVIDA-FLUTUANTE.pdf\">ANEXO 17 &#8211; DEMONSTRA\u00c7\u00c3O DA D\u00cdVIDA FLUTUANTE<\/a><\/li>\n<li><a href=\"https:\/\/lajes.rn.gov.br\/transparente\/index\/wp-content\/uploads\/2023\/07\/ANEXO-18-DEMONSTRACAO-DOS-FLUXOS-DE-CAIXA.pdf\">ANEXO 18 &#8211; DEMONSTRA\u00c7\u00c3O DOS FLUXOS DE CAIXA<\/a><\/li>\n<li><a href=\"https:\/\/lajes.rn.gov.br\/transparente\/index\/wp-content\/uploads\/2023\/07\/ANEXO19DEMONSTRAODASMUTAESDOPATRIMNIOLQUIDO-3.pdf\">ANEXO 19 &#8211; DEMONSTRA\u00c7\u00c3O DAS MUTA\u00c7\u00d5ES DO PATRIM\u00d4NIO L\u00cdQUIDO<\/a><\/li>\n<li><a href=\"https:\/\/lajes.rn.gov.br\/transparente\/index\/wp-content\/uploads\/2023\/07\/20-Balancete-Consolidado.pdf\">20 Balancete Consolidado<\/a><\/li>\n<li><a href=\"https:\/\/lajes.rn.gov.br\/transparente\/index\/wp-content\/uploads\/2023\/07\/29-Quadro-de-Detalhamento-da-Despesa-II.pdf\">29 Quadro de Detalhamento da Despesa II<\/a><\/li>\n<li><a href=\"https:\/\/lajes.rn.gov.br\/transparente\/index\/wp-content\/uploads\/2023\/07\/ANEXO-33-RELACAO-DE-ORDEM-CRONOLOGICA-1.pdf\">ANEXO 33 RELACAO DE ORDEM CRONOLOGICA<\/a><\/li>\n<li><a href=\"https:\/\/lajes.rn.gov.br\/transparente\/index\/wp-content\/uploads\/2023\/07\/38-Boletim-de-Caixa-e-Bancos-1.pdf\">38 Boletim de Caixa e Bancos<\/a><\/li>\n<li><a href=\"https:\/\/lajes.rn.gov.br\/transparente\/index\/wp-content\/uploads\/2023\/07\/ANEXO-37-COMPROVANTES-DE-CONTAS.pdf\">ANEXO 37 COMPROVANTES DE CONTAS<\/a><\/li>\n<li><a href=\"https:\/\/lajes.rn.gov.br\/transparente\/index\/wp-content\/uploads\/2023\/07\/DEMONSTRACAO-DA-DIVIDA-FUNDADA-EXTERNA.pdf\">DEMONSTRA\u00c7\u00c3O DA D\u00cdVIDA FUNDADA EXTERNA<\/a><\/li>\n<li><a href=\"https:\/\/lajes.rn.gov.br\/transparente\/index\/wp-content\/uploads\/2023\/07\/Certidao-Camara.pdf\">Certid\u00e3o C\u00e2mara<\/a><\/li>\n<\/ul>\n<p>&nbsp;<\/p>\n<p>&nbsp;<\/p>\n<p>&nbsp;<\/p>\n<p>&nbsp;<\/p>\n<p>&nbsp;<\/p>\n<p>&nbsp;<\/p>\n<p>&nbsp;<\/p>\n<p>&nbsp;<\/p>\n<p>&nbsp;<\/p>\n<p>&nbsp;<\/p>\n<p>&nbsp;<\/p>\n<p>&nbsp;<\/p>\n<p>&nbsp;<\/p>\n<p>&nbsp;<\/p>\n<p>&nbsp;<\/p>\n<p>&nbsp;<\/p>\n<p>&nbsp;<\/p>\n<p>&nbsp;<\/p>\n<p>&nbsp;<\/p>\n<p>&nbsp;<\/p>\n<p>&nbsp;<\/p>\n<p>&nbsp;<\/p>\n<p>&nbsp;<\/p>\n<p>&nbsp;<\/p>\n","protected":false},"excerpt":{"rendered":"<p>|\u00a0XML\u2193\u00a0| \u00a0CSV\u2193\u00a0| PDF\u2193\u00a0\u00a0| IMPRIMIR\u2193\u00a0\u00a0| &nbsp; ANEXO 01 &#8211; DEMONSTRA\u00c7\u00c3O DA RECEITA E DESPESA SEGUNDO AS CATEGORIAS ECON\u00d4MICAS ANEXO 02 &#8211; DESPESA SEGUNDO AS CATEGORIAS ECON\u00d4MICAS &#8211; CONSOLIDADA ANEXO 06 &#8211; PROGRAMA DE TRABALHO &#8211; POR \u00d3RG\u00c3O\/UNIDADE ANEXO 07 &#8211; DEMONSTRATIVO DAS FUN\u00c7\u00d5ES, PROGRAMAS POR PROJETOS E ATIVIDADES ANEXO 08 &#8211; DEMONSTRATIVO DA DESPESA POR FUN\u00c7\u00d5ES, [&hellip;]<\/p>\n","protected":false},"author":3,"featured_media":0,"parent":0,"menu_order":0,"comment_status":"closed","ping_status":"closed","template":"","meta":{"ocean_post_layout":"","ocean_both_sidebars_style":"","ocean_both_sidebars_content_width":0,"ocean_both_sidebars_sidebars_width":0,"ocean_sidebar":"0","ocean_second_sidebar":"0","ocean_disable_margins":"enable","ocean_add_body_class":"","ocean_shortcode_before_top_bar":"","ocean_shortcode_after_top_bar":"","ocean_shortcode_before_header":"","ocean_shortcode_after_header":"","ocean_has_shortcode":"","ocean_shortcode_after_title":"","ocean_shortcode_before_footer_widgets":"","ocean_shortcode_after_footer_widgets":"","ocean_shortcode_before_footer_bottom":"","ocean_shortcode_after_footer_bottom":"","ocean_display_top_bar":"default","ocean_display_header":"default","ocean_header_style":"","ocean_center_header_left_menu":"0","ocean_custom_header_template":"0","ocean_custom_logo":0,"ocean_custom_retina_logo":0,"ocean_custom_logo_max_width":0,"ocean_custom_logo_tablet_max_width":0,"ocean_custom_logo_mobile_max_width":0,"ocean_custom_logo_max_height":0,"ocean_custom_logo_tablet_max_height":0,"ocean_custom_logo_mobile_max_height":0,"ocean_header_custom_menu":"0","ocean_menu_typo_font_family":"0","ocean_menu_typo_font_subset":"","ocean_menu_typo_font_size":0,"ocean_menu_typo_font_size_tablet":0,"ocean_menu_typo_font_size_mobile":0,"ocean_menu_typo_font_size_unit":"px","ocean_menu_typo_font_weight":"","ocean_menu_typo_font_weight_tablet":"","ocean_menu_typo_font_weight_mobile":"","ocean_menu_typo_transform":"","ocean_menu_typo_transform_tablet":"","ocean_menu_typo_transform_mobile":"","ocean_menu_typo_line_height":0,"ocean_menu_typo_line_height_tablet":0,"ocean_menu_typo_line_height_mobile":0,"ocean_menu_typo_line_height_unit":"","ocean_menu_typo_spacing":0,"ocean_menu_typo_spacing_tablet":0,"ocean_menu_typo_spacing_mobile":0,"ocean_menu_typo_spacing_unit":"","ocean_menu_link_color":"","ocean_menu_link_color_hover":"","ocean_menu_link_color_active":"","ocean_menu_link_background":"","ocean_menu_link_hover_background":"","ocean_menu_link_active_background":"","ocean_menu_social_links_bg":"","ocean_menu_social_hover_links_bg":"","ocean_menu_social_links_color":"","ocean_menu_social_hover_links_color":"","ocean_disable_title":"default","ocean_disable_heading":"default","ocean_post_title":"","ocean_post_subheading":"","ocean_post_title_style":"","ocean_post_title_background_color":"","ocean_post_title_background":0,"ocean_post_title_bg_image_position":"","ocean_post_title_bg_image_attachment":"","ocean_post_title_bg_image_repeat":"","ocean_post_title_bg_image_size":"","ocean_post_title_height":0,"ocean_post_title_bg_overlay":0.5,"ocean_post_title_bg_overlay_color":"","ocean_disable_breadcrumbs":"default","ocean_breadcrumbs_color":"","ocean_breadcrumbs_separator_color":"","ocean_breadcrumbs_links_color":"","ocean_breadcrumbs_links_hover_color":"","ocean_display_footer_widgets":"default","ocean_display_footer_bottom":"default","ocean_custom_footer_template":"0","footnotes":""},"class_list":["post-29561","page","type-page","status-publish","hentry","entry"],"_links":{"self":[{"href":"https:\/\/lajes.rn.gov.br\/transparente\/index\/wp-json\/wp\/v2\/pages\/29561","targetHints":{"allow":["GET"]}}],"collection":[{"href":"https:\/\/lajes.rn.gov.br\/transparente\/index\/wp-json\/wp\/v2\/pages"}],"about":[{"href":"https:\/\/lajes.rn.gov.br\/transparente\/index\/wp-json\/wp\/v2\/types\/page"}],"author":[{"embeddable":true,"href":"https:\/\/lajes.rn.gov.br\/transparente\/index\/wp-json\/wp\/v2\/users\/3"}],"replies":[{"embeddable":true,"href":"https:\/\/lajes.rn.gov.br\/transparente\/index\/wp-json\/wp\/v2\/comments?post=29561"}],"version-history":[{"count":4,"href":"https:\/\/lajes.rn.gov.br\/transparente\/index\/wp-json\/wp\/v2\/pages\/29561\/revisions"}],"predecessor-version":[{"id":36676,"href":"https:\/\/lajes.rn.gov.br\/transparente\/index\/wp-json\/wp\/v2\/pages\/29561\/revisions\/36676"}],"wp:attachment":[{"href":"https:\/\/lajes.rn.gov.br\/transparente\/index\/wp-json\/wp\/v2\/media?parent=29561"}],"curies":[{"name":"wp","href":"https:\/\/api.w.org\/{rel}","templated":true}]}}