{"id":29412,"date":"2023-07-22T08:28:30","date_gmt":"2023-07-22T11:28:30","guid":{"rendered":"https:\/\/lajes.rn.gov.br\/transparente\/index\/?page_id=29412"},"modified":"2025-05-28T00:42:52","modified_gmt":"2025-05-28T03:42:52","slug":"contas-de-gestao-2021","status":"publish","type":"page","link":"https:\/\/lajes.rn.gov.br\/transparente\/index\/contas-de-gestao-2021\/","title":{"rendered":"Contas de Gest\u00e3o 2021"},"content":{"rendered":"<div align=\"right\">|\u00a0<strong><a href=\"\/feed\" target=\"_blank\" rel=\"noopener\">XML\u2193<\/a><\/strong> |\u00a0 <a href=\"?print=pdf\" target=\"_blank\" rel=\"noopener\"><strong>PDF<\/strong>\u2193<\/a>\u00a0\u00a0| <a href=\"?print=print\" target=\"_blank\" rel=\"noopener\"><strong>IMPRIMIR<\/strong>\u2193<\/a>\u00a0\u00a0|<\/div>\n<p>&nbsp;<\/p>\n<ul>\n<li><a href=\"https:\/\/lajes.rn.gov.br\/transparente\/index\/wp-content\/uploads\/2023\/07\/CONTABILISTA-RESPONSAVEL-1.pdf\">CONTABILISTA RESPONS\u00c1VEL<\/a><\/li>\n<li><a href=\"https:\/\/lajes.rn.gov.br\/transparente\/index\/wp-content\/uploads\/2023\/07\/COMPROVANTE-DE-ENVIO-DE-DOCUMENTOS-DAS-CONTAS-ANUAIS-DE-GESTAO.pdf\">COMPROVANTE DE ENVIO DE DOCUMENTOS DAS CONTAS ANUAIS DE GEST\u00c3O<\/a><\/li>\n<li><a href=\"https:\/\/lajes.rn.gov.br\/transparente\/index\/wp-content\/uploads\/2023\/07\/Oficio-no-118-2022-GP.pdf\">Of\u00edcio n\u00ba 118-2022-GP<\/a><\/li>\n<li><a href=\"https:\/\/lajes.rn.gov.br\/transparente\/index\/relacao-de-responsaveis-contas-de-gestao-2021\/\">RELA\u00c7\u00c3O DE RESPONS\u00c1VEIS &#8211; CONTAS DE GEST\u00c3O 2021<\/a><\/li>\n<li><a href=\"https:\/\/lajes.rn.gov.br\/transparente\/index\/anexo-05-tomada-de-contas-contas-de-gestao-2021\/\">ANEXO 05-TOMADA DE CONTAS-CONTAS DE GESTAO 2021<\/a><\/li>\n<li><a href=\"https:\/\/lajes.rn.gov.br\/transparente\/index\/anexo-06-relacao-das-contas-bancarias\/\">ANEXO 06 &#8211; RELA\u00c7\u00c3O DAS CONTAS BANC\u00c1RIAS<\/a><\/li>\n<li><a href=\"https:\/\/lajes.rn.gov.br\/transparente\/index\/anexo-08-bens-moveis\/\">ANEXO 08 &#8211; BENS M\u00d3VEIS<\/a><\/li>\n<li><a href=\"https:\/\/lajes.rn.gov.br\/transparente\/index\/?p=29438&amp;preview=true\">ANEXO 09-MAPA DEMONSTRATIVO DO INVENTARIO ANUAL DE BENS IMOVEIS<\/a><\/li>\n<li><a href=\"https:\/\/lajes.rn.gov.br\/transparente\/index\/anexo-10-demonstrativo-da-movimentacao-do-almoxarifado\/\">ANEXO 10-DEMONSTRATIVO DA MOVIMENTA\u00c7\u00c3O DO ALMOXARIFADO<\/a><\/li>\n<li><a href=\"https:\/\/lajes.rn.gov.br\/transparente\/index\/anexo-11-veiculos\/\">ANEXO 11 &#8211; VE\u00cdCULOS<\/a><\/li>\n<li><a href=\"https:\/\/lajes.rn.gov.br\/transparente\/index\/anexo-13-comissao-de-licitacao-e-pregoeiro\/\">ANEXO 13 &#8211; COMISS\u00c3O DE LICITA\u00c7\u00c3O E PREGOEIRO<\/a><\/li>\n<li><a href=\"https:\/\/lajes.rn.gov.br\/transparente\/index\/anexo-14-mapa-demonstrativo-consolidado-dos-processos-licitatorios\/\">ANEXO 14 &#8211; MAPA DEMONSTRATIVO CONSOLIDADO DOS PROCESSOS LICITAT\u00d3RIOS<\/a><\/li>\n<li><a href=\"https:\/\/lajes.rn.gov.br\/transparente\/index\/anexo-15-relacao-dos-contratos-vigentes-no-exercicio\/\">ANEXO 15- RELA\u00c7\u00c3O DOS CONTRATOS VIGENTES NO EXERCICIO<\/a><\/li>\n<li><a href=\"https:\/\/lajes.rn.gov.br\/transparente\/index\/anexo-16-relacao-das-atas-de-registro-de-pregaos-vigentes-no-exercicio\/\">ANEXO 16- RELA\u00c7\u00c3O DAS ATAS DE REGISTRO DE PREG\u00c3OS VIGENTES NO EXERCICIO<\/a><\/li>\n<li><a href=\"https:\/\/lajes.rn.gov.br\/transparente\/index\/anexo-17-obras-e-servicos-2\/\">ANEXO 17- OBRAS E SERVI\u00c7OS<\/a><\/li>\n<li><a href=\"https:\/\/lajes.rn.gov.br\/transparente\/index\/anexo-18-convenios-e-congeneres\/\">ANEXO 18- CONV\u00caNIOS E CONG\u00caNERES<\/a><\/li>\n<li><a href=\"https:\/\/lajes.rn.gov.br\/transparente\/index\/anexo-19-relacao-de-transferencias-termo-de-parceria\/\">ANEXO 19 &#8211; RELA\u00c7\u00c3O DE TRANSFERENCIAS-TERMO DE PARCERIA<\/a><\/li>\n<li><a href=\"https:\/\/lajes.rn.gov.br\/transparente\/index\/anexo-20-contratos-de-gestao-2021\/\">ANEXO 20-CONTRATOS DE GEST\u00c3O 2021<\/a><\/li>\n<li><a href=\"https:\/\/lajes.rn.gov.br\/transparente\/index\/anexo-21-contrato-de-repasse\/\">ANEXO 21- CONTRATO DE REPASSE<\/a><\/li>\n<li><a href=\"https:\/\/lajes.rn.gov.br\/transparente\/index\/anexo-23-creditos-adicionais\/\">ANEXO 23 -CR\u00c9DITOS ADICIONAIS<\/a><\/li>\n<li><a href=\"https:\/\/lajes.rn.gov.br\/transparente\/index\/anexo-24-restos-a-pagar-processados-e-nao-processados\/\">ANEXO 24 &#8211; RESTOS A PAGAR PROCESSADOS E N\u00c3O PROCESSADOS<\/a><\/li>\n<li><a href=\"https:\/\/lajes.rn.gov.br\/transparente\/index\/anexo-26-divida-ativa\/\">ANEXO 26 &#8211; DIVIDA ATIVA<\/a><\/li>\n<li><a href=\"https:\/\/lajes.rn.gov.br\/transparente\/index\/anexo-27-declaracao-negativa-precatorios-2021\/\">ANEXO 27-DECLARA\u00c7\u00c3O NEGATIVA-PRECAT\u00d3RIOS 2021<\/a><\/li>\n<li><a href=\"https:\/\/lajes.rn.gov.br\/transparente\/index\/anexo-28-demonstrativo-de-concessao-e-ppps-2021\/\">ANEXO 28-DEMONSTRATIVO DE CONCESS\u00c3O E PPPs 2021<\/a><\/li>\n<li><a href=\"https:\/\/lajes.rn.gov.br\/transparente\/index\/anexo-29-relacao-de-software\/\">ANEXO 29-RELA\u00c7\u00c3O DE SOFTWARE<\/a><\/li>\n<li><a href=\"https:\/\/lajes.rn.gov.br\/transparente\/index\/wp-content\/uploads\/2023\/07\/Conciliacao-Bancaria-2.pdf\">Concilia\u00e7\u00e3o Banc\u00e1ria<\/a><\/li>\n<li><a href=\"https:\/\/lajes.rn.gov.br\/transparente\/index\/wp-content\/uploads\/2023\/07\/TERMO-DE-RESPONSABILIDADE-DO-GESTOR-DO-ORGAO-1.pdf\">TERMO DE RESPONSABILIDADE DO GESTOR DO \u00d3RG\u00c3O<\/a><\/li>\n<li><a href=\"https:\/\/lajes.rn.gov.br\/transparente\/index\/wp-content\/uploads\/2023\/07\/PARECER-TECNICO-CONCLUSIVO.pdf\">PARECER T\u00c9CNICO CONCLUSIVO<\/a><\/li>\n<li><a href=\"https:\/\/lajes.rn.gov.br\/transparente\/index\/wp-content\/uploads\/2023\/07\/Relatorio-de-Desempenho-de-Gestao-1.pdf\">Relat\u00f3rio de Desempenho de Gest\u00e3o<\/a><\/li>\n<li><a href=\"https:\/\/lajes.rn.gov.br\/transparente\/index\/wp-content\/uploads\/2023\/07\/PRONUNCIAMENTO.pdf\">PRONUNCIAMENTO<\/a><\/li>\n<li><a href=\"https:\/\/lajes.rn.gov.br\/transparente\/index\/wp-content\/uploads\/2023\/07\/PRONUNCIAMENTO-EXPRESSO-E-INDELEGAVEL.pdf\">PRONUNCIAMENTO EXPRESSO E INDELEG\u00c1VEL<\/a><\/li>\n<\/ul>\n<p>&nbsp;<\/p>\n<p>&nbsp;<\/p>\n<p>&nbsp;<\/p>\n<p>&nbsp;<\/p>\n<p>&nbsp;<\/p>\n<p>&nbsp;<\/p>\n<p>&nbsp;<\/p>\n<p>&nbsp;<\/p>\n<p>&nbsp;<\/p>\n<p>&nbsp;<\/p>\n<p>&nbsp;<\/p>\n<p>&nbsp;<\/p>\n<p>&nbsp;<\/p>\n<p>&nbsp;<\/p>\n<p>&nbsp;<\/p>\n<p>&nbsp;<\/p>\n<p>&nbsp;<\/p>\n<p>&nbsp;<\/p>\n<p>&nbsp;<\/p>\n<p>&nbsp;<\/p>\n<p>&nbsp;<\/p>\n<p>&nbsp;<\/p>\n<p>&nbsp;<\/p>\n<p>&nbsp;<\/p>\n","protected":false},"excerpt":{"rendered":"<p>|\u00a0XML\u2193 |\u00a0 PDF\u2193\u00a0\u00a0| IMPRIMIR\u2193\u00a0\u00a0| &nbsp; CONTABILISTA RESPONS\u00c1VEL COMPROVANTE DE ENVIO DE DOCUMENTOS DAS CONTAS ANUAIS DE GEST\u00c3O Of\u00edcio n\u00ba 118-2022-GP RELA\u00c7\u00c3O DE RESPONS\u00c1VEIS &#8211; CONTAS DE GEST\u00c3O 2021 ANEXO 05-TOMADA DE CONTAS-CONTAS DE GESTAO 2021 ANEXO 06 &#8211; RELA\u00c7\u00c3O DAS CONTAS BANC\u00c1RIAS ANEXO 08 &#8211; BENS M\u00d3VEIS ANEXO 09-MAPA DEMONSTRATIVO DO INVENTARIO ANUAL DE BENS [&hellip;]<\/p>\n","protected":false},"author":3,"featured_media":0,"parent":0,"menu_order":0,"comment_status":"closed","ping_status":"closed","template":"","meta":{"ocean_post_layout":"","ocean_both_sidebars_style":"","ocean_both_sidebars_content_width":0,"ocean_both_sidebars_sidebars_width":0,"ocean_sidebar":"0","ocean_second_sidebar":"0","ocean_disable_margins":"enable","ocean_add_body_class":"","ocean_shortcode_before_top_bar":"","ocean_shortcode_after_top_bar":"","ocean_shortcode_before_header":"","ocean_shortcode_after_header":"","ocean_has_shortcode":"","ocean_shortcode_after_title":"","ocean_shortcode_before_footer_widgets":"","ocean_shortcode_after_footer_widgets":"","ocean_shortcode_before_footer_bottom":"","ocean_shortcode_after_footer_bottom":"","ocean_display_top_bar":"default","ocean_display_header":"default","ocean_header_style":"","ocean_center_header_left_menu":"0","ocean_custom_header_template":"0","ocean_custom_logo":0,"ocean_custom_retina_logo":0,"ocean_custom_logo_max_width":0,"ocean_custom_logo_tablet_max_width":0,"ocean_custom_logo_mobile_max_width":0,"ocean_custom_logo_max_height":0,"ocean_custom_logo_tablet_max_height":0,"ocean_custom_logo_mobile_max_height":0,"ocean_header_custom_menu":"0","ocean_menu_typo_font_family":"0","ocean_menu_typo_font_subset":"","ocean_menu_typo_font_size":0,"ocean_menu_typo_font_size_tablet":0,"ocean_menu_typo_font_size_mobile":0,"ocean_menu_typo_font_size_unit":"px","ocean_menu_typo_font_weight":"","ocean_menu_typo_font_weight_tablet":"","ocean_menu_typo_font_weight_mobile":"","ocean_menu_typo_transform":"","ocean_menu_typo_transform_tablet":"","ocean_menu_typo_transform_mobile":"","ocean_menu_typo_line_height":0,"ocean_menu_typo_line_height_tablet":0,"ocean_menu_typo_line_height_mobile":0,"ocean_menu_typo_line_height_unit":"","ocean_menu_typo_spacing":0,"ocean_menu_typo_spacing_tablet":0,"ocean_menu_typo_spacing_mobile":0,"ocean_menu_typo_spacing_unit":"","ocean_menu_link_color":"","ocean_menu_link_color_hover":"","ocean_menu_link_color_active":"","ocean_menu_link_background":"","ocean_menu_link_hover_background":"","ocean_menu_link_active_background":"","ocean_menu_social_links_bg":"","ocean_menu_social_hover_links_bg":"","ocean_menu_social_links_color":"","ocean_menu_social_hover_links_color":"","ocean_disable_title":"default","ocean_disable_heading":"default","ocean_post_title":"","ocean_post_subheading":"","ocean_post_title_style":"","ocean_post_title_background_color":"","ocean_post_title_background":0,"ocean_post_title_bg_image_position":"","ocean_post_title_bg_image_attachment":"","ocean_post_title_bg_image_repeat":"","ocean_post_title_bg_image_size":"","ocean_post_title_height":0,"ocean_post_title_bg_overlay":0.5,"ocean_post_title_bg_overlay_color":"","ocean_disable_breadcrumbs":"default","ocean_breadcrumbs_color":"","ocean_breadcrumbs_separator_color":"","ocean_breadcrumbs_links_color":"","ocean_breadcrumbs_links_hover_color":"","ocean_display_footer_widgets":"default","ocean_display_footer_bottom":"default","ocean_custom_footer_template":"0","footnotes":""},"class_list":["post-29412","page","type-page","status-publish","hentry","entry"],"_links":{"self":[{"href":"https:\/\/lajes.rn.gov.br\/transparente\/index\/wp-json\/wp\/v2\/pages\/29412","targetHints":{"allow":["GET"]}}],"collection":[{"href":"https:\/\/lajes.rn.gov.br\/transparente\/index\/wp-json\/wp\/v2\/pages"}],"about":[{"href":"https:\/\/lajes.rn.gov.br\/transparente\/index\/wp-json\/wp\/v2\/types\/page"}],"author":[{"embeddable":true,"href":"https:\/\/lajes.rn.gov.br\/transparente\/index\/wp-json\/wp\/v2\/users\/3"}],"replies":[{"embeddable":true,"href":"https:\/\/lajes.rn.gov.br\/transparente\/index\/wp-json\/wp\/v2\/comments?post=29412"}],"version-history":[{"count":6,"href":"https:\/\/lajes.rn.gov.br\/transparente\/index\/wp-json\/wp\/v2\/pages\/29412\/revisions"}],"predecessor-version":[{"id":37397,"href":"https:\/\/lajes.rn.gov.br\/transparente\/index\/wp-json\/wp\/v2\/pages\/29412\/revisions\/37397"}],"wp:attachment":[{"href":"https:\/\/lajes.rn.gov.br\/transparente\/index\/wp-json\/wp\/v2\/media?parent=29412"}],"curies":[{"name":"wp","href":"https:\/\/api.w.org\/{rel}","templated":true}]}}