{"id":26532,"date":"2023-04-10T23:49:07","date_gmt":"2023-04-11T02:49:07","guid":{"rendered":"https:\/\/lajes.rn.gov.br\/transparente\/index\/?page_id=26532"},"modified":"2025-04-25T08:21:10","modified_gmt":"2025-04-25T11:21:10","slug":"outras-publicacoes-frente","status":"publish","type":"page","link":"https:\/\/lajes.rn.gov.br\/transparente\/index\/outras-publicacoes-frente\/","title":{"rendered":"OUTRAS PUBLICA\u00c7\u00d5ES &#8211; FRENTE"},"content":{"rendered":"<div align=\"right\">|\u00a0<strong><a href=\"\/feed\" target=\"_blank\" rel=\"noopener\">XML\u2193<\/a><\/strong>\u00a0| <a href=\"https:\/\/lajes.rn.gov.br\/transparente\/index\/wp-content\/uploads\/2025\/04\/export.csv\" target=\"_blank\" rel=\"noopener\">\u00a0<strong>CSV\u2193<\/strong><\/a>\u00a0| <a href=\"?print=pdf\" target=\"_blank\" rel=\"noopener\"><strong>PDF<\/strong>\u2193<\/a>\u00a0\u00a0| <a href=\"?print=print\" target=\"_blank\" rel=\"noopener\"><strong>IMPRIMIR<\/strong>\u2193<\/a>\u00a0\u00a0|<\/div>\n<div class=\"pt-cv-wrapper\"><div class=\"pt-cv-view pt-cv-grid pt-cv-colsys\" id=\"pt-cv-view-9159f402me\"><div data-id=\"pt-cv-page-1\" class=\"pt-cv-page\" data-cvc=\"1\"><div class=\"col-md-12 col-sm-12 col-xs-12 pt-cv-content-item pt-cv-1-col\" ><div class='pt-cv-ifield'><p class=\"pt-cv-title\"><a href=\"https:\/\/lajes.rn.gov.br\/transparente\/index\/resolucao-no-001-2026-reprograma-os-saldos-financeiros-do-fundo-municipal-de-assistencia-social\/\" class=\"_blank\" target=\"_blank\" >RESOLU\u00c7\u00c3O N\u00ba 001\/2026 &#8211; Reprograma os Saldos Financeiros do Fundo Municipal de Assist\u00eancia Social.<\/a><\/p><\/div><\/div>\n<div class=\"col-md-12 col-sm-12 col-xs-12 pt-cv-content-item pt-cv-1-col\" ><div class='pt-cv-ifield'><p class=\"pt-cv-title\"><a href=\"https:\/\/lajes.rn.gov.br\/transparente\/index\/resolucao-no-002-2026-define-criterios-para-oferta-de-pescado-no-periodo-pascal-no-municipio-de-lajes-rn\/\" class=\"_blank\" target=\"_blank\" >RESOLU\u00c7\u00c3O N\u00ba 002\/2026 &#8211; Define crit\u00e9rios para oferta de pescado no per\u00edodo Pascal no munic\u00edpio de Lajes\/RN.<\/a><\/p><\/div><\/div>\n<div class=\"col-md-12 col-sm-12 col-xs-12 pt-cv-content-item pt-cv-1-col\" ><div class='pt-cv-ifield'><p class=\"pt-cv-title\"><a href=\"https:\/\/lajes.rn.gov.br\/transparente\/index\/resolucao-no-003-2026-dispoe-sobre-a-aprovacao-do-plano-municipal-de-assistencia-social-de-lajes-rn-quadrienio-2026-2029\/\" class=\"_blank\" target=\"_blank\" >RESOLU\u00c7\u00c3O N\u00ba 003\/2026 &#8211; Disp\u00f5e sobre a Aprova\u00e7\u00e3o do Plano Municipal de Assist\u00eancia Social de Lajes\/RN &#8211; Quadri\u00eanio 2026-2029.<\/a><\/p><\/div><\/div>\n<div class=\"col-md-12 col-sm-12 col-xs-12 pt-cv-content-item pt-cv-1-col\" ><div class='pt-cv-ifield'><p class=\"pt-cv-title\"><a href=\"https:\/\/lajes.rn.gov.br\/transparente\/index\/anexo-de-riscos-fiscais-demonstrativo-de-riscos-fiscais-e-providencias-2024\/\" class=\"_blank\" target=\"_blank\" >ANEXO DE RISCOS FISCAIS &#8211; DEMONSTRATIVO DE RISCOS FISCAIS E PROVID\u00caNCIAS 2024<\/a><\/p><\/div><\/div>\n<div class=\"col-md-12 col-sm-12 col-xs-12 pt-cv-content-item pt-cv-1-col\" ><div class='pt-cv-ifield'><p class=\"pt-cv-title\"><a href=\"https:\/\/lajes.rn.gov.br\/transparente\/index\/regulamento-n-002-2026-regulamenta-as-disposicoes-para-o-funcionamento-do-carnaval-de-todos-2026-e-da-outras-providencias\/\" class=\"_blank\" target=\"_blank\" >REGULAMENTO N\u00b0 002\/2026 &#8211; Regulamenta as disposi\u00e7\u00f5es para o funcionamento do Carnaval de Todos 2026 e d\u00e1 outras provid\u00eancias.<\/a><\/p><\/div><\/div>\n<div class=\"col-md-12 col-sm-12 col-xs-12 pt-cv-content-item pt-cv-1-col\" ><div class='pt-cv-ifield'><p class=\"pt-cv-title\"><a href=\"https:\/\/lajes.rn.gov.br\/transparente\/index\/regulamento-n-001-2026-dispoe-sobre-o-regulamento-oficial-dos-concursos-mister-carnaval-de-todos-2026-e-musa-do-carnaval-de-todos-2026-realizados-durante-o-carnaval-de-l\/\" class=\"_blank\" target=\"_blank\" >REGULAMENTO N\u00b0 001\/2026 &#8211; Disp\u00f5e sobre o Regulamento Oficial dos Concursos &#8220;Mister Carnaval de Todos 2026&#8221; e \u201cMusa do Carnaval de Todos 2026\u201d, realizados durante o Carnaval de Lajes\/RN, com o objetivo de promover, valorizar e divulgar a cultura carnavalesca do munic\u00edpio, garantindo a lisura, transpar\u00eancia e participa\u00e7\u00e3o democr\u00e1tica.<\/a><\/p><\/div><\/div>\n<div class=\"col-md-12 col-sm-12 col-xs-12 pt-cv-content-item pt-cv-1-col\" ><div class='pt-cv-ifield'><p class=\"pt-cv-title\"><a href=\"https:\/\/lajes.rn.gov.br\/transparente\/index\/regulamento-n-010-2025-dispoe-sobre-o-regulamento-oficial-do-campeonato-municipal-de-blocos-carnavalescos-taca-velhos-folioes-com-o-objetivo-de-garantir-a-lisura-a-justica-desportiva-a\/\" class=\"_blank\" target=\"_blank\" >REGULAMENTO N\u00b0 010\/2025 &#8211; Disp\u00f5e sobre o Regulamento Oficial do Campeonato Municipal de Blocos Carnavalescos &#8220;Ta\u00e7a Velhos Foli\u00f5es&#8221;, com o objetivo de garantir a lisura, a justi\u00e7a desportiva, a inclus\u00e3o e a seguran\u00e7a de todos os envolvidos na competi\u00e7\u00e3o.<\/a><\/p><\/div><\/div>\n<div class=\"col-md-12 col-sm-12 col-xs-12 pt-cv-content-item pt-cv-1-col\" ><div class='pt-cv-ifield'><p class=\"pt-cv-title\"><a href=\"https:\/\/lajes.rn.gov.br\/transparente\/index\/instrucao-normativa-conjunta-no-01-2025-segov-seplan-cgm\/\" class=\"_blank\" target=\"_blank\" >INSTRU\u00c7\u00c3O NORMATIVA CONJUNTA N\u00ba 01\/2025 \u2013 SEGOV\/SEPLAN\/CGM<\/a><\/p><\/div><\/div>\n<div class=\"col-md-12 col-sm-12 col-xs-12 pt-cv-content-item pt-cv-1-col\" ><div class='pt-cv-ifield'><p class=\"pt-cv-title\"><a href=\"https:\/\/lajes.rn.gov.br\/transparente\/index\/resolucao-no-06-2025-dispoe-sobre-o-regulamento-de-uso-da-frota-de-veiculos-da-secretaria-municipal-de-saude-de-lajes-rn-para-transporte-intermunicipal-de-pacientes-e-da-outras-providencias\/\" class=\"_blank\" target=\"_blank\" >RESOLU\u00c7\u00c3O N\u00ba 06\/2025 &#8211; Disp\u00f5e sobre o Regulamento de Uso da Frota de Ve\u00edculos da Secretaria Municipal de Sa\u00fade de Lajes\/RN para Transporte Intermunicipal de Pacientes e d\u00e1 outras provid\u00eancias.<\/a><\/p><\/div><\/div>\n<div class=\"col-md-12 col-sm-12 col-xs-12 pt-cv-content-item pt-cv-1-col\" ><div class='pt-cv-ifield'><p class=\"pt-cv-title\"><a href=\"https:\/\/lajes.rn.gov.br\/transparente\/index\/resolucao-cmdca-no-003-2025-dispoe-sobre-a-aprovacao-do-projeto-lab-jovem-ideias-que-movem-de-iniciativa-da-associacao-cultural-e-poliesportiva-teia-potiguar-a\/\" class=\"_blank\" target=\"_blank\" >RESOLU\u00c7\u00c3O CMDCA N\u00ba 003\/2025 &#8211; Disp\u00f5e sobre a aprova\u00e7\u00e3o do projeto \u201cLab Jovem \u2013 Ideias que Movem\u201d, de iniciativa da Associa\u00e7\u00e3o Cultural e Poliesportiva Teia Potiguar \u2013 ATP , para integrar o banco de projetos do Fundo da Inf\u00e2ncia e Adolescencia \u2013 FIA.<\/a><\/p><\/div><\/div><\/div><\/div>\n<div class=\" pt-cv-pagination-wrapper\"><ul class=\"pt-cv-pagination pt-cv-ajax pagination\" data-totalpages=\"10\" data-currentpage=\"1\" data-sid=\"9159f402me\" data-unid=\"\" data-isblock=\"\" data-postid=\"\"><li class=\"active\"><a href=\"#\">1<\/a><\/li>\n\t<li ><a class=\"\" href=\"https:\/\/lajes.rn.gov.br\/transparente\/index\/wp-json\/wp\/v2\/pages\/26532\/?_page=2\">2<\/a><\/li>\n\t<li ><a class=\"\" href=\"https:\/\/lajes.rn.gov.br\/transparente\/index\/wp-json\/wp\/v2\/pages\/26532\/?_page=3\">3<\/a><\/li>\n\t<li ><a href=\"#\">&hellip;<\/a><\/li>\n\t<li ><a class=\"\" href=\"https:\/\/lajes.rn.gov.br\/transparente\/index\/wp-json\/wp\/v2\/pages\/26532\/?_page=10\">10<\/a><\/li>\n\t<li ><a class=\" \" href=\"https:\/\/lajes.rn.gov.br\/transparente\/index\/wp-json\/wp\/v2\/pages\/26532\/?_page=2\">&rsaquo;<\/a><\/li>\n\t<\/ul><img decoding=\"async\" width=\"15\" height=\"15\" class=\"pt-cv-spinner\" alt=\"Carregando...;\" src=\"data:image\/gif;base64,R0lGODlhDwAPALMPAMrKygwMDJOTkz09PZWVla+vr3p6euTk5M7OzuXl5TMzMwAAAJmZmWZmZszMzP\/\/\/yH\/C05FVFNDQVBFMi4wAwEAAAAh+QQFCgAPACwAAAAADwAPAAAEQvDJaZaZOIcV8iQK8VRX4iTYoAwZ4iCYoAjZ4RxejhVNoT+mRGP4cyF4Pp0N98sBGIBMEMOotl6YZ3S61Bmbkm4mAgAh+QQFCgAPACwAAAAADQANAAAENPDJSRSZeA418itN8QiK8BiLITVsFiyBBIoYqnoewAD4xPw9iY4XLGYSjkQR4UAUD45DLwIAIfkEBQoADwAsAAAAAA8ACQAABC\/wyVlamTi3nSdgwFNdhEJgTJoNyoB9ISYoQmdjiZPcj7EYCAeCF1gEDo4Dz2eIAAAh+QQFCgAPACwCAAAADQANAAAEM\/DJBxiYeLKdX3IJZT1FU0iIg2RNKx3OkZVnZ98ToRD4MyiDnkAh6BkNC0MvsAj0kMpHBAAh+QQFCgAPACwGAAAACQAPAAAEMDC59KpFDll73HkAA2wVY5KgiK5b0RRoI6MuzG6EQqCDMlSGheEhUAgqgUUAFRySIgAh+QQFCgAPACwCAAIADQANAAAEM\/DJKZNLND\/kkKaHc3xk+QAMYDKsiaqmZCxGVjSFFCxB1vwy2oOgIDxuucxAMTAJFAJNBAAh+QQFCgAPACwAAAYADwAJAAAEMNAs86q1yaWwwv2Ig0jUZx3OYa4XoRAfwADXoAwfo1+CIjyFRuEho60aSNYlOPxEAAAh+QQFCgAPACwAAAIADQANAAAENPA9s4y8+IUVcqaWJ4qEQozSoAzoIyhCK2NFU2SJk0hNnyEOhKR2AzAAj4Pj4GE4W0bkJQIAOw==\" \/><div class=\"clear pt-cv-clear-pagination\"><\/div><\/div><\/div>\n","protected":false},"excerpt":{"rendered":"<p>|\u00a0XML\u2193\u00a0| \u00a0CSV\u2193\u00a0| PDF\u2193\u00a0\u00a0| IMPRIMIR\u2193\u00a0\u00a0|<\/p>\n","protected":false},"author":3,"featured_media":0,"parent":0,"menu_order":0,"comment_status":"closed","ping_status":"closed","template":"","meta":{"ocean_post_layout":"","ocean_both_sidebars_style":"","ocean_both_sidebars_content_width":0,"ocean_both_sidebars_sidebars_width":0,"ocean_sidebar":"0","ocean_second_sidebar":"0","ocean_disable_margins":"enable","ocean_add_body_class":"","ocean_shortcode_before_top_bar":"","ocean_shortcode_after_top_bar":"","ocean_shortcode_before_header":"","ocean_shortcode_after_header":"","ocean_has_shortcode":"","ocean_shortcode_after_title":"","ocean_shortcode_before_footer_widgets":"","ocean_shortcode_after_footer_widgets":"","ocean_shortcode_before_footer_bottom":"","ocean_shortcode_after_footer_bottom":"","ocean_display_top_bar":"default","ocean_display_header":"default","ocean_header_style":"","ocean_center_header_left_menu":"0","ocean_custom_header_template":"0","ocean_custom_logo":0,"ocean_custom_retina_logo":0,"ocean_custom_logo_max_width":0,"ocean_custom_logo_tablet_max_width":0,"ocean_custom_logo_mobile_max_width":0,"ocean_custom_logo_max_height":0,"ocean_custom_logo_tablet_max_height":0,"ocean_custom_logo_mobile_max_height":0,"ocean_header_custom_menu":"0","ocean_menu_typo_font_family":"0","ocean_menu_typo_font_subset":"","ocean_menu_typo_font_size":0,"ocean_menu_typo_font_size_tablet":0,"ocean_menu_typo_font_size_mobile":0,"ocean_menu_typo_font_size_unit":"px","ocean_menu_typo_font_weight":"","ocean_menu_typo_font_weight_tablet":"","ocean_menu_typo_font_weight_mobile":"","ocean_menu_typo_transform":"","ocean_menu_typo_transform_tablet":"","ocean_menu_typo_transform_mobile":"","ocean_menu_typo_line_height":0,"ocean_menu_typo_line_height_tablet":0,"ocean_menu_typo_line_height_mobile":0,"ocean_menu_typo_line_height_unit":"","ocean_menu_typo_spacing":0,"ocean_menu_typo_spacing_tablet":0,"ocean_menu_typo_spacing_mobile":0,"ocean_menu_typo_spacing_unit":"","ocean_menu_link_color":"","ocean_menu_link_color_hover":"","ocean_menu_link_color_active":"","ocean_menu_link_background":"","ocean_menu_link_hover_background":"","ocean_menu_link_active_background":"","ocean_menu_social_links_bg":"","ocean_menu_social_hover_links_bg":"","ocean_menu_social_links_color":"","ocean_menu_social_hover_links_color":"","ocean_disable_title":"default","ocean_disable_heading":"default","ocean_post_title":"","ocean_post_subheading":"","ocean_post_title_style":"","ocean_post_title_background_color":"","ocean_post_title_background":0,"ocean_post_title_bg_image_position":"","ocean_post_title_bg_image_attachment":"","ocean_post_title_bg_image_repeat":"","ocean_post_title_bg_image_size":"","ocean_post_title_height":0,"ocean_post_title_bg_overlay":0.5,"ocean_post_title_bg_overlay_color":"","ocean_disable_breadcrumbs":"default","ocean_breadcrumbs_color":"","ocean_breadcrumbs_separator_color":"","ocean_breadcrumbs_links_color":"","ocean_breadcrumbs_links_hover_color":"","ocean_display_footer_widgets":"default","ocean_display_footer_bottom":"default","ocean_custom_footer_template":"0","footnotes":""},"class_list":["post-26532","page","type-page","status-publish","hentry","entry"],"_links":{"self":[{"href":"https:\/\/lajes.rn.gov.br\/transparente\/index\/wp-json\/wp\/v2\/pages\/26532","targetHints":{"allow":["GET"]}}],"collection":[{"href":"https:\/\/lajes.rn.gov.br\/transparente\/index\/wp-json\/wp\/v2\/pages"}],"about":[{"href":"https:\/\/lajes.rn.gov.br\/transparente\/index\/wp-json\/wp\/v2\/types\/page"}],"author":[{"embeddable":true,"href":"https:\/\/lajes.rn.gov.br\/transparente\/index\/wp-json\/wp\/v2\/users\/3"}],"replies":[{"embeddable":true,"href":"https:\/\/lajes.rn.gov.br\/transparente\/index\/wp-json\/wp\/v2\/comments?post=26532"}],"version-history":[{"count":2,"href":"https:\/\/lajes.rn.gov.br\/transparente\/index\/wp-json\/wp\/v2\/pages\/26532\/revisions"}],"predecessor-version":[{"id":36718,"href":"https:\/\/lajes.rn.gov.br\/transparente\/index\/wp-json\/wp\/v2\/pages\/26532\/revisions\/36718"}],"wp:attachment":[{"href":"https:\/\/lajes.rn.gov.br\/transparente\/index\/wp-json\/wp\/v2\/media?parent=26532"}],"curies":[{"name":"wp","href":"https:\/\/api.w.org\/{rel}","templated":true}]}}