{"id":25806,"date":"2023-03-13T22:00:22","date_gmt":"2023-03-14T01:00:22","guid":{"rendered":"https:\/\/lajes.rn.gov.br\/transparente\/index\/?page_id=25806"},"modified":"2025-04-25T08:28:40","modified_gmt":"2025-04-25T11:28:40","slug":"apresentacao-da-lai","status":"publish","type":"page","link":"https:\/\/lajes.rn.gov.br\/transparente\/index\/apresentacao-da-lai\/","title":{"rendered":"Apresenta\u00e7\u00e3o da LAI"},"content":{"rendered":"<div align=\"right\">|\u00a0<strong><a href=\"\/feed\" target=\"_blank\" rel=\"noopener\">XML\u2193<\/a><\/strong>\u00a0| <a href=\"https:\/\/lajes.rn.gov.br\/transparente\/index\/wp-content\/uploads\/2025\/04\/export.csv\" target=\"_blank\" rel=\"noopener\">\u00a0<strong>CSV\u2193<\/strong><\/a>\u00a0| <a href=\"?print=pdf\" target=\"_blank\" rel=\"noopener\"><strong>PDF<\/strong>\u2193<\/a>\u00a0\u00a0| <a href=\"?print=print\" target=\"_blank\" rel=\"noopener\"><strong>IMPRIMIR<\/strong>\u2193<\/a>\u00a0\u00a0|<\/div>\n<p>&nbsp;<br \/>\n&nbsp;<\/p>\n<p data-raofz=\"14\">A Lei n\u00ba 12.527, sancionada em 18 de novembro de 2011, pela Presidenta da Rep\u00fablica, Dilma Roussef, regulamenta o direito constitucional de acesso dos cidad\u00e3os \u00e0s informa\u00e7\u00f5es p\u00fablicas e \u00e9 aplic\u00e1vel aos tr\u00eas Poderes da Uni\u00e3o, dos Estados, do Distrito Federal e dos Munic\u00edpios, com vig\u00eancia depois de decorridos 180 (cento e oitenta) dias da publica\u00e7\u00e3o. Sua san\u00e7\u00e3o representa mais um importante passo para a consolida\u00e7\u00e3o do regime democr\u00e1tico brasileiro e para o fortalecimento das pol\u00edticas de transpar\u00eancia p\u00fablica.<\/p>\n<p data-raofz=\"14\"><a role=\"link\" href=\"http:\/\/www.planalto.gov.br\/ccivil_03\/_Ato2011-2014\/2011\/Lei\/L12527.htm\" rel=\"noopener noreferrer\" data-raofz=\"14\">Conhe\u00e7a o texto completo da lei<\/a><\/p>\n<p data-raofz=\"14\">A Lei institui como princ\u00edpio fundamental que o acesso \u00e0 informa\u00e7\u00e3o p\u00fablica \u00e9 a regra, e o sigilo somente a exce\u00e7\u00e3o. Para garantir o exerc\u00edcio pleno do direito de acesso previsto na Constitui\u00e7\u00e3o Federal, a Lei define os mecanismos, prazos e procedimentos para a entrega das informa\u00e7\u00f5es solicitadas \u00e0 administra\u00e7\u00e3o p\u00fablica pelos cidad\u00e3os. Al\u00e9m disso, a Lei determina que os \u00f3rg\u00e3os e entidades p\u00fablicas dever\u00e3o divulgar um rol m\u00ednimo de informa\u00e7\u00f5es proativamente por meio da internet.<\/p>\n<p data-raofz=\"14\">As regras para a classifica\u00e7\u00e3o de informa\u00e7\u00f5es sigilosas, aquelas dever\u00e3o ter o seu acesso restrito por determinado per\u00edodo de tempo, s\u00e3o rigorosas e justificam-se pela salvaguarda da seguran\u00e7a do Estado ou da pr\u00f3pria sociedade. Tamb\u00e9m est\u00e3o previstas medidas de responsabiliza\u00e7\u00e3o dos agentes p\u00fablicos que retardarem ou negarem indevidamente a entrega de informa\u00e7\u00f5es.<\/p>\n<p data-raofz=\"14\">O Brasil tem agora o desafio de assegurar a implementa\u00e7\u00e3o efetiva da Lei, enfrentando quest\u00f5es de natureza cultural, t\u00e9cnica, tecnol\u00f3gica e de car\u00e1ter administrativo para a operacionaliza\u00e7\u00e3o do sistema de acesso \u00e0s informa\u00e7\u00f5es p\u00fablicas. Um ponto fundamental nesse processo ser\u00e1 a capacita\u00e7\u00e3o dos servidores, dado que sua atua\u00e7\u00e3o ser\u00e1 fundamental para o sucesso dessa implementa\u00e7\u00e3o.<\/p>\n<p data-raofz=\"14\">A CGU, como respons\u00e1vel pela coordena\u00e7\u00e3o dos esfor\u00e7os de implementa\u00e7\u00e3o no \u00e2mbito do Governo Federal, adotar\u00e1 medidas para apoiar a capacita\u00e7\u00e3o dos servidores p\u00fablicos federais, a estrutura\u00e7\u00e3o dos servi\u00e7os de informa\u00e7\u00f5es ao cidad\u00e3o em \u00f3rg\u00e3os e entidades do Poder Executivo Federal e o estabelecimento de procedimentos para o funcionamento do sistema de acesso a informa\u00e7\u00f5es p\u00fablicas. A Controladoria-Geral da Uni\u00e3o ser\u00e1 uma inst\u00e2ncia respons\u00e1vel por decidir sobre recursos a pedidos de informa\u00e7\u00e3o negados no \u00e2mbito do Executivo Federal.<\/p>\n<p data-raofz=\"14\">Para saber mais sobre a lei e seus direitos, acesse o site\u00a0<a role=\"link\" href=\"http:\/\/www.acessoainformacao.gov.br\/\" rel=\"noopener noreferrer\" data-raofz=\"14\">www.acessoainformacao.gov.br<\/a>.<\/p>\n<p>&nbsp;<\/p>\n","protected":false},"excerpt":{"rendered":"<p>|\u00a0XML\u2193\u00a0| \u00a0CSV\u2193\u00a0| PDF\u2193\u00a0\u00a0| IMPRIMIR\u2193\u00a0\u00a0| &nbsp; &nbsp; A Lei n\u00ba 12.527, sancionada em 18 de novembro de 2011, pela Presidenta da Rep\u00fablica, Dilma Roussef, regulamenta o direito constitucional de acesso dos cidad\u00e3os \u00e0s informa\u00e7\u00f5es p\u00fablicas e \u00e9 aplic\u00e1vel aos tr\u00eas Poderes da Uni\u00e3o, dos Estados, do Distrito Federal e dos Munic\u00edpios, com vig\u00eancia depois de decorridos [&hellip;]<\/p>\n","protected":false},"author":3,"featured_media":0,"parent":0,"menu_order":0,"comment_status":"closed","ping_status":"closed","template":"","meta":{"ocean_post_layout":"","ocean_both_sidebars_style":"","ocean_both_sidebars_content_width":0,"ocean_both_sidebars_sidebars_width":0,"ocean_sidebar":"0","ocean_second_sidebar":"0","ocean_disable_margins":"enable","ocean_add_body_class":"","ocean_shortcode_before_top_bar":"","ocean_shortcode_after_top_bar":"","ocean_shortcode_before_header":"","ocean_shortcode_after_header":"","ocean_has_shortcode":"","ocean_shortcode_after_title":"","ocean_shortcode_before_footer_widgets":"","ocean_shortcode_after_footer_widgets":"","ocean_shortcode_before_footer_bottom":"","ocean_shortcode_after_footer_bottom":"","ocean_display_top_bar":"default","ocean_display_header":"default","ocean_header_style":"","ocean_center_header_left_menu":"0","ocean_custom_header_template":"0","ocean_custom_logo":0,"ocean_custom_retina_logo":0,"ocean_custom_logo_max_width":0,"ocean_custom_logo_tablet_max_width":0,"ocean_custom_logo_mobile_max_width":0,"ocean_custom_logo_max_height":0,"ocean_custom_logo_tablet_max_height":0,"ocean_custom_logo_mobile_max_height":0,"ocean_header_custom_menu":"0","ocean_menu_typo_font_family":"0","ocean_menu_typo_font_subset":"","ocean_menu_typo_font_size":0,"ocean_menu_typo_font_size_tablet":0,"ocean_menu_typo_font_size_mobile":0,"ocean_menu_typo_font_size_unit":"px","ocean_menu_typo_font_weight":"","ocean_menu_typo_font_weight_tablet":"","ocean_menu_typo_font_weight_mobile":"","ocean_menu_typo_transform":"","ocean_menu_typo_transform_tablet":"","ocean_menu_typo_transform_mobile":"","ocean_menu_typo_line_height":0,"ocean_menu_typo_line_height_tablet":0,"ocean_menu_typo_line_height_mobile":0,"ocean_menu_typo_line_height_unit":"","ocean_menu_typo_spacing":0,"ocean_menu_typo_spacing_tablet":0,"ocean_menu_typo_spacing_mobile":0,"ocean_menu_typo_spacing_unit":"","ocean_menu_link_color":"","ocean_menu_link_color_hover":"","ocean_menu_link_color_active":"","ocean_menu_link_background":"","ocean_menu_link_hover_background":"","ocean_menu_link_active_background":"","ocean_menu_social_links_bg":"","ocean_menu_social_hover_links_bg":"","ocean_menu_social_links_color":"","ocean_menu_social_hover_links_color":"","ocean_disable_title":"default","ocean_disable_heading":"default","ocean_post_title":"","ocean_post_subheading":"","ocean_post_title_style":"","ocean_post_title_background_color":"","ocean_post_title_background":0,"ocean_post_title_bg_image_position":"","ocean_post_title_bg_image_attachment":"","ocean_post_title_bg_image_repeat":"","ocean_post_title_bg_image_size":"","ocean_post_title_height":0,"ocean_post_title_bg_overlay":0.5,"ocean_post_title_bg_overlay_color":"","ocean_disable_breadcrumbs":"default","ocean_breadcrumbs_color":"","ocean_breadcrumbs_separator_color":"","ocean_breadcrumbs_links_color":"","ocean_breadcrumbs_links_hover_color":"","ocean_display_footer_widgets":"default","ocean_display_footer_bottom":"default","ocean_custom_footer_template":"0","footnotes":""},"class_list":["post-25806","page","type-page","status-publish","hentry","entry"],"_links":{"self":[{"href":"https:\/\/lajes.rn.gov.br\/transparente\/index\/wp-json\/wp\/v2\/pages\/25806","targetHints":{"allow":["GET"]}}],"collection":[{"href":"https:\/\/lajes.rn.gov.br\/transparente\/index\/wp-json\/wp\/v2\/pages"}],"about":[{"href":"https:\/\/lajes.rn.gov.br\/transparente\/index\/wp-json\/wp\/v2\/types\/page"}],"author":[{"embeddable":true,"href":"https:\/\/lajes.rn.gov.br\/transparente\/index\/wp-json\/wp\/v2\/users\/3"}],"replies":[{"embeddable":true,"href":"https:\/\/lajes.rn.gov.br\/transparente\/index\/wp-json\/wp\/v2\/comments?post=25806"}],"version-history":[{"count":7,"href":"https:\/\/lajes.rn.gov.br\/transparente\/index\/wp-json\/wp\/v2\/pages\/25806\/revisions"}],"predecessor-version":[{"id":36736,"href":"https:\/\/lajes.rn.gov.br\/transparente\/index\/wp-json\/wp\/v2\/pages\/25806\/revisions\/36736"}],"wp:attachment":[{"href":"https:\/\/lajes.rn.gov.br\/transparente\/index\/wp-json\/wp\/v2\/media?parent=25806"}],"curies":[{"name":"wp","href":"https:\/\/api.w.org\/{rel}","templated":true}]}}