{"id":25781,"date":"2023-03-13T21:30:51","date_gmt":"2023-03-14T00:30:51","guid":{"rendered":"https:\/\/lajes.rn.gov.br\/transparente\/index\/?page_id=25781"},"modified":"2025-04-25T08:30:56","modified_gmt":"2025-04-25T11:30:56","slug":"como-acompanhar-a-manifestacao","status":"publish","type":"page","link":"https:\/\/lajes.rn.gov.br\/transparente\/index\/como-acompanhar-a-manifestacao\/","title":{"rendered":"Como acompanhar a manifesta\u00e7\u00e3o"},"content":{"rendered":"<div align=\"right\">|\u00a0<strong><a href=\"\/feed\" target=\"_blank\" rel=\"noopener\">XML\u2193<\/a><\/strong>\u00a0| <a href=\"https:\/\/lajes.rn.gov.br\/transparente\/index\/wp-content\/uploads\/2025\/04\/export.csv\" target=\"_blank\" rel=\"noopener\">\u00a0<strong>CSV\u2193<\/strong><\/a>\u00a0| <a href=\"?print=pdf\" target=\"_blank\" rel=\"noopener\"><strong>PDF<\/strong>\u2193<\/a>\u00a0\u00a0| <a href=\"?print=print\" target=\"_blank\" rel=\"noopener\"><strong>IMPRIMIR<\/strong>\u2193<\/a>\u00a0\u00a0|<\/div>\n<p>&nbsp;<\/p>\n<p class=\"style1\" data-raofz=\"14\">1. Acesse a ouvidoria em: \u00a0<strong>www.lajes.rn.gov.br\/ouvidoria<\/strong><\/p>\n<p data-raofz=\"14\">2. Acesse clicando em \u201c<strong>Tipo de Manifesta\u00e7\u00e3o<\/strong>\u201d no menu\u00a0<strong>\u201cManifestar\u201d<\/strong>\u00a0usando seu nome de usu\u00e1rio e senha.<\/p>\n<p data-raofz=\"14\">3. Clique em\u00a0<strong>\u201cManifesta\u00e7\u00f5es realizadas\u201d<\/strong>.<\/p>\n<p data-raofz=\"14\">4. Preencha o formul\u00e1rio com o n\u00famero de protocolo e clique em\u00a0<strong>\u201cBuscar\u201d<\/strong>. Caso queira consultar todos os pedidos realizados por voc\u00ea, n\u00e3o preencha nenhum campo e clique em \u201cBuscar\u201d.<\/p>\n<hr \/>\n<h1 data-raofz=\"14\">PRORROGA\u00c7\u00c3O<\/h1>\n<p data-raofz=\"14\">Prazo, em dias, para resposta da manifesta\u00e7\u00e3o:<strong> 30 Dias<\/strong><br \/>\nQuantidade de dias que poder\u00e1 ser prorrogada a resposta da Manifesta\u00e7\u00e3o: <strong>30 Dias<\/strong><br \/>\nRecursos: <strong>N\u00e3o Haver\u00e1 recurso<\/strong><\/p>\n<p>&nbsp;<\/p>\n","protected":false},"excerpt":{"rendered":"<p>|\u00a0XML\u2193\u00a0| \u00a0CSV\u2193\u00a0| PDF\u2193\u00a0\u00a0| IMPRIMIR\u2193\u00a0\u00a0| &nbsp; 1. Acesse a ouvidoria em: \u00a0www.lajes.rn.gov.br\/ouvidoria 2. Acesse clicando em \u201cTipo de Manifesta\u00e7\u00e3o\u201d no menu\u00a0\u201cManifestar\u201d\u00a0usando seu nome de usu\u00e1rio e senha. 3. Clique em\u00a0\u201cManifesta\u00e7\u00f5es realizadas\u201d. 4. Preencha o formul\u00e1rio com o n\u00famero de protocolo e clique em\u00a0\u201cBuscar\u201d. Caso queira consultar todos os pedidos realizados por voc\u00ea, n\u00e3o preencha nenhum campo [&hellip;]<\/p>\n","protected":false},"author":3,"featured_media":0,"parent":0,"menu_order":0,"comment_status":"closed","ping_status":"closed","template":"","meta":{"ocean_post_layout":"","ocean_both_sidebars_style":"","ocean_both_sidebars_content_width":0,"ocean_both_sidebars_sidebars_width":0,"ocean_sidebar":"0","ocean_second_sidebar":"0","ocean_disable_margins":"enable","ocean_add_body_class":"","ocean_shortcode_before_top_bar":"","ocean_shortcode_after_top_bar":"","ocean_shortcode_before_header":"","ocean_shortcode_after_header":"","ocean_has_shortcode":"","ocean_shortcode_after_title":"","ocean_shortcode_before_footer_widgets":"","ocean_shortcode_after_footer_widgets":"","ocean_shortcode_before_footer_bottom":"","ocean_shortcode_after_footer_bottom":"","ocean_display_top_bar":"default","ocean_display_header":"default","ocean_header_style":"","ocean_center_header_left_menu":"0","ocean_custom_header_template":"0","ocean_custom_logo":0,"ocean_custom_retina_logo":0,"ocean_custom_logo_max_width":0,"ocean_custom_logo_tablet_max_width":0,"ocean_custom_logo_mobile_max_width":0,"ocean_custom_logo_max_height":0,"ocean_custom_logo_tablet_max_height":0,"ocean_custom_logo_mobile_max_height":0,"ocean_header_custom_menu":"0","ocean_menu_typo_font_family":"0","ocean_menu_typo_font_subset":"","ocean_menu_typo_font_size":0,"ocean_menu_typo_font_size_tablet":0,"ocean_menu_typo_font_size_mobile":0,"ocean_menu_typo_font_size_unit":"px","ocean_menu_typo_font_weight":"","ocean_menu_typo_font_weight_tablet":"","ocean_menu_typo_font_weight_mobile":"","ocean_menu_typo_transform":"","ocean_menu_typo_transform_tablet":"","ocean_menu_typo_transform_mobile":"","ocean_menu_typo_line_height":0,"ocean_menu_typo_line_height_tablet":0,"ocean_menu_typo_line_height_mobile":0,"ocean_menu_typo_line_height_unit":"","ocean_menu_typo_spacing":0,"ocean_menu_typo_spacing_tablet":0,"ocean_menu_typo_spacing_mobile":0,"ocean_menu_typo_spacing_unit":"","ocean_menu_link_color":"","ocean_menu_link_color_hover":"","ocean_menu_link_color_active":"","ocean_menu_link_background":"","ocean_menu_link_hover_background":"","ocean_menu_link_active_background":"","ocean_menu_social_links_bg":"","ocean_menu_social_hover_links_bg":"","ocean_menu_social_links_color":"","ocean_menu_social_hover_links_color":"","ocean_disable_title":"default","ocean_disable_heading":"default","ocean_post_title":"","ocean_post_subheading":"","ocean_post_title_style":"","ocean_post_title_background_color":"","ocean_post_title_background":0,"ocean_post_title_bg_image_position":"","ocean_post_title_bg_image_attachment":"","ocean_post_title_bg_image_repeat":"","ocean_post_title_bg_image_size":"","ocean_post_title_height":0,"ocean_post_title_bg_overlay":0.5,"ocean_post_title_bg_overlay_color":"","ocean_disable_breadcrumbs":"default","ocean_breadcrumbs_color":"","ocean_breadcrumbs_separator_color":"","ocean_breadcrumbs_links_color":"","ocean_breadcrumbs_links_hover_color":"","ocean_display_footer_widgets":"default","ocean_display_footer_bottom":"default","ocean_custom_footer_template":"0","footnotes":""},"class_list":["post-25781","page","type-page","status-publish","hentry","entry"],"_links":{"self":[{"href":"https:\/\/lajes.rn.gov.br\/transparente\/index\/wp-json\/wp\/v2\/pages\/25781","targetHints":{"allow":["GET"]}}],"collection":[{"href":"https:\/\/lajes.rn.gov.br\/transparente\/index\/wp-json\/wp\/v2\/pages"}],"about":[{"href":"https:\/\/lajes.rn.gov.br\/transparente\/index\/wp-json\/wp\/v2\/types\/page"}],"author":[{"embeddable":true,"href":"https:\/\/lajes.rn.gov.br\/transparente\/index\/wp-json\/wp\/v2\/users\/3"}],"replies":[{"embeddable":true,"href":"https:\/\/lajes.rn.gov.br\/transparente\/index\/wp-json\/wp\/v2\/comments?post=25781"}],"version-history":[{"count":11,"href":"https:\/\/lajes.rn.gov.br\/transparente\/index\/wp-json\/wp\/v2\/pages\/25781\/revisions"}],"predecessor-version":[{"id":36742,"href":"https:\/\/lajes.rn.gov.br\/transparente\/index\/wp-json\/wp\/v2\/pages\/25781\/revisions\/36742"}],"wp:attachment":[{"href":"https:\/\/lajes.rn.gov.br\/transparente\/index\/wp-json\/wp\/v2\/media?parent=25781"}],"curies":[{"name":"wp","href":"https:\/\/api.w.org\/{rel}","templated":true}]}}