{"id":25745,"date":"2023-03-10T21:22:19","date_gmt":"2023-03-11T00:22:19","guid":{"rendered":"https:\/\/lajes.rn.gov.br\/transparente\/index\/?page_id=25745"},"modified":"2025-05-27T21:44:16","modified_gmt":"2025-05-28T00:44:16","slug":"leis-importantes","status":"publish","type":"page","link":"https:\/\/lajes.rn.gov.br\/transparente\/index\/leis-importantes\/","title":{"rendered":"LEIS IMPORTANTES"},"content":{"rendered":"<p style=\"text-align: right;\">|\u00a0<strong><a href=\"\/feed\" target=\"_blank\" rel=\"noopener\">XML\u2193<\/a><\/strong>\u00a0| <a href=\"https:\/\/lajes.rn.gov.br\/transparente\/index\/wp-content\/uploads\/2025\/05\/LEIS-IMPORTANTES.csv\" target=\"_blank\" rel=\"noopener\">\u00a0<strong>CSV\u2193<\/strong><\/a>\u00a0| <a href=\"?print=pdf\" target=\"_blank\" rel=\"noopener\"><strong>PDF<\/strong>\u2193<\/a>\u00a0\u00a0| <a href=\"?print=print\" target=\"_blank\" rel=\"noopener\"><strong>IMPRIMIR<\/strong>\u2193<\/a>\u00a0\u00a0|<\/p>\n<p>&nbsp;<\/p>\n<p>&nbsp;<\/p>\n<ul>\n<li><a href=\"https:\/\/lajes.rn.gov.br\/transparente\/index\/wp-content\/uploads\/2023\/03\/LEI-no-500-2009-Estrutura-Organizacional.pdf\">ESTRUTURA ORGANIZACIONAL \u2013 LEI N\u00ba 500\/2009<\/a><\/li>\n<li><a href=\"https:\/\/lajes.rn.gov.br\/transparente\/index\/wp-content\/uploads\/2023\/03\/08.-Lei-no-647-14-Sistema-de-Inspecao-Municipal-SIM.pdf\">SISTEMA DE INSPE\u00c7\u00c3O MUNICIPAL \u2013 SIM \u2013 LEI N\u00ba 647\/2014<\/a><\/li>\n<li><a href=\"https:\/\/lajes.rn.gov.br\/transparente\/index\/wp-content\/uploads\/2023\/03\/07.-Lei-no-645-14-PMDIAC.pdf\">PMDIAC \u2013 LEI N\u00ba 645\/2014<\/a><\/li>\n<li><a href=\"https:\/\/lajes.rn.gov.br\/transparente\/index\/wp-content\/uploads\/2023\/03\/06.-Lei-no-687-15-Acesso-a-Informacao.pdf\">ACESSO \u00c0 INFORMA\u00c7\u00c3O \u2013 LEI N\u00ba 687\/2015<\/a><\/li>\n<li><a href=\"https:\/\/lajes.rn.gov.br\/transparente\/index\/wp-content\/uploads\/2023\/03\/04.-CODIGO-DE-POSTURA-DO-MUNICIPIO-DE-LAJES.RN_.pdf\">C\u00d3DIGO DE POSTURAS DO MUNIC\u00cdPIO DE LAJES \u2013 LEI COMPLEMENTAR N.\u00ba 489\/2009<\/a><\/li>\n<li><a href=\"https:\/\/lajes.rn.gov.br\/transparente\/index\/wp-content\/uploads\/2023\/03\/03.-Lei-Complementar-no-003-14-Atualiza-Codigo-Tributario.pdf\">ATUALIZA O C\u00d3DIGO TRIBUT\u00c1RIO DO MUNIC\u00cdPIO DE LAJES \u2013 LEI COMPLEMENTAR N\u00ba 003\/2014<\/a><\/li>\n<li><a href=\"https:\/\/lajes.rn.gov.br\/transparente\/index\/wp-content\/uploads\/2023\/03\/01.2.-Regime-Juridico.pdf\">REGIME JUR\u00cdDICO \u2013 LEI COMPLEMENTAR N\u00b0 001\/1997<\/a><\/li>\n<li><a href=\"https:\/\/lajes.rn.gov.br\/transparente\/index\/wp-content\/uploads\/2023\/03\/01.-Lei-Organica.doc.pdf\">LEI ORG\u00c2NICA DO MUNIC\u00cdPIO<\/a><\/li>\n<li><a href=\"https:\/\/lajes.rn.gov.br\/transparente\/index\/wp-content\/uploads\/2023\/03\/02.-CODIGO-DE-OBRAS-DE-LAJES-LEI-COMPLEMENTAR-N.o-488-2009.pdf\">C\u00d3DIGO DE OBRAS E EDIFICA\u00c7\u00d5ES DO MUNIC\u00cdPIO DE LAJES \u2013 LEI COMPLEMENTAR N\u00ba 488\/2009<\/a><\/li>\n<li><a href=\"https:\/\/lajes.rn.gov.br\/transparente\/index\/wp-content\/uploads\/2023\/03\/LEI-MUNICIPAL-N-o-490-2009-NORMAS-DE-TAXI-LAJES-2009.pdf\">REGULAMENTO DE TAXI \u2013 LEI N\u00ba 490\/2009<\/a><\/li>\n<\/ul>\n<p>.<\/p>\n","protected":false},"excerpt":{"rendered":"<p>|\u00a0XML\u2193\u00a0| \u00a0CSV\u2193\u00a0| PDF\u2193\u00a0\u00a0| IMPRIMIR\u2193\u00a0\u00a0| &nbsp; &nbsp; ESTRUTURA ORGANIZACIONAL \u2013 LEI N\u00ba 500\/2009 SISTEMA DE INSPE\u00c7\u00c3O MUNICIPAL \u2013 SIM \u2013 LEI N\u00ba 647\/2014 PMDIAC \u2013 LEI N\u00ba 645\/2014 ACESSO \u00c0 INFORMA\u00c7\u00c3O \u2013 LEI N\u00ba 687\/2015 C\u00d3DIGO DE POSTURAS DO MUNIC\u00cdPIO DE LAJES \u2013 LEI COMPLEMENTAR N.\u00ba 489\/2009 ATUALIZA O C\u00d3DIGO TRIBUT\u00c1RIO DO MUNIC\u00cdPIO DE LAJES \u2013 [&hellip;]<\/p>\n","protected":false},"author":3,"featured_media":0,"parent":0,"menu_order":0,"comment_status":"closed","ping_status":"closed","template":"","meta":{"ocean_post_layout":"","ocean_both_sidebars_style":"","ocean_both_sidebars_content_width":0,"ocean_both_sidebars_sidebars_width":0,"ocean_sidebar":"0","ocean_second_sidebar":"0","ocean_disable_margins":"enable","ocean_add_body_class":"","ocean_shortcode_before_top_bar":"","ocean_shortcode_after_top_bar":"","ocean_shortcode_before_header":"","ocean_shortcode_after_header":"","ocean_has_shortcode":"","ocean_shortcode_after_title":"","ocean_shortcode_before_footer_widgets":"","ocean_shortcode_after_footer_widgets":"","ocean_shortcode_before_footer_bottom":"","ocean_shortcode_after_footer_bottom":"","ocean_display_top_bar":"default","ocean_display_header":"default","ocean_header_style":"","ocean_center_header_left_menu":"0","ocean_custom_header_template":"0","ocean_custom_logo":0,"ocean_custom_retina_logo":0,"ocean_custom_logo_max_width":0,"ocean_custom_logo_tablet_max_width":0,"ocean_custom_logo_mobile_max_width":0,"ocean_custom_logo_max_height":0,"ocean_custom_logo_tablet_max_height":0,"ocean_custom_logo_mobile_max_height":0,"ocean_header_custom_menu":"0","ocean_menu_typo_font_family":"0","ocean_menu_typo_font_subset":"","ocean_menu_typo_font_size":0,"ocean_menu_typo_font_size_tablet":0,"ocean_menu_typo_font_size_mobile":0,"ocean_menu_typo_font_size_unit":"px","ocean_menu_typo_font_weight":"","ocean_menu_typo_font_weight_tablet":"","ocean_menu_typo_font_weight_mobile":"","ocean_menu_typo_transform":"","ocean_menu_typo_transform_tablet":"","ocean_menu_typo_transform_mobile":"","ocean_menu_typo_line_height":0,"ocean_menu_typo_line_height_tablet":0,"ocean_menu_typo_line_height_mobile":0,"ocean_menu_typo_line_height_unit":"","ocean_menu_typo_spacing":0,"ocean_menu_typo_spacing_tablet":0,"ocean_menu_typo_spacing_mobile":0,"ocean_menu_typo_spacing_unit":"","ocean_menu_link_color":"","ocean_menu_link_color_hover":"","ocean_menu_link_color_active":"","ocean_menu_link_background":"","ocean_menu_link_hover_background":"","ocean_menu_link_active_background":"","ocean_menu_social_links_bg":"","ocean_menu_social_hover_links_bg":"","ocean_menu_social_links_color":"","ocean_menu_social_hover_links_color":"","ocean_disable_title":"default","ocean_disable_heading":"default","ocean_post_title":"","ocean_post_subheading":"","ocean_post_title_style":"","ocean_post_title_background_color":"","ocean_post_title_background":0,"ocean_post_title_bg_image_position":"","ocean_post_title_bg_image_attachment":"","ocean_post_title_bg_image_repeat":"","ocean_post_title_bg_image_size":"","ocean_post_title_height":0,"ocean_post_title_bg_overlay":0.5,"ocean_post_title_bg_overlay_color":"","ocean_disable_breadcrumbs":"default","ocean_breadcrumbs_color":"","ocean_breadcrumbs_separator_color":"","ocean_breadcrumbs_links_color":"","ocean_breadcrumbs_links_hover_color":"","ocean_display_footer_widgets":"default","ocean_display_footer_bottom":"default","ocean_custom_footer_template":"0","footnotes":""},"class_list":["post-25745","page","type-page","status-publish","hentry","entry"],"_links":{"self":[{"href":"https:\/\/lajes.rn.gov.br\/transparente\/index\/wp-json\/wp\/v2\/pages\/25745","targetHints":{"allow":["GET"]}}],"collection":[{"href":"https:\/\/lajes.rn.gov.br\/transparente\/index\/wp-json\/wp\/v2\/pages"}],"about":[{"href":"https:\/\/lajes.rn.gov.br\/transparente\/index\/wp-json\/wp\/v2\/types\/page"}],"author":[{"embeddable":true,"href":"https:\/\/lajes.rn.gov.br\/transparente\/index\/wp-json\/wp\/v2\/users\/3"}],"replies":[{"embeddable":true,"href":"https:\/\/lajes.rn.gov.br\/transparente\/index\/wp-json\/wp\/v2\/comments?post=25745"}],"version-history":[{"count":16,"href":"https:\/\/lajes.rn.gov.br\/transparente\/index\/wp-json\/wp\/v2\/pages\/25745\/revisions"}],"predecessor-version":[{"id":37312,"href":"https:\/\/lajes.rn.gov.br\/transparente\/index\/wp-json\/wp\/v2\/pages\/25745\/revisions\/37312"}],"wp:attachment":[{"href":"https:\/\/lajes.rn.gov.br\/transparente\/index\/wp-json\/wp\/v2\/media?parent=25745"}],"curies":[{"name":"wp","href":"https:\/\/api.w.org\/{rel}","templated":true}]}}