{"id":24531,"date":"2023-02-08T12:21:42","date_gmt":"2023-02-08T15:21:42","guid":{"rendered":"https:\/\/lajes.rn.gov.br\/transparente\/index\/?page_id=24531"},"modified":"2025-04-25T08:37:43","modified_gmt":"2025-04-25T11:37:43","slug":"regulamentos","status":"publish","type":"page","link":"https:\/\/lajes.rn.gov.br\/transparente\/index\/regulamentos\/","title":{"rendered":"Regulamentos"},"content":{"rendered":"<div align=\"right\">|\u00a0<strong><a href=\"\/feed\" target=\"_blank\" rel=\"noopener\">XML\u2193<\/a><\/strong>\u00a0| <a href=\"https:\/\/lajes.rn.gov.br\/transparente\/index\/wp-content\/uploads\/2025\/04\/export.csv\" target=\"_blank\" rel=\"noopener\">\u00a0<strong>CSV\u2193<\/strong><\/a>\u00a0| <a href=\"?print=pdf\" target=\"_blank\" rel=\"noopener\"><strong>PDF<\/strong>\u2193<\/a>\u00a0\u00a0| <a href=\"?print=print\" target=\"_blank\" rel=\"noopener\"><strong>IMPRIMIR<\/strong>\u2193<\/a>\u00a0\u00a0|<\/div>\n<p>&nbsp;<\/p>\n<div class=\"pt-cv-wrapper\"><div class=\"pt-cv-view pt-cv-grid pt-cv-colsys\" id=\"pt-cv-view-af3f0a8bj5\"><div data-id=\"pt-cv-page-1\" class=\"pt-cv-page\" data-cvc=\"1\"><div class=\"col-md-12 col-sm-12 col-xs-12 pt-cv-content-item pt-cv-1-col\" ><div class='pt-cv-ifield'><p class=\"pt-cv-title\"><a href=\"https:\/\/lajes.rn.gov.br\/transparente\/index\/regulamento-n-002-2026-regulamenta-as-disposicoes-para-o-funcionamento-do-carnaval-de-todos-2026-e-da-outras-providencias\/\" class=\"_self\" target=\"_self\" >REGULAMENTO N\u00b0 002\/2026 &#8211; Regulamenta as disposi\u00e7\u00f5es para o funcionamento do Carnaval de Todos 2026 e d\u00e1 outras provid\u00eancias.<\/a><\/p><\/div><\/div>\n<div class=\"col-md-12 col-sm-12 col-xs-12 pt-cv-content-item pt-cv-1-col\" ><div class='pt-cv-ifield'><p class=\"pt-cv-title\"><a href=\"https:\/\/lajes.rn.gov.br\/transparente\/index\/regulamento-n-001-2026-dispoe-sobre-o-regulamento-oficial-dos-concursos-mister-carnaval-de-todos-2026-e-musa-do-carnaval-de-todos-2026-realizados-durante-o-carnaval-de-l\/\" class=\"_self\" target=\"_self\" >REGULAMENTO N\u00b0 001\/2026 &#8211; Disp\u00f5e sobre o Regulamento Oficial dos Concursos &#8220;Mister Carnaval de Todos 2026&#8221; e \u201cMusa do Carnaval de Todos 2026\u201d, realizados durante o Carnaval de Lajes\/RN, com o objetivo de promover, valorizar e divulgar a cultura carnavalesca do munic\u00edpio, garantindo a lisura, transpar\u00eancia e participa\u00e7\u00e3o democr\u00e1tica.<\/a><\/p><\/div><\/div>\n<div class=\"col-md-12 col-sm-12 col-xs-12 pt-cv-content-item pt-cv-1-col\" ><div class='pt-cv-ifield'><p class=\"pt-cv-title\"><a href=\"https:\/\/lajes.rn.gov.br\/transparente\/index\/regulamento-n-010-2025-dispoe-sobre-o-regulamento-oficial-do-campeonato-municipal-de-blocos-carnavalescos-taca-velhos-folioes-com-o-objetivo-de-garantir-a-lisura-a-justica-desportiva-a\/\" class=\"_self\" target=\"_self\" >REGULAMENTO N\u00b0 010\/2025 &#8211; Disp\u00f5e sobre o Regulamento Oficial do Campeonato Municipal de Blocos Carnavalescos &#8220;Ta\u00e7a Velhos Foli\u00f5es&#8221;, com o objetivo de garantir a lisura, a justi\u00e7a desportiva, a inclus\u00e3o e a seguran\u00e7a de todos os envolvidos na competi\u00e7\u00e3o.<\/a><\/p><\/div><\/div>\n<div class=\"col-md-12 col-sm-12 col-xs-12 pt-cv-content-item pt-cv-1-col\" ><div class='pt-cv-ifield'><p class=\"pt-cv-title\"><a href=\"https:\/\/lajes.rn.gov.br\/transparente\/index\/regulamento-n-009-2025-dispoe-sobre-o-regulamento-oficial-do-torneio-de-futmesa-a-ser-realizado-no-encerramento-da-semana-municipal-da-juventude-do-municipio-de-lajes-rn-estabelece-normas-de\/\" class=\"_self\" target=\"_self\" >REGULAMENTO N\u00b0 009\/2025 &#8211; Disp\u00f5e sobre o Regulamento Oficial do Torneio de Futmesa a ser realizado no encerramento da semana municipal da juventude do munic\u00edpio de Lajes\/RN, estabelece normas de participa\u00e7\u00e3o, competi\u00e7\u00e3o e premia\u00e7\u00e3o.<\/a><\/p><\/div><\/div>\n<div class=\"col-md-12 col-sm-12 col-xs-12 pt-cv-content-item pt-cv-1-col\" ><div class='pt-cv-ifield'><p class=\"pt-cv-title\"><a href=\"https:\/\/lajes.rn.gov.br\/transparente\/index\/regulamento-n-007-2025\/\" class=\"_self\" target=\"_self\" >REGULAMENTO N\u00b0 007\/2025.**<\/a><\/p><\/div><\/div>\n<div class=\"col-md-12 col-sm-12 col-xs-12 pt-cv-content-item pt-cv-1-col\" ><div class='pt-cv-ifield'><p class=\"pt-cv-title\"><a href=\"https:\/\/lajes.rn.gov.br\/transparente\/index\/regulamento-n-007-2025-dispoe-sobre-o-regulamento-oficial-da-1a-copa-rural-de-futebol-7-do-municipio-de-lajes-rn-com-o-objetivo-de-garantir-a-lisura-a-justica-desportiva-a-inclusao-e-a-seg\/\" class=\"_self\" target=\"_self\" >REGULAMENTO N\u00b0 007\/2025 &#8211; Disp\u00f5e sobre o Regulamento Oficial da 1\u00aa Copa Rural de Futebol 7, do Munic\u00edpio de Lajes\/RN, com o objetivo de garantir a lisura, a justi\u00e7a desportiva, a inclus\u00e3o e a seguran\u00e7a de todos os envolvidos na competi\u00e7\u00e3o.<\/a><\/p><\/div><\/div>\n<div class=\"col-md-12 col-sm-12 col-xs-12 pt-cv-content-item pt-cv-1-col\" ><div class='pt-cv-ifield'><p class=\"pt-cv-title\"><a href=\"https:\/\/lajes.rn.gov.br\/transparente\/index\/regulamento-oficial-sedraf-prova-pega-bode\/\" class=\"_self\" target=\"_self\" >REGULAMENTO OFICIAL SEDRAF \u2013 PROVA PEGA BODE<\/a><\/p><\/div><\/div>\n<div class=\"col-md-12 col-sm-12 col-xs-12 pt-cv-content-item pt-cv-1-col\" ><div class='pt-cv-ifield'><p class=\"pt-cv-title\"><a href=\"https:\/\/lajes.rn.gov.br\/transparente\/index\/regulamento-oficial-sedraf-competicao-peso-pesado\/\" class=\"_self\" target=\"_self\" >REGULAMENTO OFICIAL SEDRAF \u2013 COMPETI\u00c7\u00c3O \u201cPESO PESADO\u201d<\/a><\/p><\/div><\/div>\n<div class=\"col-md-12 col-sm-12 col-xs-12 pt-cv-content-item pt-cv-1-col\" ><div class='pt-cv-ifield'><p class=\"pt-cv-title\"><a href=\"https:\/\/lajes.rn.gov.br\/transparente\/index\/regulamento-n-004-2025-dispoe-sobre-o-regulamento-oficial-do-campeonato-municipal-de-futebol-amador-na-categoria-master-com-o-objetivo-de-garantir-a-lisura-a-justica-desportiva-a-inclusao-e\/\" class=\"_self\" target=\"_self\" >REGULAMENTO N\u00b0 004\/2025 &#8211; Disp\u00f5e sobre o Regulamento Oficial do Campeonato Municipal de Futebol Amador na categoria Master com o objetivo de garantir a lisura, a justi\u00e7a desportiva, a inclus\u00e3o e a seguran\u00e7a de todos os envolvidos na competi\u00e7\u00e3o.<\/a><\/p><\/div><\/div>\n<div class=\"col-md-12 col-sm-12 col-xs-12 pt-cv-content-item pt-cv-1-col\" ><div class='pt-cv-ifield'><p class=\"pt-cv-title\"><a href=\"https:\/\/lajes.rn.gov.br\/transparente\/index\/regulamento-n-008-2025-dispoe-sobre-o-regulamento-oficial-da-taca-interbairros-edicao-2025-com-o-objetivo-de-garantir-a-lisura-a-justica-desportiva-a-inclusao-e-a-seguranca-de-todos-os-en\/\" class=\"_self\" target=\"_self\" >REGULAMENTO N\u00b0 008\/2025 &#8211; Disp\u00f5e sobre o Regulamento Oficial da Ta\u00e7a Interbairros &#8211; Edi\u00e7\u00e3o 2025, com o objetivo de garantir a lisura, a justi\u00e7a desportiva, a inclus\u00e3o e a seguran\u00e7a de todos os envolvidos na competi\u00e7\u00e3o.<\/a><\/p><\/div><\/div>\n<div class=\"col-md-12 col-sm-12 col-xs-12 pt-cv-content-item pt-cv-1-col\" ><div class='pt-cv-ifield'><p class=\"pt-cv-title\"><a href=\"https:\/\/lajes.rn.gov.br\/transparente\/index\/regulamento-n-006-2025-dispoe-sobre-o-regulamento-oficial-do-festival-gastronomico-da-xxix-expolajes-com-o-tema-caprinovinocultura-sabor-e-tradicao-do-nosso-sertao-com-o-objetivo-de-prom\/\" class=\"_self\" target=\"_self\" >REGULAMENTO N\u00b0 006\/2025 &#8211; Disp\u00f5e sobre o Regulamento Oficial do Festival Gastron\u00f4mico da XXIX EXPOLAJES com o tema &#8220;Caprinovinocultura: Sabor e Tradi\u00e7\u00e3o do Nosso Sert\u00e3o&#8221;, com o objetivo de promover, valorizar e divulgar a culin\u00e1ria local, garantindo a lisura, a transpar\u00eancia e a participa\u00e7\u00e3o democr\u00e1tica de todos os envolvidos na competi\u00e7\u00e3o.<\/a><\/p><\/div><\/div>\n<div class=\"col-md-12 col-sm-12 col-xs-12 pt-cv-content-item pt-cv-1-col\" ><div class='pt-cv-ifield'><p class=\"pt-cv-title\"><a href=\"https:\/\/lajes.rn.gov.br\/transparente\/index\/regulamento-da-audiencia-publica-para-elaboracao-do-plano-plurianual-ppa-2026-2029\/\" class=\"_self\" target=\"_self\" >REGULAMENTO DA AUDI\u00caNCIA P\u00daBLICA PARA ELABORA\u00c7\u00c3O DO PLANO PLURIANUAL \u2013 PPA 2026\u20132029<\/a><\/p><\/div><\/div>\n<div class=\"col-md-12 col-sm-12 col-xs-12 pt-cv-content-item pt-cv-1-col\" ><div class='pt-cv-ifield'><p class=\"pt-cv-title\"><a href=\"https:\/\/lajes.rn.gov.br\/transparente\/index\/regulamento-do-v-ix-festival-de-quadrilhas-juninas-de-lajes-rn-2025\/\" class=\"_self\" target=\"_self\" >REGULAMENTO DO V IX FESTIVAL DE QUADRILHAS JUNINAS DE LAJES-RN 2025<\/a><\/p><\/div><\/div>\n<div class=\"col-md-12 col-sm-12 col-xs-12 pt-cv-content-item pt-cv-1-col\" ><div class='pt-cv-ifield'><p class=\"pt-cv-title\"><a href=\"https:\/\/lajes.rn.gov.br\/transparente\/index\/regulamento-n-001-2025-dispoe-sobre-o-regulamento-oficial-do-campeonato-municipal-de-blocos-carnavalescos-taca-velhos-folioes-com-o-objetivo-de-garantir-a-lisura-a-justica-desportiva-a\/\" class=\"_self\" target=\"_self\" >REGULAMENTO N\u00b0 001\/2025 &#8211; Disp\u00f5e sobre o Regulamento Oficial do Campeonato Municipal de Blocos Carnavalescos &#8220;Ta\u00e7a Velhos Foli\u00f5es&#8221;, com o objetivo de garantir a lisura, a justi\u00e7a desportiva, a inclus\u00e3o e a seguran\u00e7a de todos os envolvidos na competi\u00e7\u00e3o.<\/a><\/p><\/div><\/div>\n<div class=\"col-md-12 col-sm-12 col-xs-12 pt-cv-content-item pt-cv-1-col\" ><div class='pt-cv-ifield'><p class=\"pt-cv-title\"><a href=\"https:\/\/lajes.rn.gov.br\/transparente\/index\/edital-regulamento-do-8o-festival-de-quadrilhas-juninas-estilizadas-de-lajes-rn-ano-2024\/\" class=\"_self\" target=\"_self\" >EDITAL &#8211; REGULAMENTO DO 8\u00ba FESTIVAL DE QUADRILHAS JUNINAS  ESTILIZADAS DE LAJES-RN, ANO 2024<\/a><\/p><\/div><\/div>\n<div class=\"col-md-12 col-sm-12 col-xs-12 pt-cv-content-item pt-cv-1-col\" ><div class='pt-cv-ifield'><p class=\"pt-cv-title\"><a href=\"https:\/\/lajes.rn.gov.br\/transparente\/index\/regulamento-n-003-2024-semjel\/\" class=\"_self\" target=\"_self\" >REGULAMENTO N\u00b0 003\/2024 &#8211; SEMJEL<\/a><\/p><\/div><\/div>\n<div class=\"col-md-12 col-sm-12 col-xs-12 pt-cv-content-item pt-cv-1-col\" ><div class='pt-cv-ifield'><p class=\"pt-cv-title\"><a href=\"https:\/\/lajes.rn.gov.br\/transparente\/index\/regulamento-n-001-2024-semjel-campeonato-de-blocos-carnavalescos-edicao-2024\/\" class=\"_self\" target=\"_self\" >REGULAMENTO N\u00b0 001\/2024 &#8211; SEMJEL &#8211; CAMPEONATO DE BLOCOS CARNAVALESCOS &#8211; EDI\u00c7\u00c3O 2024<\/a><\/p><\/div><\/div>\n<div class=\"col-md-12 col-sm-12 col-xs-12 pt-cv-content-item pt-cv-1-col\" ><div class='pt-cv-ifield'><p class=\"pt-cv-title\"><a href=\"https:\/\/lajes.rn.gov.br\/transparente\/index\/regulamento-no-002-2023-peso-pesado\/\" class=\"_self\" target=\"_self\" >REGULAMENTO N\u00ba 002\/2023 &#8211; PESO PESADO<\/a><\/p><\/div><\/div>\n<div class=\"col-md-12 col-sm-12 col-xs-12 pt-cv-content-item pt-cv-1-col\" ><div class='pt-cv-ifield'><p class=\"pt-cv-title\"><a href=\"https:\/\/lajes.rn.gov.br\/transparente\/index\/regulamento-no-001-2023-pega-bode\/\" class=\"_self\" target=\"_self\" >REGULAMENTO N\u00ba 001\/2023 &#8211; PEGA BODE<\/a><\/p><\/div><\/div>\n<div class=\"col-md-12 col-sm-12 col-xs-12 pt-cv-content-item pt-cv-1-col\" ><div class='pt-cv-ifield'><p class=\"pt-cv-title\"><a href=\"https:\/\/lajes.rn.gov.br\/transparente\/index\/regulamento-n-002-2023-semjel-campeonato-municipal-de-futebol-amador-categoria-master\/\" class=\"_self\" target=\"_self\" >REGULAMENTO N\u00b0 002\/2023 &#8211; SEMJEL &#8211; CAMPEONATO MUNICIPAL DE FUTEBOL AMADOR CATEGORIA MASTER<\/a><\/p><\/div><\/div><\/div><\/div>\n<div class=\" pt-cv-pagination-wrapper\"><ul class=\"pt-cv-pagination pt-cv-ajax pagination\" data-totalpages=\"2\" data-currentpage=\"1\" data-sid=\"af3f0a8bj5\" data-unid=\"\" data-isblock=\"\" data-postid=\"\"><li class=\"active\"><a href=\"#\">1<\/a><\/li>\n\t<li ><a class=\"\" href=\"https:\/\/lajes.rn.gov.br\/transparente\/index\/wp-json\/wp\/v2\/pages\/24531\/?_page=2\">2<\/a><\/li>\n\t<li ><a class=\" \" href=\"https:\/\/lajes.rn.gov.br\/transparente\/index\/wp-json\/wp\/v2\/pages\/24531\/?_page=2\">&rsaquo;<\/a><\/li>\n\t<\/ul><img decoding=\"async\" width=\"15\" height=\"15\" class=\"pt-cv-spinner\" alt=\"Carregando...;\" src=\"data:image\/gif;base64,R0lGODlhDwAPALMPAMrKygwMDJOTkz09PZWVla+vr3p6euTk5M7OzuXl5TMzMwAAAJmZmWZmZszMzP\/\/\/yH\/C05FVFNDQVBFMi4wAwEAAAAh+QQFCgAPACwAAAAADwAPAAAEQvDJaZaZOIcV8iQK8VRX4iTYoAwZ4iCYoAjZ4RxejhVNoT+mRGP4cyF4Pp0N98sBGIBMEMOotl6YZ3S61Bmbkm4mAgAh+QQFCgAPACwAAAAADQANAAAENPDJSRSZeA418itN8QiK8BiLITVsFiyBBIoYqnoewAD4xPw9iY4XLGYSjkQR4UAUD45DLwIAIfkEBQoADwAsAAAAAA8ACQAABC\/wyVlamTi3nSdgwFNdhEJgTJoNyoB9ISYoQmdjiZPcj7EYCAeCF1gEDo4Dz2eIAAAh+QQFCgAPACwCAAAADQANAAAEM\/DJBxiYeLKdX3IJZT1FU0iIg2RNKx3OkZVnZ98ToRD4MyiDnkAh6BkNC0MvsAj0kMpHBAAh+QQFCgAPACwGAAAACQAPAAAEMDC59KpFDll73HkAA2wVY5KgiK5b0RRoI6MuzG6EQqCDMlSGheEhUAgqgUUAFRySIgAh+QQFCgAPACwCAAIADQANAAAEM\/DJKZNLND\/kkKaHc3xk+QAMYDKsiaqmZCxGVjSFFCxB1vwy2oOgIDxuucxAMTAJFAJNBAAh+QQFCgAPACwAAAYADwAJAAAEMNAs86q1yaWwwv2Ig0jUZx3OYa4XoRAfwADXoAwfo1+CIjyFRuEho60aSNYlOPxEAAAh+QQFCgAPACwAAAIADQANAAAENPA9s4y8+IUVcqaWJ4qEQozSoAzoIyhCK2NFU2SJk0hNnyEOhKR2AzAAj4Pj4GE4W0bkJQIAOw==\" \/><div class=\"clear pt-cv-clear-pagination\"><\/div><\/div><\/div>\n","protected":false},"excerpt":{"rendered":"<p>|\u00a0XML\u2193\u00a0| \u00a0CSV\u2193\u00a0| PDF\u2193\u00a0\u00a0| IMPRIMIR\u2193\u00a0\u00a0| &nbsp;<\/p>\n","protected":false},"author":3,"featured_media":0,"parent":0,"menu_order":0,"comment_status":"closed","ping_status":"closed","template":"","meta":{"ocean_post_layout":"","ocean_both_sidebars_style":"","ocean_both_sidebars_content_width":0,"ocean_both_sidebars_sidebars_width":0,"ocean_sidebar":"0","ocean_second_sidebar":"0","ocean_disable_margins":"enable","ocean_add_body_class":"","ocean_shortcode_before_top_bar":"","ocean_shortcode_after_top_bar":"","ocean_shortcode_before_header":"","ocean_shortcode_after_header":"","ocean_has_shortcode":"","ocean_shortcode_after_title":"","ocean_shortcode_before_footer_widgets":"","ocean_shortcode_after_footer_widgets":"","ocean_shortcode_before_footer_bottom":"","ocean_shortcode_after_footer_bottom":"","ocean_display_top_bar":"default","ocean_display_header":"default","ocean_header_style":"","ocean_center_header_left_menu":"0","ocean_custom_header_template":"0","ocean_custom_logo":0,"ocean_custom_retina_logo":0,"ocean_custom_logo_max_width":0,"ocean_custom_logo_tablet_max_width":0,"ocean_custom_logo_mobile_max_width":0,"ocean_custom_logo_max_height":0,"ocean_custom_logo_tablet_max_height":0,"ocean_custom_logo_mobile_max_height":0,"ocean_header_custom_menu":"0","ocean_menu_typo_font_family":"0","ocean_menu_typo_font_subset":"","ocean_menu_typo_font_size":0,"ocean_menu_typo_font_size_tablet":0,"ocean_menu_typo_font_size_mobile":0,"ocean_menu_typo_font_size_unit":"px","ocean_menu_typo_font_weight":"","ocean_menu_typo_font_weight_tablet":"","ocean_menu_typo_font_weight_mobile":"","ocean_menu_typo_transform":"","ocean_menu_typo_transform_tablet":"","ocean_menu_typo_transform_mobile":"","ocean_menu_typo_line_height":0,"ocean_menu_typo_line_height_tablet":0,"ocean_menu_typo_line_height_mobile":0,"ocean_menu_typo_line_height_unit":"","ocean_menu_typo_spacing":0,"ocean_menu_typo_spacing_tablet":0,"ocean_menu_typo_spacing_mobile":0,"ocean_menu_typo_spacing_unit":"","ocean_menu_link_color":"","ocean_menu_link_color_hover":"","ocean_menu_link_color_active":"","ocean_menu_link_background":"","ocean_menu_link_hover_background":"","ocean_menu_link_active_background":"","ocean_menu_social_links_bg":"","ocean_menu_social_hover_links_bg":"","ocean_menu_social_links_color":"","ocean_menu_social_hover_links_color":"","ocean_disable_title":"default","ocean_disable_heading":"default","ocean_post_title":"","ocean_post_subheading":"","ocean_post_title_style":"","ocean_post_title_background_color":"","ocean_post_title_background":0,"ocean_post_title_bg_image_position":"","ocean_post_title_bg_image_attachment":"","ocean_post_title_bg_image_repeat":"","ocean_post_title_bg_image_size":"","ocean_post_title_height":0,"ocean_post_title_bg_overlay":0.5,"ocean_post_title_bg_overlay_color":"","ocean_disable_breadcrumbs":"default","ocean_breadcrumbs_color":"","ocean_breadcrumbs_separator_color":"","ocean_breadcrumbs_links_color":"","ocean_breadcrumbs_links_hover_color":"","ocean_display_footer_widgets":"default","ocean_display_footer_bottom":"default","ocean_custom_footer_template":"0","footnotes":""},"class_list":["post-24531","page","type-page","status-publish","hentry","entry"],"_links":{"self":[{"href":"https:\/\/lajes.rn.gov.br\/transparente\/index\/wp-json\/wp\/v2\/pages\/24531","targetHints":{"allow":["GET"]}}],"collection":[{"href":"https:\/\/lajes.rn.gov.br\/transparente\/index\/wp-json\/wp\/v2\/pages"}],"about":[{"href":"https:\/\/lajes.rn.gov.br\/transparente\/index\/wp-json\/wp\/v2\/types\/page"}],"author":[{"embeddable":true,"href":"https:\/\/lajes.rn.gov.br\/transparente\/index\/wp-json\/wp\/v2\/users\/3"}],"replies":[{"embeddable":true,"href":"https:\/\/lajes.rn.gov.br\/transparente\/index\/wp-json\/wp\/v2\/comments?post=24531"}],"version-history":[{"count":8,"href":"https:\/\/lajes.rn.gov.br\/transparente\/index\/wp-json\/wp\/v2\/pages\/24531\/revisions"}],"predecessor-version":[{"id":36755,"href":"https:\/\/lajes.rn.gov.br\/transparente\/index\/wp-json\/wp\/v2\/pages\/24531\/revisions\/36755"}],"wp:attachment":[{"href":"https:\/\/lajes.rn.gov.br\/transparente\/index\/wp-json\/wp\/v2\/media?parent=24531"}],"curies":[{"name":"wp","href":"https:\/\/api.w.org\/{rel}","templated":true}]}}